{"id":2424,"date":"2022-12-26T07:10:39","date_gmt":"2022-12-26T07:10:39","guid":{"rendered":"https:\/\/www.vkpakmachine.com\/?page_id=2424"},"modified":"2022-12-26T07:10:39","modified_gmt":"2022-12-26T07:10:39","slug":"quality-control","status":"publish","type":"page","link":"https:\/\/www.vkpakmachine.com\/es\/quality-control\/","title":{"rendered":"Control de calidad"},"content":{"rendered":"<h2><strong>Seguro de calidad<\/strong><\/h2>\n<hr \/>\n<p>1. Garant\u00eda de que el equipo suministrado por nuestra empresa es nuevo, sin uso, utilizando el \u00faltimo dise\u00f1o y material adecuado, y cumple en todos los aspectos con las especificaciones de calidad y rendimiento estipuladas en el contrato.<\/p>\n<p>2, la garant\u00eda de la empresa proporcionada por el equipo despu\u00e9s de su correcta gu\u00eda en todo el sistema funciona 3 d\u00edas despu\u00e9s de la instalaci\u00f3n y depuraci\u00f3n, para lograr los indicadores de rendimiento t\u00e9cnico del producto.<\/p>\n<p>3, nuestra empresa garantiza en el per\u00edodo de garant\u00eda de calidad estipulado en el contrato, el proceso de dise\u00f1o para el suministro de equipos, fabricaci\u00f3n, instalaci\u00f3n, depuraci\u00f3n o defectos de materiales y todo causado por la responsabilidad del vendedor es responsable de cualquier defecto en la l\u00ednea de producci\u00f3n de fallas y da\u00f1os.<\/p>\n<p>4, todo el per\u00edodo de garant\u00eda de calidad de la m\u00e1quina para la l\u00ednea de producci\u00f3n durante 12 meses despu\u00e9s de la aceptaci\u00f3n. Si se encuentra en el per\u00edodo de garant\u00eda de calidad, la calidad de los bienes o las especificaciones y no se ajustan a las disposiciones del contrato, o prueba que los bienes son defectuosos (incluidos posibles defectos o el uso de materiales de calidad inferior, etc.), el El comprador tiene derecho de acuerdo con el certificado de inspecci\u00f3n emitido por el departamento legal de los bienes dentro del per\u00edodo de garant\u00eda de calidad que se presenta el plan de tratamiento del vendedor.<\/p>\n<p>5, La empresa a la calidad del producto sobre las propiedades mec\u00e1nicas del equipo suministrado y garant\u00eda del \u00edndice de consumo del producto.<\/p>\n<h2><strong>Garant\u00eda<\/strong><\/h2>\n<hr \/>\n<p>1, despu\u00e9s de la aceptaci\u00f3n del equipo, proporcione 12 meses de garant\u00eda, el per\u00edodo de garant\u00eda se proporciona de forma gratuita por defectos de piezas y componentes causados por el vendedor y el servicio oportuno y eficaz.<\/p>\n<p>2. Despu\u00e9s de la garant\u00eda, de por vida brindamos un servicio posventa de soporte t\u00e9cnico ampliamente favorable.<br \/>\nServicio posventa: el departamento de servicio posventa de nuestra empresa cuenta con una l\u00ednea telef\u00f3nica de servicio posventa dedicada, nuestro personal es responsable de atender al usuario del tel\u00e9fono, aseg\u00farese de que el usuario en la primera pregunta d\u00e9 una respuesta sincera y entusiasta despu\u00e9s del equipo. Aceptaci\u00f3n del equipo que brindamos con un proceso de servicio de garant\u00eda de 12 meses, realizaremos al menos una inspecci\u00f3n de rutina por parte del personal profesional y t\u00e9cnico y brindaremos el informe de inspecci\u00f3n detallado, para que los usuarios de referencia presenten requisitos claros despu\u00e9s del mantenimiento, nuestra empresa promete : la escena del usuario en el menor tiempo posible enviada al servicio de reparaci\u00f3n.<\/p>","protected":false},"excerpt":{"rendered":"<p>Garant\u00eda de calidad 1. La garant\u00eda de que el equipo suministrado por nuestra empresa es nuevo, no se utiliza, utiliza el \u00faltimo dise\u00f1o y est\u00e1 fabricado con materiales adecuados, y cumple en todos los aspectos con las especificaciones de calidad y rendimiento estipulados en el contrato. 2, la empresa\u2026&nbsp;<a href=\"https:\/\/www.vkpakmachine.com\/es\/quality-control\/\" class=\"more-link\">Leer m\u00e1s<\/a><\/p>","protected":false},"author":1,"featured_media":0,"parent":0,"menu_order":0,"comment_status":"closed","ping_status":"closed","template":"","meta":{"footnotes":""},"yoast_head":"<!-- This site is optimized with the Yoast SEO plugin v22.5 - https:\/\/yoast.com\/wordpress\/plugins\/seo\/ -->\n<title>Quality Control - VKPAK<\/title>\n<meta name=\"robots\" content=\"index, follow, max-snippet:-1, max-image-preview:large, max-video-preview:-1\" \/>\n<link rel=\"canonical\" href=\"https:\/\/www.vkpakmachine.com\/es\/quality-control\/\" \/>\n<script type=\"application\/ld+json\" class=\"yoast-schema-graph\">{\"@context\":\"https:\/\/schema.org\",\"@graph\":[{\"@type\":\"WebPage\",\"@id\":\"https:\/\/www.vkpakmachine.com\/lt\/quality-control\/\",\"url\":\"https:\/\/www.vkpakmachine.com\/lt\/quality-control\/\",\"name\":\"Quality Control - VKPAK\",\"isPartOf\":{\"@id\":\"https:\/\/www.vkpakmachine.com\/lv\/#website\"},\"datePublished\":\"2022-12-26T07:10:39+00:00\",\"dateModified\":\"2022-12-26T07:10:39+00:00\",\"breadcrumb\":{\"@id\":\"https:\/\/www.vkpakmachine.com\/lt\/quality-control\/#breadcrumb\"},\"inLanguage\":\"es\",\"potentialAction\":[{\"@type\":\"ReadAction\",\"target\":[\"https:\/\/www.vkpakmachine.com\/lt\/quality-control\/\"]}]},{\"@type\":\"BreadcrumbList\",\"@id\":\"https:\/\/www.vkpakmachine.com\/lt\/quality-control\/#breadcrumb\",\"itemListElement\":[{\"@type\":\"ListItem\",\"position\":1,\"name\":\"Home\",\"item\":\"https:\/\/www.vkpakmachine.com\/lv\/\"},{\"@type\":\"ListItem\",\"position\":2,\"name\":\"Quality Control\"}]},{\"@type\":\"WebSite\",\"@id\":\"https:\/\/www.vkpakmachine.com\/lv\/#website\",\"url\":\"https:\/\/www.vkpakmachine.com\/lv\/\",\"name\":\"VKPAK\",\"description\":\"\",\"publisher\":{\"@id\":\"https:\/\/www.vkpakmachine.com\/lv\/#organization\"},\"potentialAction\":[{\"@type\":\"SearchAction\",\"target\":{\"@type\":\"EntryPoint\",\"urlTemplate\":\"https:\/\/www.vkpakmachine.com\/lv\/?s={search_term_string}\"},\"query-input\":\"required name=search_term_string\"}],\"inLanguage\":\"es\"},{\"@type\":\"Organization\",\"@id\":\"https:\/\/www.vkpakmachine.com\/lv\/#organization\",\"name\":\"VKPAK\",\"url\":\"https:\/\/www.vkpakmachine.com\/lv\/\",\"logo\":{\"@type\":\"ImageObject\",\"inLanguage\":\"es\",\"@id\":\"https:\/\/www.vkpakmachine.com\/lv\/#\/schema\/logo\/image\/\",\"url\":\"https:\/\/www.vkpakmachine.com\/wp-content\/uploads\/Logo.png\",\"contentUrl\":\"https:\/\/www.vkpakmachine.com\/wp-content\/uploads\/Logo.png\",\"width\":300,\"height\":57,\"caption\":\"VKPAK\"},\"image\":{\"@id\":\"https:\/\/www.vkpakmachine.com\/lv\/#\/schema\/logo\/image\/\"}}]}<\/script>\n<!-- \/ Yoast SEO plugin. -->","yoast_head_json":{"title":"Quality Control - VKPAK","robots":{"index":"index","follow":"follow","max-snippet":"max-snippet:-1","max-image-preview":"max-image-preview:large","max-video-preview":"max-video-preview:-1"},"canonical":"https:\/\/www.vkpakmachine.com\/es\/quality-control\/","schema":{"@context":"https:\/\/schema.org","@graph":[{"@type":"WebPage","@id":"https:\/\/www.vkpakmachine.com\/lt\/quality-control\/","url":"https:\/\/www.vkpakmachine.com\/lt\/quality-control\/","name":"Quality Control - VKPAK","isPartOf":{"@id":"https:\/\/www.vkpakmachine.com\/lv\/#website"},"datePublished":"2022-12-26T07:10:39+00:00","dateModified":"2022-12-26T07:10:39+00:00","breadcrumb":{"@id":"https:\/\/www.vkpakmachine.com\/lt\/quality-control\/#breadcrumb"},"inLanguage":"es","potentialAction":[{"@type":"ReadAction","target":["https:\/\/www.vkpakmachine.com\/lt\/quality-control\/"]}]},{"@type":"BreadcrumbList","@id":"https:\/\/www.vkpakmachine.com\/lt\/quality-control\/#breadcrumb","itemListElement":[{"@type":"ListItem","position":1,"name":"Home","item":"https:\/\/www.vkpakmachine.com\/lv\/"},{"@type":"ListItem","position":2,"name":"Quality Control"}]},{"@type":"WebSite","@id":"https:\/\/www.vkpakmachine.com\/lv\/#website","url":"https:\/\/www.vkpakmachine.com\/lv\/","name":"VKPAK","description":"","publisher":{"@id":"https:\/\/www.vkpakmachine.com\/lv\/#organization"},"potentialAction":[{"@type":"SearchAction","target":{"@type":"EntryPoint","urlTemplate":"https:\/\/www.vkpakmachine.com\/lv\/?s={search_term_string}"},"query-input":"required name=search_term_string"}],"inLanguage":"es"},{"@type":"Organization","@id":"https:\/\/www.vkpakmachine.com\/lv\/#organization","name":"VKPAK","url":"https:\/\/www.vkpakmachine.com\/lv\/","logo":{"@type":"ImageObject","inLanguage":"es","@id":"https:\/\/www.vkpakmachine.com\/lv\/#\/schema\/logo\/image\/","url":"https:\/\/www.vkpakmachine.com\/wp-content\/uploads\/Logo.png","contentUrl":"https:\/\/www.vkpakmachine.com\/wp-content\/uploads\/Logo.png","width":300,"height":57,"caption":"VKPAK"},"image":{"@id":"https:\/\/www.vkpakmachine.com\/lv\/#\/schema\/logo\/image\/"}}]}},"_links":{"self":[{"href":"https:\/\/www.vkpakmachine.com\/es\/wp-json\/wp\/v2\/pages\/2424"}],"collection":[{"href":"https:\/\/www.vkpakmachine.com\/es\/wp-json\/wp\/v2\/pages"}],"about":[{"href":"https:\/\/www.vkpakmachine.com\/es\/wp-json\/wp\/v2\/types\/page"}],"author":[{"embeddable":true,"href":"https:\/\/www.vkpakmachine.com\/es\/wp-json\/wp\/v2\/users\/1"}],"replies":[{"embeddable":true,"href":"https:\/\/www.vkpakmachine.com\/es\/wp-json\/wp\/v2\/comments?post=2424"}],"version-history":[{"count":0,"href":"https:\/\/www.vkpakmachine.com\/es\/wp-json\/wp\/v2\/pages\/2424\/revisions"}],"wp:attachment":[{"href":"https:\/\/www.vkpakmachine.com\/es\/wp-json\/wp\/v2\/media?parent=2424"}],"curies":[{"name":"wp","href":"https:\/\/api.w.org\/{rel}","templated":true}]}}