{"id":2414,"date":"2022-12-26T07:08:38","date_gmt":"2022-12-26T07:08:38","guid":{"rendered":"https:\/\/www.vkpakmachine.com\/?page_id=2414"},"modified":"2022-12-26T07:08:38","modified_gmt":"2022-12-26T07:08:38","slug":"faq","status":"publish","type":"page","link":"https:\/\/www.vkpakmachine.com\/es\/faq\/","title":{"rendered":"Preguntas m\u00e1s frecuentes"},"content":{"rendered":"<p><strong>P: \u00bfEs usted una f\u00e1brica o una empresa comercial?<\/strong><br \/>\nR: Nuestra f\u00e1brica se centra en el dise\u00f1o, fabricaci\u00f3n, montaje, instalaci\u00f3n y depuraci\u00f3n de varios tipos de m\u00e1quinas llenadoras, taponadoras y etiquetadoras desde 2003.<\/p>\n<p><strong>P: \u00bfPuedes enviar un v\u00eddeo que muestre c\u00f3mo funciona tu m\u00e1quina?<\/strong><br \/>\nR: Ciertamente, hemos hecho todos los videos de nuestra m\u00e1quina.<\/p>\n<p><strong>P: \u00bfHacen pruebas antes del env\u00edo?<\/strong><br \/>\nR: Siempre probamos la m\u00e1quina completamente y nos aseguramos de que funcione sin problemas antes del env\u00edo.<\/p>\n<p><strong>P: \u00bfCu\u00e1l es el plazo de pago y las condiciones comerciales?<\/strong><br \/>\nR: Aceptamos pagos por T\/T, Western Union, MoneyGram y Alibaba Trade Assurance.<br \/>\nT\u00e9rmino comercial: EXW,FOB,CIF,CNF.<\/p>\n<p><strong>P: \u00bfCu\u00e1l es el MOQ y la garant\u00eda?<\/strong><br \/>\nR: No hay MOQ, bienvenido a realizar el pedido, prometemos una garant\u00eda de 12 meses.<\/p>\n<p><strong>P: \u00bfQu\u00e9 tipo de paquete para el env\u00edo?<\/strong><br \/>\nR: Utilice la pel\u00edcula el\u00e1stica b\u00e1sica para envolver toda la m\u00e1quina y empaquetarla con una caja de madera exportada, tambi\u00e9n puede hacerlo seg\u00fan sus requisitos.<\/p>\n<p><strong>P: Si la m\u00e1quina ya no cumple el a\u00f1o de garant\u00eda, \u00bfqu\u00e9 podemos hacer si alguna pieza se rompe?<\/strong><br \/>\nR: Ofrecemos servicio de por vida de la m\u00e1quina, si alguna pieza de repuesto se rompe despu\u00e9s de un a\u00f1o, los clientes pueden comprar las piezas de repuesto en el mercado local o comprarlas a proveedores, podemos enviar piezas de repuesto a los clientes en 24 horas. Y todos los componentes de nuestra m\u00e1quina son originales de marcas mundialmente famosas, es f\u00e1cil de encontrar en el local.<\/p>\n<p><strong>P: \u00bfCu\u00e1l es su garant\u00eda?<\/strong><br \/>\nR: Garantizamos las m\u00e1quinas por un a\u00f1o. En el a\u00f1o de garant\u00eda, cualquier pieza de repuesto se rompi\u00f3 debido a un problema de calidad de VKPAK, las piezas de repuesto se suministrar\u00e1n de forma gratuita para los clientes, el cliente deber\u00e1 pagar el costo del flete si el paquete pesa m\u00e1s de 500 gramos. Las piezas de repuesto que se desgastan f\u00e1cilmente no est\u00e1n en los t\u00e9rminos de garant\u00eda, como juntas t\u00f3ricas y correas que se suministrar\u00e1n con la m\u00e1quina durante un a\u00f1o de uso.<\/p>","protected":false},"excerpt":{"rendered":"<p>P: \u00bfEs usted una f\u00e1brica o una empresa comercial? R: Nuestra f\u00e1brica se centra en el dise\u00f1o, fabricaci\u00f3n, ensamblaje, instalaci\u00f3n y depuraci\u00f3n de varios tipos de m\u00e1quinas llenadoras, taponadoras y etiquetadoras desde 2003. P: \u00bfPuede enviar un video que muestre c\u00f3mo su...&nbsp;<a href=\"https:\/\/www.vkpakmachine.com\/es\/faq\/\" class=\"more-link\">Leer m\u00e1s<\/a><\/p>","protected":false},"author":1,"featured_media":0,"parent":0,"menu_order":0,"comment_status":"closed","ping_status":"closed","template":"","meta":{"footnotes":""},"yoast_head":"<!-- This site is optimized with the Yoast SEO plugin v22.5 - https:\/\/yoast.com\/wordpress\/plugins\/seo\/ -->\n<title>FAQ - VKPAK<\/title>\n<meta name=\"robots\" content=\"index, follow, max-snippet:-1, max-image-preview:large, max-video-preview:-1\" \/>\n<link rel=\"canonical\" href=\"https:\/\/www.vkpakmachine.com\/es\/faq\/\" \/>\n<script type=\"application\/ld+json\" class=\"yoast-schema-graph\">{\"@context\":\"https:\/\/schema.org\",\"@graph\":[{\"@type\":\"WebPage\",\"@id\":\"https:\/\/www.vkpakmachine.com\/lv\/faq\/\",\"url\":\"https:\/\/www.vkpakmachine.com\/lv\/faq\/\",\"name\":\"FAQ - VKPAK\",\"isPartOf\":{\"@id\":\"https:\/\/www.vkpakmachine.com\/lv\/#website\"},\"datePublished\":\"2022-12-26T07:08:38+00:00\",\"dateModified\":\"2022-12-26T07:08:38+00:00\",\"breadcrumb\":{\"@id\":\"https:\/\/www.vkpakmachine.com\/lv\/faq\/#breadcrumb\"},\"inLanguage\":\"es\",\"potentialAction\":[{\"@type\":\"ReadAction\",\"target\":[\"https:\/\/www.vkpakmachine.com\/lv\/faq\/\"]}]},{\"@type\":\"BreadcrumbList\",\"@id\":\"https:\/\/www.vkpakmachine.com\/lv\/faq\/#breadcrumb\",\"itemListElement\":[{\"@type\":\"ListItem\",\"position\":1,\"name\":\"Home\",\"item\":\"https:\/\/www.vkpakmachine.com\/lv\/\"},{\"@type\":\"ListItem\",\"position\":2,\"name\":\"FAQ\"}]},{\"@type\":\"WebSite\",\"@id\":\"https:\/\/www.vkpakmachine.com\/lv\/#website\",\"url\":\"https:\/\/www.vkpakmachine.com\/lv\/\",\"name\":\"VKPAK\",\"description\":\"\",\"publisher\":{\"@id\":\"https:\/\/www.vkpakmachine.com\/lv\/#organization\"},\"potentialAction\":[{\"@type\":\"SearchAction\",\"target\":{\"@type\":\"EntryPoint\",\"urlTemplate\":\"https:\/\/www.vkpakmachine.com\/lv\/?s={search_term_string}\"},\"query-input\":\"required name=search_term_string\"}],\"inLanguage\":\"es\"},{\"@type\":\"Organization\",\"@id\":\"https:\/\/www.vkpakmachine.com\/lv\/#organization\",\"name\":\"VKPAK\",\"url\":\"https:\/\/www.vkpakmachine.com\/lv\/\",\"logo\":{\"@type\":\"ImageObject\",\"inLanguage\":\"es\",\"@id\":\"https:\/\/www.vkpakmachine.com\/lv\/#\/schema\/logo\/image\/\",\"url\":\"https:\/\/www.vkpakmachine.com\/wp-content\/uploads\/Logo.png\",\"contentUrl\":\"https:\/\/www.vkpakmachine.com\/wp-content\/uploads\/Logo.png\",\"width\":300,\"height\":57,\"caption\":\"VKPAK\"},\"image\":{\"@id\":\"https:\/\/www.vkpakmachine.com\/lv\/#\/schema\/logo\/image\/\"}}]}<\/script>\n<!-- \/ Yoast SEO plugin. -->","yoast_head_json":{"title":"FAQ - VKPAK","robots":{"index":"index","follow":"follow","max-snippet":"max-snippet:-1","max-image-preview":"max-image-preview:large","max-video-preview":"max-video-preview:-1"},"canonical":"https:\/\/www.vkpakmachine.com\/es\/faq\/","schema":{"@context":"https:\/\/schema.org","@graph":[{"@type":"WebPage","@id":"https:\/\/www.vkpakmachine.com\/lv\/faq\/","url":"https:\/\/www.vkpakmachine.com\/lv\/faq\/","name":"FAQ - VKPAK","isPartOf":{"@id":"https:\/\/www.vkpakmachine.com\/lv\/#website"},"datePublished":"2022-12-26T07:08:38+00:00","dateModified":"2022-12-26T07:08:38+00:00","breadcrumb":{"@id":"https:\/\/www.vkpakmachine.com\/lv\/faq\/#breadcrumb"},"inLanguage":"es","potentialAction":[{"@type":"ReadAction","target":["https:\/\/www.vkpakmachine.com\/lv\/faq\/"]}]},{"@type":"BreadcrumbList","@id":"https:\/\/www.vkpakmachine.com\/lv\/faq\/#breadcrumb","itemListElement":[{"@type":"ListItem","position":1,"name":"Home","item":"https:\/\/www.vkpakmachine.com\/lv\/"},{"@type":"ListItem","position":2,"name":"FAQ"}]},{"@type":"WebSite","@id":"https:\/\/www.vkpakmachine.com\/lv\/#website","url":"https:\/\/www.vkpakmachine.com\/lv\/","name":"VKPAK","description":"","publisher":{"@id":"https:\/\/www.vkpakmachine.com\/lv\/#organization"},"potentialAction":[{"@type":"SearchAction","target":{"@type":"EntryPoint","urlTemplate":"https:\/\/www.vkpakmachine.com\/lv\/?s={search_term_string}"},"query-input":"required name=search_term_string"}],"inLanguage":"es"},{"@type":"Organization","@id":"https:\/\/www.vkpakmachine.com\/lv\/#organization","name":"VKPAK","url":"https:\/\/www.vkpakmachine.com\/lv\/","logo":{"@type":"ImageObject","inLanguage":"es","@id":"https:\/\/www.vkpakmachine.com\/lv\/#\/schema\/logo\/image\/","url":"https:\/\/www.vkpakmachine.com\/wp-content\/uploads\/Logo.png","contentUrl":"https:\/\/www.vkpakmachine.com\/wp-content\/uploads\/Logo.png","width":300,"height":57,"caption":"VKPAK"},"image":{"@id":"https:\/\/www.vkpakmachine.com\/lv\/#\/schema\/logo\/image\/"}}]}},"_links":{"self":[{"href":"https:\/\/www.vkpakmachine.com\/es\/wp-json\/wp\/v2\/pages\/2414"}],"collection":[{"href":"https:\/\/www.vkpakmachine.com\/es\/wp-json\/wp\/v2\/pages"}],"about":[{"href":"https:\/\/www.vkpakmachine.com\/es\/wp-json\/wp\/v2\/types\/page"}],"author":[{"embeddable":true,"href":"https:\/\/www.vkpakmachine.com\/es\/wp-json\/wp\/v2\/users\/1"}],"replies":[{"embeddable":true,"href":"https:\/\/www.vkpakmachine.com\/es\/wp-json\/wp\/v2\/comments?post=2414"}],"version-history":[{"count":0,"href":"https:\/\/www.vkpakmachine.com\/es\/wp-json\/wp\/v2\/pages\/2414\/revisions"}],"wp:attachment":[{"href":"https:\/\/www.vkpakmachine.com\/es\/wp-json\/wp\/v2\/media?parent=2414"}],"curies":[{"name":"wp","href":"https:\/\/api.w.org\/{rel}","templated":true}]}}