{"id":2424,"date":"2022-12-26T07:10:39","date_gmt":"2022-12-26T07:10:39","guid":{"rendered":"https:\/\/www.vkpakmachine.com\/?page_id=2424"},"modified":"2022-12-26T07:10:39","modified_gmt":"2022-12-26T07:10:39","slug":"quality-control","status":"publish","type":"page","link":"https:\/\/www.vkpakmachine.com\/de\/quality-control\/","title":{"rendered":"Qualit\u00e4tskontrolle"},"content":{"rendered":"<h2><strong>Qualit\u00e4tskontrolle<\/strong><\/h2>\n<hr \/>\n<p>1. Garantie: Die von unserem Unternehmen gelieferte Ausr\u00fcstung ist neu und unbenutzt, wurde mit dem neuesten Design und aus geeigneten Materialien hergestellt und erf\u00fcllt in jeder Hinsicht die im Vertrag festgelegten Qualit\u00e4tsspezifikationen und Leistungen.<\/p>\n<p>2. Das Unternehmen garantiert, dass die Ausr\u00fcstung nach der korrekten Anleitung im gesamten Systembetrieb innerhalb von 3 Tagen nach der Installation und Fehlerbehebung die technischen Leistungsindikatoren des Produkts erreicht.<\/p>\n<p>3. Unser Unternehmen garantiert innerhalb der im Vertrag festgelegten Qualit\u00e4tsgarantiefrist, dass es im Konstruktionsprozess der zu liefernden Ausr\u00fcstung zu Fehlern oder Materialfehlern kommt und der Verk\u00e4ufer f\u00fcr alle Fehler und Sch\u00e4den in der Produktionslinie verantwortlich ist, die durch den Fehler verursacht werden.<\/p>\n<p>4. Die Qualit\u00e4tsgarantiezeit f\u00fcr die gesamte Produktionslinie betr\u00e4gt 12 Monate nach Abnahme. Wenn innerhalb der Qualit\u00e4tsgarantiezeit festgestellt wird, dass die Qualit\u00e4t der Ware oder die Spezifikation nicht den Bestimmungen des Vertrags entspricht, oder wenn nachgewiesen wird, dass die Ware M\u00e4ngel aufweist (einschlie\u00dflich m\u00f6glicher M\u00e4ngel oder Verwendung minderwertiger Materialien usw.), hat der K\u00e4ufer Anspruch auf eine Behandlungsregelung, die dem Verk\u00e4ufer innerhalb der Qualit\u00e4tsgarantiezeit gem\u00e4\u00df dem von der Rechtsabteilung der Ware ausgestellten Inspektionszertifikat vorgelegt wird.<\/p>\n<p>5. Die Qualit\u00e4t des Produkts wird vom Unternehmen auf der Grundlage der mechanischen Eigenschaften der gelieferten Ger\u00e4te und der Gew\u00e4hrleistung des Produktverbrauchsindex gew\u00e4hrleistet.<\/p>\n<h2><strong>Garantie<\/strong><\/h2>\n<hr \/>\n<p>1. Nach der Ger\u00e4teabnahme wird eine Garantie von 12 Monaten gew\u00e4hrt. Innerhalb dieser Garantiezeit werden Teile und Komponenten, die durch den Verk\u00e4ufer verursacht wurden, kostenlos entsch\u00e4digt und der rechtzeitige und wirksame Service gew\u00e4hrleistet.<\/p>\n<p>2. Nach Ablauf der Garantie bieten wir lebenslang einen \u00e4u\u00dferst g\u00fcnstigen technischen Kundendienst.<br \/>\nKundendienst: Die Kundendienstabteilung unseres Unternehmens verf\u00fcgt \u00fcber eine eigene Kundendienst-Hotline, an der unsere Mitarbeiter die Anrufe der Benutzer entgegennehmen und sicherstellen, dass sie den Benutzern bei ihren ersten Fragen eine aufrichtige und engagierte Antwort geben. Nach der Ger\u00e4teabnahme bieten wir f\u00fcr die Ger\u00e4te einen 12-monatigen Garantieservice. Wir f\u00fchren mindestens einmal eine Routinepr\u00fcfung durch Fachpersonal und einen detaillierten Pr\u00fcfbericht durch, damit die Benutzer nach der Wartung klare Hinweise zur Hand haben. Unser Unternehmen verspricht: Wir schicken die Benutzer so schnell wie m\u00f6glich zur Reparatur.<\/p>","protected":false},"excerpt":{"rendered":"<p>Qualit\u00e4tssicherung 1. Garantie: Die von unserem Unternehmen gelieferte Ausr\u00fcstung ist neu und unbenutzt, wurde mit dem neuesten Design und aus geeigneten Materialien hergestellt und erf\u00fcllt in jeder Hinsicht die im Vertrag festgelegten Qualit\u00e4tsspezifikationen und Leistungen. 2. Das Unternehmen \u2026&nbsp;<a href=\"https:\/\/www.vkpakmachine.com\/de\/quality-control\/\" class=\"more-link\">Mehr lesen<\/a><\/p>","protected":false},"author":1,"featured_media":0,"parent":0,"menu_order":0,"comment_status":"closed","ping_status":"closed","template":"","meta":{"footnotes":""},"yoast_head":"<!-- This site is optimized with the Yoast SEO plugin v22.5 - https:\/\/yoast.com\/wordpress\/plugins\/seo\/ -->\n<title>Quality Control - VKPAK<\/title>\n<meta name=\"robots\" content=\"index, follow, max-snippet:-1, max-image-preview:large, max-video-preview:-1\" \/>\n<link rel=\"canonical\" href=\"https:\/\/www.vkpakmachine.com\/de\/quality-control\/\" \/>\n<script type=\"application\/ld+json\" class=\"yoast-schema-graph\">{\"@context\":\"https:\/\/schema.org\",\"@graph\":[{\"@type\":\"WebPage\",\"@id\":\"https:\/\/www.vkpakmachine.com\/lt\/quality-control\/\",\"url\":\"https:\/\/www.vkpakmachine.com\/lt\/quality-control\/\",\"name\":\"Quality Control - VKPAK\",\"isPartOf\":{\"@id\":\"https:\/\/www.vkpakmachine.com\/lv\/#website\"},\"datePublished\":\"2022-12-26T07:10:39+00:00\",\"dateModified\":\"2022-12-26T07:10:39+00:00\",\"breadcrumb\":{\"@id\":\"https:\/\/www.vkpakmachine.com\/lt\/quality-control\/#breadcrumb\"},\"inLanguage\":\"de-DE\",\"potentialAction\":[{\"@type\":\"ReadAction\",\"target\":[\"https:\/\/www.vkpakmachine.com\/lt\/quality-control\/\"]}]},{\"@type\":\"BreadcrumbList\",\"@id\":\"https:\/\/www.vkpakmachine.com\/lt\/quality-control\/#breadcrumb\",\"itemListElement\":[{\"@type\":\"ListItem\",\"position\":1,\"name\":\"Home\",\"item\":\"https:\/\/www.vkpakmachine.com\/lv\/\"},{\"@type\":\"ListItem\",\"position\":2,\"name\":\"Quality Control\"}]},{\"@type\":\"WebSite\",\"@id\":\"https:\/\/www.vkpakmachine.com\/lv\/#website\",\"url\":\"https:\/\/www.vkpakmachine.com\/lv\/\",\"name\":\"VKPAK\",\"description\":\"\",\"publisher\":{\"@id\":\"https:\/\/www.vkpakmachine.com\/lv\/#organization\"},\"potentialAction\":[{\"@type\":\"SearchAction\",\"target\":{\"@type\":\"EntryPoint\",\"urlTemplate\":\"https:\/\/www.vkpakmachine.com\/lv\/?s={search_term_string}\"},\"query-input\":\"required name=search_term_string\"}],\"inLanguage\":\"de-DE\"},{\"@type\":\"Organization\",\"@id\":\"https:\/\/www.vkpakmachine.com\/lv\/#organization\",\"name\":\"VKPAK\",\"url\":\"https:\/\/www.vkpakmachine.com\/lv\/\",\"logo\":{\"@type\":\"ImageObject\",\"inLanguage\":\"de-DE\",\"@id\":\"https:\/\/www.vkpakmachine.com\/lv\/#\/schema\/logo\/image\/\",\"url\":\"https:\/\/www.vkpakmachine.com\/wp-content\/uploads\/Logo.png\",\"contentUrl\":\"https:\/\/www.vkpakmachine.com\/wp-content\/uploads\/Logo.png\",\"width\":300,\"height\":57,\"caption\":\"VKPAK\"},\"image\":{\"@id\":\"https:\/\/www.vkpakmachine.com\/lv\/#\/schema\/logo\/image\/\"}}]}<\/script>\n<!-- \/ Yoast SEO plugin. -->","yoast_head_json":{"title":"Quality Control - VKPAK","robots":{"index":"index","follow":"follow","max-snippet":"max-snippet:-1","max-image-preview":"max-image-preview:large","max-video-preview":"max-video-preview:-1"},"canonical":"https:\/\/www.vkpakmachine.com\/de\/quality-control\/","schema":{"@context":"https:\/\/schema.org","@graph":[{"@type":"WebPage","@id":"https:\/\/www.vkpakmachine.com\/lt\/quality-control\/","url":"https:\/\/www.vkpakmachine.com\/lt\/quality-control\/","name":"Quality Control - VKPAK","isPartOf":{"@id":"https:\/\/www.vkpakmachine.com\/lv\/#website"},"datePublished":"2022-12-26T07:10:39+00:00","dateModified":"2022-12-26T07:10:39+00:00","breadcrumb":{"@id":"https:\/\/www.vkpakmachine.com\/lt\/quality-control\/#breadcrumb"},"inLanguage":"de-DE","potentialAction":[{"@type":"ReadAction","target":["https:\/\/www.vkpakmachine.com\/lt\/quality-control\/"]}]},{"@type":"BreadcrumbList","@id":"https:\/\/www.vkpakmachine.com\/lt\/quality-control\/#breadcrumb","itemListElement":[{"@type":"ListItem","position":1,"name":"Home","item":"https:\/\/www.vkpakmachine.com\/lv\/"},{"@type":"ListItem","position":2,"name":"Quality Control"}]},{"@type":"WebSite","@id":"https:\/\/www.vkpakmachine.com\/lv\/#website","url":"https:\/\/www.vkpakmachine.com\/lv\/","name":"VKPAK","description":"","publisher":{"@id":"https:\/\/www.vkpakmachine.com\/lv\/#organization"},"potentialAction":[{"@type":"SearchAction","target":{"@type":"EntryPoint","urlTemplate":"https:\/\/www.vkpakmachine.com\/lv\/?s={search_term_string}"},"query-input":"required name=search_term_string"}],"inLanguage":"de-DE"},{"@type":"Organization","@id":"https:\/\/www.vkpakmachine.com\/lv\/#organization","name":"VKPAK","url":"https:\/\/www.vkpakmachine.com\/lv\/","logo":{"@type":"ImageObject","inLanguage":"de-DE","@id":"https:\/\/www.vkpakmachine.com\/lv\/#\/schema\/logo\/image\/","url":"https:\/\/www.vkpakmachine.com\/wp-content\/uploads\/Logo.png","contentUrl":"https:\/\/www.vkpakmachine.com\/wp-content\/uploads\/Logo.png","width":300,"height":57,"caption":"VKPAK"},"image":{"@id":"https:\/\/www.vkpakmachine.com\/lv\/#\/schema\/logo\/image\/"}}]}},"_links":{"self":[{"href":"https:\/\/www.vkpakmachine.com\/de\/wp-json\/wp\/v2\/pages\/2424"}],"collection":[{"href":"https:\/\/www.vkpakmachine.com\/de\/wp-json\/wp\/v2\/pages"}],"about":[{"href":"https:\/\/www.vkpakmachine.com\/de\/wp-json\/wp\/v2\/types\/page"}],"author":[{"embeddable":true,"href":"https:\/\/www.vkpakmachine.com\/de\/wp-json\/wp\/v2\/users\/1"}],"replies":[{"embeddable":true,"href":"https:\/\/www.vkpakmachine.com\/de\/wp-json\/wp\/v2\/comments?post=2424"}],"version-history":[{"count":0,"href":"https:\/\/www.vkpakmachine.com\/de\/wp-json\/wp\/v2\/pages\/2424\/revisions"}],"wp:attachment":[{"href":"https:\/\/www.vkpakmachine.com\/de\/wp-json\/wp\/v2\/media?parent=2424"}],"curies":[{"name":"wp","href":"https:\/\/api.w.org\/{rel}","templated":true}]}}