{"id":2416,"date":"2022-12-26T07:10:01","date_gmt":"2022-12-26T07:10:01","guid":{"rendered":"https:\/\/www.vkpakmachine.com\/?page_id=2416"},"modified":"2022-12-26T07:10:01","modified_gmt":"2022-12-26T07:10:01","slug":"our-team","status":"publish","type":"page","link":"https:\/\/www.vkpakmachine.com\/de\/our-team\/","title":{"rendered":"Unser Team"},"content":{"rendered":"<p>Unser Team ist ein Ein-Personen-Team, ein Hochleistungsteam und ein unbesiegbares Team. Jeder hat ein gutes Teambewusstsein, die F\u00e4higkeit zur guten Kommunikation und Koordination; sie arbeiten hart, sorgf\u00e4ltig und geduldig, k\u00f6nnen den Druck der Arbeit ertragen, sind mit den Gesch\u00e4ftsprozessen sehr vertraut und wissen, wie man Kunden besser bedient, haben starke F\u00e4higkeiten im praktischen Au\u00dfenhandel, sind flei\u00dfig und widmen sich ihrer Karriere, machen jeden Tag ein bisschen Fortschritte. Sie sind leidenschaftlich, energisch, hilfsbereit, erfahren, gastfreundlich, lustig, ein guter Freund, dem Sie vertrauen k\u00f6nnen. Wenn Sie einmal mit uns Gesch\u00e4fte machen, gibt es nichts, worauf Sie sich nicht verlassen k\u00f6nnen. Die Teammitglieder unseres Unternehmens decken die Bereiche Marktentwicklung (Vertrieb), Technologie, Betrieb, Design, F&amp;E-Versand, Kundendienst usw. ab.<br \/>\n<div class=\"su-custom-gallery su-custom-gallery-title-hover su-lightbox-gallery\"><div class=\"su-custom-gallery-slide\"><a href=\"https:\/\/www.vkpakmachine.com\/wp-content\/uploads\/team01.jpg\" title=\"Unser Team\"><img loading=\"lazy\" decoding=\"async\" src=\"https:\/\/www.vkpakmachine.com\/wp-content\/uploads\/team01-380x250.jpg\" alt=\"Unser Team\" width=\"380\" height=\"250\" \/><span class=\"su-custom-gallery-title\">Unser Team<\/span><\/a><\/div><div class=\"su-custom-gallery-slide\"><a href=\"https:\/\/www.vkpakmachine.com\/wp-content\/uploads\/team02.jpg\" title=\"Unser Team\"><img loading=\"lazy\" decoding=\"async\" src=\"https:\/\/www.vkpakmachine.com\/wp-content\/uploads\/team02-380x250.jpg\" alt=\"Unser Team\" width=\"380\" height=\"250\" \/><span class=\"su-custom-gallery-title\">Unser Team<\/span><\/a><\/div><div class=\"su-custom-gallery-slide\"><a href=\"https:\/\/www.vkpakmachine.com\/wp-content\/uploads\/team03.jpg\" title=\"Unser Team\"><img loading=\"lazy\" decoding=\"async\" src=\"https:\/\/www.vkpakmachine.com\/wp-content\/uploads\/team03-380x250.jpg\" alt=\"Unser Team\" width=\"380\" height=\"250\" \/><span class=\"su-custom-gallery-title\">Unser Team<\/span><\/a><\/div><div class=\"su-custom-gallery-slide\"><a href=\"https:\/\/www.vkpakmachine.com\/wp-content\/uploads\/team04.jpg\" title=\"Unser Team\"><img loading=\"lazy\" decoding=\"async\" src=\"https:\/\/www.vkpakmachine.com\/wp-content\/uploads\/team04-380x250.jpg\" alt=\"Unser Team\" width=\"380\" height=\"250\" \/><span class=\"su-custom-gallery-title\">Unser Team<\/span><\/a><\/div><div class=\"su-custom-gallery-slide\"><a href=\"https:\/\/www.vkpakmachine.com\/wp-content\/uploads\/team05.jpg\" title=\"Unser Team\"><img loading=\"lazy\" decoding=\"async\" src=\"https:\/\/www.vkpakmachine.com\/wp-content\/uploads\/team05-380x250.jpg\" alt=\"Unser Team\" width=\"380\" height=\"250\" \/><span class=\"su-custom-gallery-title\">Unser Team<\/span><\/a><\/div><div class=\"su-custom-gallery-slide\"><a href=\"https:\/\/www.vkpakmachine.com\/wp-content\/uploads\/team06.jpg\" title=\"Unser Team\"><img loading=\"lazy\" decoding=\"async\" src=\"https:\/\/www.vkpakmachine.com\/wp-content\/uploads\/team06-380x250.jpg\" alt=\"Unser Team\" width=\"380\" height=\"250\" \/><span class=\"su-custom-gallery-title\">Unser Team<\/span><\/a><\/div><div class=\"su-clear\"><\/div><\/div>","protected":false},"excerpt":{"rendered":"<p>Unser Team ist ein Ein-Personen-Team, ein Hochleistungsteam und ein unbesiegbares Team. Jeder hat ein ausgepr\u00e4gtes Teambewusstsein, die F\u00e4higkeit zur guten Kommunikation und Koordination; arbeitet hart, gewissenhaft und geduldig und kann den Druck der Arbeit ertragen, mit dem wir sehr vertraut sind \u2026&nbsp;<a href=\"https:\/\/www.vkpakmachine.com\/de\/our-team\/\" class=\"more-link\">Mehr lesen<\/a><\/p>","protected":false},"author":1,"featured_media":0,"parent":0,"menu_order":0,"comment_status":"closed","ping_status":"closed","template":"","meta":{"footnotes":""},"yoast_head":"<!-- This site is optimized with the Yoast SEO plugin v22.5 - https:\/\/yoast.com\/wordpress\/plugins\/seo\/ -->\n<title>Our Team - VKPAK<\/title>\n<meta name=\"robots\" content=\"index, follow, max-snippet:-1, max-image-preview:large, max-video-preview:-1\" \/>\n<link rel=\"canonical\" href=\"https:\/\/www.vkpakmachine.com\/de\/our-team\/\" \/>\n<script type=\"application\/ld+json\" class=\"yoast-schema-graph\">{\"@context\":\"https:\/\/schema.org\",\"@graph\":[{\"@type\":\"WebPage\",\"@id\":\"https:\/\/www.vkpakmachine.com\/lt\/our-team\/\",\"url\":\"https:\/\/www.vkpakmachine.com\/lt\/our-team\/\",\"name\":\"Our Team - VKPAK\",\"isPartOf\":{\"@id\":\"https:\/\/www.vkpakmachine.com\/lv\/#website\"},\"datePublished\":\"2022-12-26T07:10:01+00:00\",\"dateModified\":\"2022-12-26T07:10:01+00:00\",\"breadcrumb\":{\"@id\":\"https:\/\/www.vkpakmachine.com\/lt\/our-team\/#breadcrumb\"},\"inLanguage\":\"de-DE\",\"potentialAction\":[{\"@type\":\"ReadAction\",\"target\":[\"https:\/\/www.vkpakmachine.com\/lt\/our-team\/\"]}]},{\"@type\":\"BreadcrumbList\",\"@id\":\"https:\/\/www.vkpakmachine.com\/lt\/our-team\/#breadcrumb\",\"itemListElement\":[{\"@type\":\"ListItem\",\"position\":1,\"name\":\"Home\",\"item\":\"https:\/\/www.vkpakmachine.com\/lv\/\"},{\"@type\":\"ListItem\",\"position\":2,\"name\":\"Our Team\"}]},{\"@type\":\"WebSite\",\"@id\":\"https:\/\/www.vkpakmachine.com\/lv\/#website\",\"url\":\"https:\/\/www.vkpakmachine.com\/lv\/\",\"name\":\"VKPAK\",\"description\":\"\",\"publisher\":{\"@id\":\"https:\/\/www.vkpakmachine.com\/lv\/#organization\"},\"potentialAction\":[{\"@type\":\"SearchAction\",\"target\":{\"@type\":\"EntryPoint\",\"urlTemplate\":\"https:\/\/www.vkpakmachine.com\/lv\/?s={search_term_string}\"},\"query-input\":\"required name=search_term_string\"}],\"inLanguage\":\"de-DE\"},{\"@type\":\"Organization\",\"@id\":\"https:\/\/www.vkpakmachine.com\/lv\/#organization\",\"name\":\"VKPAK\",\"url\":\"https:\/\/www.vkpakmachine.com\/lv\/\",\"logo\":{\"@type\":\"ImageObject\",\"inLanguage\":\"de-DE\",\"@id\":\"https:\/\/www.vkpakmachine.com\/lv\/#\/schema\/logo\/image\/\",\"url\":\"https:\/\/www.vkpakmachine.com\/wp-content\/uploads\/Logo.png\",\"contentUrl\":\"https:\/\/www.vkpakmachine.com\/wp-content\/uploads\/Logo.png\",\"width\":300,\"height\":57,\"caption\":\"VKPAK\"},\"image\":{\"@id\":\"https:\/\/www.vkpakmachine.com\/lv\/#\/schema\/logo\/image\/\"}}]}<\/script>\n<!-- \/ Yoast SEO plugin. -->","yoast_head_json":{"title":"Our Team - VKPAK","robots":{"index":"index","follow":"follow","max-snippet":"max-snippet:-1","max-image-preview":"max-image-preview:large","max-video-preview":"max-video-preview:-1"},"canonical":"https:\/\/www.vkpakmachine.com\/de\/our-team\/","schema":{"@context":"https:\/\/schema.org","@graph":[{"@type":"WebPage","@id":"https:\/\/www.vkpakmachine.com\/lt\/our-team\/","url":"https:\/\/www.vkpakmachine.com\/lt\/our-team\/","name":"Our Team - VKPAK","isPartOf":{"@id":"https:\/\/www.vkpakmachine.com\/lv\/#website"},"datePublished":"2022-12-26T07:10:01+00:00","dateModified":"2022-12-26T07:10:01+00:00","breadcrumb":{"@id":"https:\/\/www.vkpakmachine.com\/lt\/our-team\/#breadcrumb"},"inLanguage":"de-DE","potentialAction":[{"@type":"ReadAction","target":["https:\/\/www.vkpakmachine.com\/lt\/our-team\/"]}]},{"@type":"BreadcrumbList","@id":"https:\/\/www.vkpakmachine.com\/lt\/our-team\/#breadcrumb","itemListElement":[{"@type":"ListItem","position":1,"name":"Home","item":"https:\/\/www.vkpakmachine.com\/lv\/"},{"@type":"ListItem","position":2,"name":"Our Team"}]},{"@type":"WebSite","@id":"https:\/\/www.vkpakmachine.com\/lv\/#website","url":"https:\/\/www.vkpakmachine.com\/lv\/","name":"VKPAK","description":"","publisher":{"@id":"https:\/\/www.vkpakmachine.com\/lv\/#organization"},"potentialAction":[{"@type":"SearchAction","target":{"@type":"EntryPoint","urlTemplate":"https:\/\/www.vkpakmachine.com\/lv\/?s={search_term_string}"},"query-input":"required name=search_term_string"}],"inLanguage":"de-DE"},{"@type":"Organization","@id":"https:\/\/www.vkpakmachine.com\/lv\/#organization","name":"VKPAK","url":"https:\/\/www.vkpakmachine.com\/lv\/","logo":{"@type":"ImageObject","inLanguage":"de-DE","@id":"https:\/\/www.vkpakmachine.com\/lv\/#\/schema\/logo\/image\/","url":"https:\/\/www.vkpakmachine.com\/wp-content\/uploads\/Logo.png","contentUrl":"https:\/\/www.vkpakmachine.com\/wp-content\/uploads\/Logo.png","width":300,"height":57,"caption":"VKPAK"},"image":{"@id":"https:\/\/www.vkpakmachine.com\/lv\/#\/schema\/logo\/image\/"}}]}},"_links":{"self":[{"href":"https:\/\/www.vkpakmachine.com\/de\/wp-json\/wp\/v2\/pages\/2416"}],"collection":[{"href":"https:\/\/www.vkpakmachine.com\/de\/wp-json\/wp\/v2\/pages"}],"about":[{"href":"https:\/\/www.vkpakmachine.com\/de\/wp-json\/wp\/v2\/types\/page"}],"author":[{"embeddable":true,"href":"https:\/\/www.vkpakmachine.com\/de\/wp-json\/wp\/v2\/users\/1"}],"replies":[{"embeddable":true,"href":"https:\/\/www.vkpakmachine.com\/de\/wp-json\/wp\/v2\/comments?post=2416"}],"version-history":[{"count":0,"href":"https:\/\/www.vkpakmachine.com\/de\/wp-json\/wp\/v2\/pages\/2416\/revisions"}],"wp:attachment":[{"href":"https:\/\/www.vkpakmachine.com\/de\/wp-json\/wp\/v2\/media?parent=2416"}],"curies":[{"name":"wp","href":"https:\/\/api.w.org\/{rel}","templated":true}]}}