{"id":2414,"date":"2022-12-26T07:08:38","date_gmt":"2022-12-26T07:08:38","guid":{"rendered":"https:\/\/www.vkpakmachine.com\/?page_id=2414"},"modified":"2022-12-26T07:08:38","modified_gmt":"2022-12-26T07:08:38","slug":"faq","status":"publish","type":"page","link":"https:\/\/www.vkpakmachine.com\/de\/faq\/","title":{"rendered":"FAQ"},"content":{"rendered":"<p><strong>F: Sind Sie eine Fabrik oder ein Handelsunternehmen?<\/strong><br \/>\nA: Seit 2003 konzentrieren wir uns auf die Entwicklung, Herstellung, Montage, Installation und Fehlerbehebung verschiedener Arten von Abf\u00fcllmaschinen, Verschlussmaschinen und Etikettiermaschinen.<\/p>\n<p><strong>F: K\u00f6nnen Sie ein Video senden, das zeigt, wie Ihre Maschine funktioniert?<\/strong><br \/>\nA: Nat\u00fcrlich, wir haben von allen unseren Maschinen ein Video gemacht.<\/p>\n<p><strong>F: F\u00fchren Sie vor dem Versand Tests durch?<\/strong><br \/>\nA: Wir testen die Maschine immer gr\u00fcndlich und stellen vor dem Versand sicher, dass sie reibungslos funktioniert.<\/p>\n<p><strong>F: Wie sind die Zahlungsbedingungen und Handelsbedingungen?<\/strong><br \/>\nA: Wir akzeptieren Zahlungen per T\/T, Western Union, MoneyGram und Alibaba Trade Assurance.<br \/>\nHandelsbedingungen: EXW, FOB, CIF, CNF.<\/p>\n<p><strong>F: Was ist die Mindestbestellmenge und Garantie?<\/strong><br \/>\nA: Es gibt keine Mindestbestellmenge. Sie k\u00f6nnen gerne bestellen. Wir versprechen eine 12-monatige Garantie.<\/p>\n<p><strong>F: Welche Art von Paket wird f\u00fcr den Versand verwendet?<\/strong><br \/>\nA: Umwickeln Sie die gesamte Maschine mit einer einfachen Stretchfolie und verpacken Sie sie in einer Holzkiste zum Export. Dies kann auch Ihren Anforderungen entsprechen.<\/p>\n<p><strong>F: Wenn die Garantie f\u00fcr die Maschine abgelaufen ist, was k\u00f6nnen wir tun, wenn Teile kaputt sind?<\/strong><br \/>\nA: Wir bieten lebenslangen Service f\u00fcr unsere Maschinen. Wenn nach einem Jahr Ersatzteile kaputt gehen, k\u00f6nnen die Kunden diese auf dem lokalen Markt oder bei Lieferanten kaufen. Wir k\u00f6nnen Ersatzteile innerhalb von 24 Stunden an Kunden versenden. Und alle unsere Maschinenkomponenten sind Originalteile von weltbekannten Marken und vor Ort leicht zu finden.<\/p>\n<p><strong>F: Wie ist Ihre Garantie?<\/strong><br \/>\nA: Wir gew\u00e4hren auf die Maschinen ein Jahr Garantie. W\u00e4hrend des Garantiejahres werden Ersatzteile, die aufgrund von Qualit\u00e4tsproblemen bei VKPAK kaputt gehen, den Kunden kostenlos geliefert. Die Frachtkosten m\u00fcssen vom Kunden \u00fcbernommen werden, wenn das Paket mehr als 500 Gramm wiegt. Die leicht verschlei\u00dfenden Ersatzteile fallen nicht unter die Garantiebedingungen, wie z. B. O-Ringe und Riemen, die mit der Maschine f\u00fcr ein Jahr geliefert werden.<\/p>","protected":false},"excerpt":{"rendered":"<p>F: Sind Sie eine Fabrik oder ein Handelsunternehmen? A: Wir konzentrieren uns seit 2003 auf die Entwicklung, Herstellung, Montage, Installation und Fehlerbehebung verschiedener Arten von Abf\u00fcllmaschinen, Verschlussmaschinen und Etikettiermaschinen. F: K\u00f6nnen Sie ein Video senden, das zeigt, wie Ihre\u2026&nbsp;<a href=\"https:\/\/www.vkpakmachine.com\/de\/faq\/\" class=\"more-link\">Mehr lesen<\/a><\/p>","protected":false},"author":1,"featured_media":0,"parent":0,"menu_order":0,"comment_status":"closed","ping_status":"closed","template":"","meta":{"footnotes":""},"yoast_head":"<!-- This site is optimized with the Yoast SEO plugin v22.5 - https:\/\/yoast.com\/wordpress\/plugins\/seo\/ -->\n<title>FAQ - VKPAK<\/title>\n<meta name=\"robots\" content=\"index, follow, max-snippet:-1, max-image-preview:large, max-video-preview:-1\" \/>\n<link rel=\"canonical\" href=\"https:\/\/www.vkpakmachine.com\/de\/faq\/\" \/>\n<script type=\"application\/ld+json\" class=\"yoast-schema-graph\">{\"@context\":\"https:\/\/schema.org\",\"@graph\":[{\"@type\":\"WebPage\",\"@id\":\"https:\/\/www.vkpakmachine.com\/lv\/faq\/\",\"url\":\"https:\/\/www.vkpakmachine.com\/lv\/faq\/\",\"name\":\"FAQ - VKPAK\",\"isPartOf\":{\"@id\":\"https:\/\/www.vkpakmachine.com\/lv\/#website\"},\"datePublished\":\"2022-12-26T07:08:38+00:00\",\"dateModified\":\"2022-12-26T07:08:38+00:00\",\"breadcrumb\":{\"@id\":\"https:\/\/www.vkpakmachine.com\/lv\/faq\/#breadcrumb\"},\"inLanguage\":\"de-DE\",\"potentialAction\":[{\"@type\":\"ReadAction\",\"target\":[\"https:\/\/www.vkpakmachine.com\/lv\/faq\/\"]}]},{\"@type\":\"BreadcrumbList\",\"@id\":\"https:\/\/www.vkpakmachine.com\/lv\/faq\/#breadcrumb\",\"itemListElement\":[{\"@type\":\"ListItem\",\"position\":1,\"name\":\"Home\",\"item\":\"https:\/\/www.vkpakmachine.com\/lv\/\"},{\"@type\":\"ListItem\",\"position\":2,\"name\":\"FAQ\"}]},{\"@type\":\"WebSite\",\"@id\":\"https:\/\/www.vkpakmachine.com\/lv\/#website\",\"url\":\"https:\/\/www.vkpakmachine.com\/lv\/\",\"name\":\"VKPAK\",\"description\":\"\",\"publisher\":{\"@id\":\"https:\/\/www.vkpakmachine.com\/lv\/#organization\"},\"potentialAction\":[{\"@type\":\"SearchAction\",\"target\":{\"@type\":\"EntryPoint\",\"urlTemplate\":\"https:\/\/www.vkpakmachine.com\/lv\/?s={search_term_string}\"},\"query-input\":\"required name=search_term_string\"}],\"inLanguage\":\"de-DE\"},{\"@type\":\"Organization\",\"@id\":\"https:\/\/www.vkpakmachine.com\/lv\/#organization\",\"name\":\"VKPAK\",\"url\":\"https:\/\/www.vkpakmachine.com\/lv\/\",\"logo\":{\"@type\":\"ImageObject\",\"inLanguage\":\"de-DE\",\"@id\":\"https:\/\/www.vkpakmachine.com\/lv\/#\/schema\/logo\/image\/\",\"url\":\"https:\/\/www.vkpakmachine.com\/wp-content\/uploads\/Logo.png\",\"contentUrl\":\"https:\/\/www.vkpakmachine.com\/wp-content\/uploads\/Logo.png\",\"width\":300,\"height\":57,\"caption\":\"VKPAK\"},\"image\":{\"@id\":\"https:\/\/www.vkpakmachine.com\/lv\/#\/schema\/logo\/image\/\"}}]}<\/script>\n<!-- \/ Yoast SEO plugin. -->","yoast_head_json":{"title":"FAQ - VKPAK","robots":{"index":"index","follow":"follow","max-snippet":"max-snippet:-1","max-image-preview":"max-image-preview:large","max-video-preview":"max-video-preview:-1"},"canonical":"https:\/\/www.vkpakmachine.com\/de\/faq\/","schema":{"@context":"https:\/\/schema.org","@graph":[{"@type":"WebPage","@id":"https:\/\/www.vkpakmachine.com\/lv\/faq\/","url":"https:\/\/www.vkpakmachine.com\/lv\/faq\/","name":"FAQ - VKPAK","isPartOf":{"@id":"https:\/\/www.vkpakmachine.com\/lv\/#website"},"datePublished":"2022-12-26T07:08:38+00:00","dateModified":"2022-12-26T07:08:38+00:00","breadcrumb":{"@id":"https:\/\/www.vkpakmachine.com\/lv\/faq\/#breadcrumb"},"inLanguage":"de-DE","potentialAction":[{"@type":"ReadAction","target":["https:\/\/www.vkpakmachine.com\/lv\/faq\/"]}]},{"@type":"BreadcrumbList","@id":"https:\/\/www.vkpakmachine.com\/lv\/faq\/#breadcrumb","itemListElement":[{"@type":"ListItem","position":1,"name":"Home","item":"https:\/\/www.vkpakmachine.com\/lv\/"},{"@type":"ListItem","position":2,"name":"FAQ"}]},{"@type":"WebSite","@id":"https:\/\/www.vkpakmachine.com\/lv\/#website","url":"https:\/\/www.vkpakmachine.com\/lv\/","name":"VKPAK","description":"","publisher":{"@id":"https:\/\/www.vkpakmachine.com\/lv\/#organization"},"potentialAction":[{"@type":"SearchAction","target":{"@type":"EntryPoint","urlTemplate":"https:\/\/www.vkpakmachine.com\/lv\/?s={search_term_string}"},"query-input":"required name=search_term_string"}],"inLanguage":"de-DE"},{"@type":"Organization","@id":"https:\/\/www.vkpakmachine.com\/lv\/#organization","name":"VKPAK","url":"https:\/\/www.vkpakmachine.com\/lv\/","logo":{"@type":"ImageObject","inLanguage":"de-DE","@id":"https:\/\/www.vkpakmachine.com\/lv\/#\/schema\/logo\/image\/","url":"https:\/\/www.vkpakmachine.com\/wp-content\/uploads\/Logo.png","contentUrl":"https:\/\/www.vkpakmachine.com\/wp-content\/uploads\/Logo.png","width":300,"height":57,"caption":"VKPAK"},"image":{"@id":"https:\/\/www.vkpakmachine.com\/lv\/#\/schema\/logo\/image\/"}}]}},"_links":{"self":[{"href":"https:\/\/www.vkpakmachine.com\/de\/wp-json\/wp\/v2\/pages\/2414"}],"collection":[{"href":"https:\/\/www.vkpakmachine.com\/de\/wp-json\/wp\/v2\/pages"}],"about":[{"href":"https:\/\/www.vkpakmachine.com\/de\/wp-json\/wp\/v2\/types\/page"}],"author":[{"embeddable":true,"href":"https:\/\/www.vkpakmachine.com\/de\/wp-json\/wp\/v2\/users\/1"}],"replies":[{"embeddable":true,"href":"https:\/\/www.vkpakmachine.com\/de\/wp-json\/wp\/v2\/comments?post=2414"}],"version-history":[{"count":0,"href":"https:\/\/www.vkpakmachine.com\/de\/wp-json\/wp\/v2\/pages\/2414\/revisions"}],"wp:attachment":[{"href":"https:\/\/www.vkpakmachine.com\/de\/wp-json\/wp\/v2\/media?parent=2414"}],"curies":[{"name":"wp","href":"https:\/\/api.w.org\/{rel}","templated":true}]}}