{"id":2424,"date":"2022-12-26T07:10:39","date_gmt":"2022-12-26T07:10:39","guid":{"rendered":"https:\/\/www.vkpakmachine.com\/?page_id=2424"},"modified":"2022-12-26T07:10:39","modified_gmt":"2022-12-26T07:10:39","slug":"quality-control","status":"publish","type":"page","link":"https:\/\/www.vkpakmachine.com\/da\/quality-control\/","title":{"rendered":"Kvalitetskontrol"},"content":{"rendered":"<h2><strong>Kvalitetssikring<\/strong><\/h2>\n<hr \/>\n<p>1, Garanti for udstyret leveret af vores virksomhed er et nyt ubrugt ved hj\u00e6lp af det nyeste design og passende materiale fremstillet, og i alle aspekter opfylder de kvalitetsspecifikationer og ydeevne, der er fastsat i kontrakten.<\/p>\n<p>2, virksomhedens garanti leveret af udstyret efter dens korrekte vejledning i hele systemet arbejde 3 dage efter installation og fejlfinding, for at opn\u00e5 produkt tekniske ydeevne indikatorer.<\/p>\n<p>3, Vores virksomhedsgaranti i den kvalitetsgarantiperiode, der er fastsat i kontrakten, er designprocessen for levering af udstyr til fremstilling af installationsfejl eller materialefejl og alt for\u00e5rsaget af s\u00e6lgers ansvar ansvarlig for eventuelle fejl i produktionslinjen af fejl og skader.<\/p>\n<p>4, hele maskinkvalitetsgarantiperioden for produktionslinjen i 12 m\u00e5neder efter accept. Hvis det findes i kvalitetsgarantiperioden, varernes kvalitet eller specifikationen og ikke er i overensstemmelse med bestemmelserne i kontrakten, eller beviser, at varerne er defekte (herunder potentielle defekter eller brug af substandard materialer osv.), k\u00f8ber er berettiget til i henhold til kontrolattest udstedt af den juridiske afdeling af varen inden for den kvalitetsgarantiperiode, s\u00e6lgerbehandlingsordningen er fremlagt.<\/p>\n<p>5, Selskabet til kvaliteten af produktet p\u00e5 de mekaniske egenskaber af det leverede udstyr og garanti for produktforbrug indeks.<\/p>\n<h2><strong>Garanti<\/strong><\/h2>\n<hr \/>\n<p>1, Efter udstyrets accept, yde 12 m\u00e5neders garanti, garantiperioden leveres gratis for dele og komponenter defekter for\u00e5rsaget af s\u00e6lgeren og rettidig og effektiv service.<\/p>\n<p>2, Efter garantien, livslang yde bredt gunstig teknisk support eftersalgsservice.<br \/>\nEftersalgsservice: vores virksomheds eftersalgsserviceafdeling har en dedikeret eftersalgsservice-hotline-servicetelefon, vores personale er ansvarlig for at tage telefonbrugeren op, s\u00f8rge for at brugeren i det f\u00f8rste sp\u00f8rgsm\u00e5l giver entusiasme seri\u00f8st svar efter udstyret accept af det udstyr, vi leverer 12 m\u00e5neders garanti service proces, vi vil give mindst \u00e9n gang af det professionelle og tekniske personale af rutineinspektion, og levere den detaljerede inspektionsrapport, for brugeren reference brugere fremsat klare efter vedligeholdelseskrav, vores virksomhed lover : brugerscenen p\u00e5 kortest mulig tid sendt til reparationsservice.<\/p>","protected":false},"excerpt":{"rendered":"<p>Kvalitetssikring 1, Garanti for udstyret leveret af vores virksomhed er et nyt ubrugt ved hj\u00e6lp af det nyeste design og passende materiale fremstillet, og i alle henseender opfylder de kvalitetsspecifikationer og ydeevne, der er fastsat i kontrakten. 2, virksomheden...&nbsp;<a href=\"https:\/\/www.vkpakmachine.com\/da\/quality-control\/\" class=\"more-link\">L\u00e6s mere<\/a><\/p>","protected":false},"author":1,"featured_media":0,"parent":0,"menu_order":0,"comment_status":"closed","ping_status":"closed","template":"","meta":{"footnotes":""},"yoast_head":"<!-- This site is optimized with the Yoast SEO plugin v22.5 - https:\/\/yoast.com\/wordpress\/plugins\/seo\/ -->\n<title>Quality Control - VKPAK<\/title>\n<meta name=\"robots\" content=\"index, follow, max-snippet:-1, max-image-preview:large, max-video-preview:-1\" \/>\n<link rel=\"canonical\" href=\"https:\/\/www.vkpakmachine.com\/da\/quality-control\/\" \/>\n<script type=\"application\/ld+json\" class=\"yoast-schema-graph\">{\"@context\":\"https:\/\/schema.org\",\"@graph\":[{\"@type\":\"WebPage\",\"@id\":\"https:\/\/www.vkpakmachine.com\/lt\/quality-control\/\",\"url\":\"https:\/\/www.vkpakmachine.com\/lt\/quality-control\/\",\"name\":\"Quality Control - VKPAK\",\"isPartOf\":{\"@id\":\"https:\/\/www.vkpakmachine.com\/lv\/#website\"},\"datePublished\":\"2022-12-26T07:10:39+00:00\",\"dateModified\":\"2022-12-26T07:10:39+00:00\",\"breadcrumb\":{\"@id\":\"https:\/\/www.vkpakmachine.com\/lt\/quality-control\/#breadcrumb\"},\"inLanguage\":\"da-DK\",\"potentialAction\":[{\"@type\":\"ReadAction\",\"target\":[\"https:\/\/www.vkpakmachine.com\/lt\/quality-control\/\"]}]},{\"@type\":\"BreadcrumbList\",\"@id\":\"https:\/\/www.vkpakmachine.com\/lt\/quality-control\/#breadcrumb\",\"itemListElement\":[{\"@type\":\"ListItem\",\"position\":1,\"name\":\"Home\",\"item\":\"https:\/\/www.vkpakmachine.com\/lv\/\"},{\"@type\":\"ListItem\",\"position\":2,\"name\":\"Quality Control\"}]},{\"@type\":\"WebSite\",\"@id\":\"https:\/\/www.vkpakmachine.com\/lv\/#website\",\"url\":\"https:\/\/www.vkpakmachine.com\/lv\/\",\"name\":\"VKPAK\",\"description\":\"\",\"publisher\":{\"@id\":\"https:\/\/www.vkpakmachine.com\/lv\/#organization\"},\"potentialAction\":[{\"@type\":\"SearchAction\",\"target\":{\"@type\":\"EntryPoint\",\"urlTemplate\":\"https:\/\/www.vkpakmachine.com\/lv\/?s={search_term_string}\"},\"query-input\":\"required name=search_term_string\"}],\"inLanguage\":\"da-DK\"},{\"@type\":\"Organization\",\"@id\":\"https:\/\/www.vkpakmachine.com\/lv\/#organization\",\"name\":\"VKPAK\",\"url\":\"https:\/\/www.vkpakmachine.com\/lv\/\",\"logo\":{\"@type\":\"ImageObject\",\"inLanguage\":\"da-DK\",\"@id\":\"https:\/\/www.vkpakmachine.com\/lv\/#\/schema\/logo\/image\/\",\"url\":\"https:\/\/www.vkpakmachine.com\/wp-content\/uploads\/Logo.png\",\"contentUrl\":\"https:\/\/www.vkpakmachine.com\/wp-content\/uploads\/Logo.png\",\"width\":300,\"height\":57,\"caption\":\"VKPAK\"},\"image\":{\"@id\":\"https:\/\/www.vkpakmachine.com\/lv\/#\/schema\/logo\/image\/\"}}]}<\/script>\n<!-- \/ Yoast SEO plugin. -->","yoast_head_json":{"title":"Quality Control - VKPAK","robots":{"index":"index","follow":"follow","max-snippet":"max-snippet:-1","max-image-preview":"max-image-preview:large","max-video-preview":"max-video-preview:-1"},"canonical":"https:\/\/www.vkpakmachine.com\/da\/quality-control\/","schema":{"@context":"https:\/\/schema.org","@graph":[{"@type":"WebPage","@id":"https:\/\/www.vkpakmachine.com\/lt\/quality-control\/","url":"https:\/\/www.vkpakmachine.com\/lt\/quality-control\/","name":"Quality Control - VKPAK","isPartOf":{"@id":"https:\/\/www.vkpakmachine.com\/lv\/#website"},"datePublished":"2022-12-26T07:10:39+00:00","dateModified":"2022-12-26T07:10:39+00:00","breadcrumb":{"@id":"https:\/\/www.vkpakmachine.com\/lt\/quality-control\/#breadcrumb"},"inLanguage":"da-DK","potentialAction":[{"@type":"ReadAction","target":["https:\/\/www.vkpakmachine.com\/lt\/quality-control\/"]}]},{"@type":"BreadcrumbList","@id":"https:\/\/www.vkpakmachine.com\/lt\/quality-control\/#breadcrumb","itemListElement":[{"@type":"ListItem","position":1,"name":"Home","item":"https:\/\/www.vkpakmachine.com\/lv\/"},{"@type":"ListItem","position":2,"name":"Quality Control"}]},{"@type":"WebSite","@id":"https:\/\/www.vkpakmachine.com\/lv\/#website","url":"https:\/\/www.vkpakmachine.com\/lv\/","name":"VKPAK","description":"","publisher":{"@id":"https:\/\/www.vkpakmachine.com\/lv\/#organization"},"potentialAction":[{"@type":"SearchAction","target":{"@type":"EntryPoint","urlTemplate":"https:\/\/www.vkpakmachine.com\/lv\/?s={search_term_string}"},"query-input":"required name=search_term_string"}],"inLanguage":"da-DK"},{"@type":"Organization","@id":"https:\/\/www.vkpakmachine.com\/lv\/#organization","name":"VKPAK","url":"https:\/\/www.vkpakmachine.com\/lv\/","logo":{"@type":"ImageObject","inLanguage":"da-DK","@id":"https:\/\/www.vkpakmachine.com\/lv\/#\/schema\/logo\/image\/","url":"https:\/\/www.vkpakmachine.com\/wp-content\/uploads\/Logo.png","contentUrl":"https:\/\/www.vkpakmachine.com\/wp-content\/uploads\/Logo.png","width":300,"height":57,"caption":"VKPAK"},"image":{"@id":"https:\/\/www.vkpakmachine.com\/lv\/#\/schema\/logo\/image\/"}}]}},"_links":{"self":[{"href":"https:\/\/www.vkpakmachine.com\/da\/wp-json\/wp\/v2\/pages\/2424"}],"collection":[{"href":"https:\/\/www.vkpakmachine.com\/da\/wp-json\/wp\/v2\/pages"}],"about":[{"href":"https:\/\/www.vkpakmachine.com\/da\/wp-json\/wp\/v2\/types\/page"}],"author":[{"embeddable":true,"href":"https:\/\/www.vkpakmachine.com\/da\/wp-json\/wp\/v2\/users\/1"}],"replies":[{"embeddable":true,"href":"https:\/\/www.vkpakmachine.com\/da\/wp-json\/wp\/v2\/comments?post=2424"}],"version-history":[{"count":0,"href":"https:\/\/www.vkpakmachine.com\/da\/wp-json\/wp\/v2\/pages\/2424\/revisions"}],"wp:attachment":[{"href":"https:\/\/www.vkpakmachine.com\/da\/wp-json\/wp\/v2\/media?parent=2424"}],"curies":[{"name":"wp","href":"https:\/\/api.w.org\/{rel}","templated":true}]}}