{"id":2414,"date":"2022-12-26T07:08:38","date_gmt":"2022-12-26T07:08:38","guid":{"rendered":"https:\/\/www.vkpakmachine.com\/?page_id=2414"},"modified":"2022-12-26T07:08:38","modified_gmt":"2022-12-26T07:08:38","slug":"faq","status":"publish","type":"page","link":"https:\/\/www.vkpakmachine.com\/da\/faq\/","title":{"rendered":"FAQ"},"content":{"rendered":"<p><strong>Q: Er du fabrik eller handelsvirksomhed?<\/strong><br \/>\nA: Vi har fabriksfokus p\u00e5 design, fremstilling, montering, installation og fejlretning af forskellige typer p\u00e5fyldningsmaskiner, d\u00e6kmaskiner og etiketmaskiner siden 2003.<\/p>\n<p><strong>Q: Kan du sende en video, der viser, hvordan din maskine fungerer?<\/strong><br \/>\nA: Vi har bestemt lavet alle vores maskinvideoer.<\/p>\n<p><strong>Sp\u00f8rgsm\u00e5l: Tester du f\u00f8r forsendelse?<\/strong><br \/>\nA: Vi tester altid maskinen fuldt ud og sikrer, at den fungerer gnidningsl\u00f8st f\u00f8r forsendelse.<\/p>\n<p><strong>Q: Hvad er betalings- og handelsbetingelserne?<\/strong><br \/>\nA: Vi accepterer T\/T, Western Union, MoneyGram, Alibaba Trade Assurance-betalinger.<br \/>\nHandelsperiode: EXW, FOB, CIF, CNF.<\/p>\n<p><strong>Q: Hvad er MOQ og garanti?<\/strong><br \/>\nA: Der er ingen MOQ, velkommen til at bestille, vi lover 12 m\u00e5neders garanti.<\/p>\n<p><strong>Q: Hvilken slags pakke til forsendelse?<\/strong><br \/>\nA: Brug den grundl\u00e6ggende str\u00e6kfilmsindpakning rundt om hele maskinen og pakket med eksporteret tr\u00e6kasse, kan ogs\u00e5 v\u00e6re i overensstemmelse med dine krav.<\/p>\n<p><strong>Q: Hvis maskinen er uden for garanti\u00e5ret, hvad kan vi g\u00f8re, hvis nogen dele er g\u00e5et i stykker?<\/strong><br \/>\nA: Vi tilbyder maskine hele levetiden service, hvis nogen reservedele blev \u00f8delagt efter et \u00e5r, kan kunderne k\u00f8be reservedelene p\u00e5 det lokale marked eller k\u00f8be fra leverand\u00f8rer, vi kan sende reservedele til kunderne om 24 timer. Og alle vores maskinkomponentdele er originale fra verdensber\u00f8mte m\u00e6rke, det er nemt at finde i det lokale.<\/p>\n<p><strong>Q: Hvad er din garanti?<\/strong><br \/>\nA: Vi garanterer maskinerne et \u00e5r. I garanti\u00e5ret var alle reservedele \u00f8delagt p\u00e5 grund af VKPAK kvalitetsproblem, reservedelene vil blive leveret gratis til kunder, kunden skal betale fragtomkostningerne, hvis pakken vejer mere end 500 gram. De let slidte reservedele er ikke i garantibetingelserne, s\u00e5som O-ringe, b\u00e6lter, som vil blive leveret med maskinen i et \u00e5rs brug.<\/p>","protected":false},"excerpt":{"rendered":"<p>Q: Er du fabrik eller handelsvirksomhed? A: Vi har fabriksfokuseret p\u00e5 at designe, fremstille, samle, installere og fejlfinde forskellige typer p\u00e5fyldningsmaskiner, d\u00e6kmaskiner og etiketteringsmaskiner siden 2003. Sp.: Kan du sende en video, der viser, hvordan din...&nbsp;<a href=\"https:\/\/www.vkpakmachine.com\/da\/faq\/\" class=\"more-link\">L\u00e6s mere<\/a><\/p>","protected":false},"author":1,"featured_media":0,"parent":0,"menu_order":0,"comment_status":"closed","ping_status":"closed","template":"","meta":{"footnotes":""},"yoast_head":"<!-- This site is optimized with the Yoast SEO plugin v22.5 - https:\/\/yoast.com\/wordpress\/plugins\/seo\/ -->\n<title>FAQ - VKPAK<\/title>\n<meta name=\"robots\" content=\"index, follow, max-snippet:-1, max-image-preview:large, max-video-preview:-1\" \/>\n<link rel=\"canonical\" href=\"https:\/\/www.vkpakmachine.com\/da\/faq\/\" \/>\n<script type=\"application\/ld+json\" class=\"yoast-schema-graph\">{\"@context\":\"https:\/\/schema.org\",\"@graph\":[{\"@type\":\"WebPage\",\"@id\":\"https:\/\/www.vkpakmachine.com\/lv\/faq\/\",\"url\":\"https:\/\/www.vkpakmachine.com\/lv\/faq\/\",\"name\":\"FAQ - VKPAK\",\"isPartOf\":{\"@id\":\"https:\/\/www.vkpakmachine.com\/lv\/#website\"},\"datePublished\":\"2022-12-26T07:08:38+00:00\",\"dateModified\":\"2022-12-26T07:08:38+00:00\",\"breadcrumb\":{\"@id\":\"https:\/\/www.vkpakmachine.com\/lv\/faq\/#breadcrumb\"},\"inLanguage\":\"da-DK\",\"potentialAction\":[{\"@type\":\"ReadAction\",\"target\":[\"https:\/\/www.vkpakmachine.com\/lv\/faq\/\"]}]},{\"@type\":\"BreadcrumbList\",\"@id\":\"https:\/\/www.vkpakmachine.com\/lv\/faq\/#breadcrumb\",\"itemListElement\":[{\"@type\":\"ListItem\",\"position\":1,\"name\":\"Home\",\"item\":\"https:\/\/www.vkpakmachine.com\/lv\/\"},{\"@type\":\"ListItem\",\"position\":2,\"name\":\"FAQ\"}]},{\"@type\":\"WebSite\",\"@id\":\"https:\/\/www.vkpakmachine.com\/lv\/#website\",\"url\":\"https:\/\/www.vkpakmachine.com\/lv\/\",\"name\":\"VKPAK\",\"description\":\"\",\"publisher\":{\"@id\":\"https:\/\/www.vkpakmachine.com\/lv\/#organization\"},\"potentialAction\":[{\"@type\":\"SearchAction\",\"target\":{\"@type\":\"EntryPoint\",\"urlTemplate\":\"https:\/\/www.vkpakmachine.com\/lv\/?s={search_term_string}\"},\"query-input\":\"required name=search_term_string\"}],\"inLanguage\":\"da-DK\"},{\"@type\":\"Organization\",\"@id\":\"https:\/\/www.vkpakmachine.com\/lv\/#organization\",\"name\":\"VKPAK\",\"url\":\"https:\/\/www.vkpakmachine.com\/lv\/\",\"logo\":{\"@type\":\"ImageObject\",\"inLanguage\":\"da-DK\",\"@id\":\"https:\/\/www.vkpakmachine.com\/lv\/#\/schema\/logo\/image\/\",\"url\":\"https:\/\/www.vkpakmachine.com\/wp-content\/uploads\/Logo.png\",\"contentUrl\":\"https:\/\/www.vkpakmachine.com\/wp-content\/uploads\/Logo.png\",\"width\":300,\"height\":57,\"caption\":\"VKPAK\"},\"image\":{\"@id\":\"https:\/\/www.vkpakmachine.com\/lv\/#\/schema\/logo\/image\/\"}}]}<\/script>\n<!-- \/ Yoast SEO plugin. -->","yoast_head_json":{"title":"FAQ - VKPAK","robots":{"index":"index","follow":"follow","max-snippet":"max-snippet:-1","max-image-preview":"max-image-preview:large","max-video-preview":"max-video-preview:-1"},"canonical":"https:\/\/www.vkpakmachine.com\/da\/faq\/","schema":{"@context":"https:\/\/schema.org","@graph":[{"@type":"WebPage","@id":"https:\/\/www.vkpakmachine.com\/lv\/faq\/","url":"https:\/\/www.vkpakmachine.com\/lv\/faq\/","name":"FAQ - VKPAK","isPartOf":{"@id":"https:\/\/www.vkpakmachine.com\/lv\/#website"},"datePublished":"2022-12-26T07:08:38+00:00","dateModified":"2022-12-26T07:08:38+00:00","breadcrumb":{"@id":"https:\/\/www.vkpakmachine.com\/lv\/faq\/#breadcrumb"},"inLanguage":"da-DK","potentialAction":[{"@type":"ReadAction","target":["https:\/\/www.vkpakmachine.com\/lv\/faq\/"]}]},{"@type":"BreadcrumbList","@id":"https:\/\/www.vkpakmachine.com\/lv\/faq\/#breadcrumb","itemListElement":[{"@type":"ListItem","position":1,"name":"Home","item":"https:\/\/www.vkpakmachine.com\/lv\/"},{"@type":"ListItem","position":2,"name":"FAQ"}]},{"@type":"WebSite","@id":"https:\/\/www.vkpakmachine.com\/lv\/#website","url":"https:\/\/www.vkpakmachine.com\/lv\/","name":"VKPAK","description":"","publisher":{"@id":"https:\/\/www.vkpakmachine.com\/lv\/#organization"},"potentialAction":[{"@type":"SearchAction","target":{"@type":"EntryPoint","urlTemplate":"https:\/\/www.vkpakmachine.com\/lv\/?s={search_term_string}"},"query-input":"required name=search_term_string"}],"inLanguage":"da-DK"},{"@type":"Organization","@id":"https:\/\/www.vkpakmachine.com\/lv\/#organization","name":"VKPAK","url":"https:\/\/www.vkpakmachine.com\/lv\/","logo":{"@type":"ImageObject","inLanguage":"da-DK","@id":"https:\/\/www.vkpakmachine.com\/lv\/#\/schema\/logo\/image\/","url":"https:\/\/www.vkpakmachine.com\/wp-content\/uploads\/Logo.png","contentUrl":"https:\/\/www.vkpakmachine.com\/wp-content\/uploads\/Logo.png","width":300,"height":57,"caption":"VKPAK"},"image":{"@id":"https:\/\/www.vkpakmachine.com\/lv\/#\/schema\/logo\/image\/"}}]}},"_links":{"self":[{"href":"https:\/\/www.vkpakmachine.com\/da\/wp-json\/wp\/v2\/pages\/2414"}],"collection":[{"href":"https:\/\/www.vkpakmachine.com\/da\/wp-json\/wp\/v2\/pages"}],"about":[{"href":"https:\/\/www.vkpakmachine.com\/da\/wp-json\/wp\/v2\/types\/page"}],"author":[{"embeddable":true,"href":"https:\/\/www.vkpakmachine.com\/da\/wp-json\/wp\/v2\/users\/1"}],"replies":[{"embeddable":true,"href":"https:\/\/www.vkpakmachine.com\/da\/wp-json\/wp\/v2\/comments?post=2414"}],"version-history":[{"count":0,"href":"https:\/\/www.vkpakmachine.com\/da\/wp-json\/wp\/v2\/pages\/2414\/revisions"}],"wp:attachment":[{"href":"https:\/\/www.vkpakmachine.com\/da\/wp-json\/wp\/v2\/media?parent=2414"}],"curies":[{"name":"wp","href":"https:\/\/api.w.org\/{rel}","templated":true}]}}