{"id":2424,"date":"2022-12-26T07:10:39","date_gmt":"2022-12-26T07:10:39","guid":{"rendered":"https:\/\/www.vkpakmachine.com\/?page_id=2424"},"modified":"2022-12-26T07:10:39","modified_gmt":"2022-12-26T07:10:39","slug":"quality-control","status":"publish","type":"page","link":"https:\/\/www.vkpakmachine.com\/cs\/quality-control\/","title":{"rendered":"Kontrola kvality"},"content":{"rendered":"<h2><strong>Zaji\u0161t\u011bn\u00ed kvality<\/strong><\/h2>\n<hr \/>\n<p>1, Z\u00e1ruka na za\u0159\u00edzen\u00ed dodan\u00e9 na\u0161\u00ed spole\u010dnost\u00ed je nov\u00e9 nepou\u017eit\u00e9 s pou\u017eit\u00edm nejnov\u011bj\u0161\u00ed konstrukce a vhodn\u00e9ho materi\u00e1lu a ve v\u0161ech ohledech odpov\u00edd\u00e1 specifikaci kvality a v\u00fdkonu stanoven\u00e9mu ve smlouv\u011b.<\/p>\n<p>2, Z\u00e1ruka spole\u010dnosti poskytovan\u00e1 za\u0159\u00edzen\u00edm po jeho spr\u00e1vn\u00e9m veden\u00ed v cel\u00e9 pr\u00e1ci syst\u00e9mu 3 dny po instalaci a odlad\u011bn\u00ed, aby bylo dosa\u017eeno ukazatel\u016f technick\u00e9 v\u00fdkonnosti produktu.<\/p>\n<p>3, Na\u0161e spole\u010dnost garantuje v z\u00e1ru\u010dn\u00ed dob\u011b za jakost stanoven\u00e9 ve smlouv\u011b, proces n\u00e1vrhu dod\u00e1vky za\u0159\u00edzen\u00ed pro v\u00fdrobu instalace lad\u011bn\u00ed nebo vady materi\u00e1lu a v\u0161e zp\u016fsoben\u00e9 odpov\u011bdnost\u00ed prod\u00e1vaj\u00edc\u00edho je odpov\u011bdn\u00e9 za jak\u00e9koli vady na v\u00fdrobn\u00ed lince vady a po\u0161kozen\u00ed.<\/p>\n<p>4, Z\u00e1ru\u010dn\u00ed doba cel\u00e9ho stroje na v\u00fdrobn\u00ed linku po dobu 12 m\u011bs\u00edc\u016f po p\u0159ijet\u00ed. Pokud bude v z\u00e1ru\u010dn\u00ed dob\u011b zji\u0161t\u011bna jakost zbo\u017e\u00ed nebo specifikace a nebude v souladu s ustanoven\u00edmi smlouvy nebo se prok\u00e1\u017ee, \u017ee zbo\u017e\u00ed m\u00e1 vady (v\u010detn\u011b p\u0159\u00edpadn\u00fdch vad nebo pou\u017eit\u00ed nekvalitn\u00edch materi\u00e1l\u016f apod.), kupuj\u00edc\u00ed m\u00e1 n\u00e1rok na podle kontroln\u00edho certifik\u00e1tu vydan\u00e9ho pr\u00e1vn\u00edm odd\u011blen\u00edm zbo\u017e\u00ed v z\u00e1ru\u010dn\u00ed dob\u011b za jakost prod\u00e1vaj\u00edc\u00edmu p\u0159edlo\u017een\u00fd re\u017eim zach\u00e1zen\u00ed.<\/p>\n<p>5, Spole\u010dnost na kvalitu v\u00fdrobku na mechanick\u00e9 vlastnosti dod\u00e1van\u00e9ho za\u0159\u00edzen\u00ed a z\u00e1ruku indexu spot\u0159eby v\u00fdrobku.<\/p>\n<h2><strong>Z\u00e1ruka<\/strong><\/h2>\n<hr \/>\n<p>1, Po p\u0159evzet\u00ed za\u0159\u00edzen\u00ed poskytn\u011bte z\u00e1ruku 12 m\u011bs\u00edc\u016f, z\u00e1ru\u010dn\u00ed dobu poskytnutou zdarma na vady d\u00edl\u016f a komponent\u016f zp\u016fsoben\u00e9 prod\u00e1vaj\u00edc\u00edm a v\u010dasnou a \u00fa\u010dinnou slu\u017ebu.<\/p>\n<p>2, po z\u00e1ruce poskytujeme celo\u017eivotn\u00ed \u0161iroce p\u0159\u00edznivou technickou podporu poprodejn\u00edho servisu.<br \/>\nPoprodejn\u00ed servis: Na\u0161e odd\u011blen\u00ed poprodejn\u00edho servisu spole\u010dnosti m\u00e1 vyhrazen\u00fd servisn\u00ed telefon na horkou linku poprodejn\u00edch slu\u017eeb, n\u00e1\u0161 person\u00e1l je zodpov\u011bdn\u00fd za vyzvednut\u00ed u\u017eivatele telefonu, zajist\u00ed u\u017eivateli v prvn\u00ed ot\u00e1zce, aby po vybaven\u00ed poskytl nad\u0161en\u00ed seri\u00f3zn\u00ed odpov\u011b\u010f p\u0159ijet\u00ed za\u0159\u00edzen\u00ed poskytujeme 12m\u011bs\u00ed\u010dn\u00ed z\u00e1ru\u010dn\u00ed servis, poskytneme alespo\u0148 jednou profesion\u00e1ln\u00edm a technick\u00fdm pracovn\u00edk\u016fm rutinn\u00ed kontrolu a poskytneme podrobnou inspek\u010dn\u00ed zpr\u00e1vu, pro u\u017eivatele referen\u010dn\u00edch u\u017eivatel\u016f p\u0159edlo\u017een\u00fdch jasn\u011b po po\u017eadavc\u00edch na \u00fadr\u017ebu, na\u0161e spole\u010dnost slibuje : u\u017eivatelsk\u00e1 sc\u00e9na v co nejkrat\u0161\u00edm \u010dase odesl\u00e1na k oprav\u011b.<\/p>","protected":false},"excerpt":{"rendered":"<p>Zaji\u0161t\u011bn\u00ed kvality 1, Z\u00e1ruka na za\u0159\u00edzen\u00ed dodan\u00e9 na\u0161\u00ed spole\u010dnost\u00ed je nov\u00e9 nepou\u017eit\u00e9 s pou\u017eit\u00edm nejnov\u011bj\u0161\u00ed konstrukce a vhodn\u00e9ho materi\u00e1lu a ve v\u0161ech ohledech odpov\u00edd\u00e1 specifikaci kvality a v\u00fdkonu stanoven\u00e9mu ve smlouv\u011b. 2, Spole\u010dnost\u2026&nbsp;<a href=\"https:\/\/www.vkpakmachine.com\/cs\/quality-control\/\" class=\"more-link\">P\u0159e\u010dt\u011bte si v\u00edce<\/a><\/p>","protected":false},"author":1,"featured_media":0,"parent":0,"menu_order":0,"comment_status":"closed","ping_status":"closed","template":"","meta":{"footnotes":""},"yoast_head":"<!-- This site is optimized with the Yoast SEO plugin v22.5 - https:\/\/yoast.com\/wordpress\/plugins\/seo\/ -->\n<title>Quality Control - VKPAK<\/title>\n<meta name=\"robots\" content=\"index, follow, max-snippet:-1, max-image-preview:large, max-video-preview:-1\" \/>\n<link rel=\"canonical\" href=\"https:\/\/www.vkpakmachine.com\/cs\/quality-control\/\" \/>\n<script type=\"application\/ld+json\" class=\"yoast-schema-graph\">{\"@context\":\"https:\/\/schema.org\",\"@graph\":[{\"@type\":\"WebPage\",\"@id\":\"https:\/\/www.vkpakmachine.com\/lt\/quality-control\/\",\"url\":\"https:\/\/www.vkpakmachine.com\/lt\/quality-control\/\",\"name\":\"Quality Control - VKPAK\",\"isPartOf\":{\"@id\":\"https:\/\/www.vkpakmachine.com\/lv\/#website\"},\"datePublished\":\"2022-12-26T07:10:39+00:00\",\"dateModified\":\"2022-12-26T07:10:39+00:00\",\"breadcrumb\":{\"@id\":\"https:\/\/www.vkpakmachine.com\/lt\/quality-control\/#breadcrumb\"},\"inLanguage\":\"cs\",\"potentialAction\":[{\"@type\":\"ReadAction\",\"target\":[\"https:\/\/www.vkpakmachine.com\/lt\/quality-control\/\"]}]},{\"@type\":\"BreadcrumbList\",\"@id\":\"https:\/\/www.vkpakmachine.com\/lt\/quality-control\/#breadcrumb\",\"itemListElement\":[{\"@type\":\"ListItem\",\"position\":1,\"name\":\"Home\",\"item\":\"https:\/\/www.vkpakmachine.com\/lv\/\"},{\"@type\":\"ListItem\",\"position\":2,\"name\":\"Quality Control\"}]},{\"@type\":\"WebSite\",\"@id\":\"https:\/\/www.vkpakmachine.com\/lv\/#website\",\"url\":\"https:\/\/www.vkpakmachine.com\/lv\/\",\"name\":\"VKPAK\",\"description\":\"\",\"publisher\":{\"@id\":\"https:\/\/www.vkpakmachine.com\/lv\/#organization\"},\"potentialAction\":[{\"@type\":\"SearchAction\",\"target\":{\"@type\":\"EntryPoint\",\"urlTemplate\":\"https:\/\/www.vkpakmachine.com\/lv\/?s={search_term_string}\"},\"query-input\":\"required name=search_term_string\"}],\"inLanguage\":\"cs\"},{\"@type\":\"Organization\",\"@id\":\"https:\/\/www.vkpakmachine.com\/lv\/#organization\",\"name\":\"VKPAK\",\"url\":\"https:\/\/www.vkpakmachine.com\/lv\/\",\"logo\":{\"@type\":\"ImageObject\",\"inLanguage\":\"cs\",\"@id\":\"https:\/\/www.vkpakmachine.com\/lv\/#\/schema\/logo\/image\/\",\"url\":\"https:\/\/www.vkpakmachine.com\/wp-content\/uploads\/Logo.png\",\"contentUrl\":\"https:\/\/www.vkpakmachine.com\/wp-content\/uploads\/Logo.png\",\"width\":300,\"height\":57,\"caption\":\"VKPAK\"},\"image\":{\"@id\":\"https:\/\/www.vkpakmachine.com\/lv\/#\/schema\/logo\/image\/\"}}]}<\/script>\n<!-- \/ Yoast SEO plugin. -->","yoast_head_json":{"title":"Quality Control - VKPAK","robots":{"index":"index","follow":"follow","max-snippet":"max-snippet:-1","max-image-preview":"max-image-preview:large","max-video-preview":"max-video-preview:-1"},"canonical":"https:\/\/www.vkpakmachine.com\/cs\/quality-control\/","schema":{"@context":"https:\/\/schema.org","@graph":[{"@type":"WebPage","@id":"https:\/\/www.vkpakmachine.com\/lt\/quality-control\/","url":"https:\/\/www.vkpakmachine.com\/lt\/quality-control\/","name":"Quality Control - VKPAK","isPartOf":{"@id":"https:\/\/www.vkpakmachine.com\/lv\/#website"},"datePublished":"2022-12-26T07:10:39+00:00","dateModified":"2022-12-26T07:10:39+00:00","breadcrumb":{"@id":"https:\/\/www.vkpakmachine.com\/lt\/quality-control\/#breadcrumb"},"inLanguage":"cs","potentialAction":[{"@type":"ReadAction","target":["https:\/\/www.vkpakmachine.com\/lt\/quality-control\/"]}]},{"@type":"BreadcrumbList","@id":"https:\/\/www.vkpakmachine.com\/lt\/quality-control\/#breadcrumb","itemListElement":[{"@type":"ListItem","position":1,"name":"Home","item":"https:\/\/www.vkpakmachine.com\/lv\/"},{"@type":"ListItem","position":2,"name":"Quality Control"}]},{"@type":"WebSite","@id":"https:\/\/www.vkpakmachine.com\/lv\/#website","url":"https:\/\/www.vkpakmachine.com\/lv\/","name":"VKPAK","description":"","publisher":{"@id":"https:\/\/www.vkpakmachine.com\/lv\/#organization"},"potentialAction":[{"@type":"SearchAction","target":{"@type":"EntryPoint","urlTemplate":"https:\/\/www.vkpakmachine.com\/lv\/?s={search_term_string}"},"query-input":"required name=search_term_string"}],"inLanguage":"cs"},{"@type":"Organization","@id":"https:\/\/www.vkpakmachine.com\/lv\/#organization","name":"VKPAK","url":"https:\/\/www.vkpakmachine.com\/lv\/","logo":{"@type":"ImageObject","inLanguage":"cs","@id":"https:\/\/www.vkpakmachine.com\/lv\/#\/schema\/logo\/image\/","url":"https:\/\/www.vkpakmachine.com\/wp-content\/uploads\/Logo.png","contentUrl":"https:\/\/www.vkpakmachine.com\/wp-content\/uploads\/Logo.png","width":300,"height":57,"caption":"VKPAK"},"image":{"@id":"https:\/\/www.vkpakmachine.com\/lv\/#\/schema\/logo\/image\/"}}]}},"_links":{"self":[{"href":"https:\/\/www.vkpakmachine.com\/cs\/wp-json\/wp\/v2\/pages\/2424"}],"collection":[{"href":"https:\/\/www.vkpakmachine.com\/cs\/wp-json\/wp\/v2\/pages"}],"about":[{"href":"https:\/\/www.vkpakmachine.com\/cs\/wp-json\/wp\/v2\/types\/page"}],"author":[{"embeddable":true,"href":"https:\/\/www.vkpakmachine.com\/cs\/wp-json\/wp\/v2\/users\/1"}],"replies":[{"embeddable":true,"href":"https:\/\/www.vkpakmachine.com\/cs\/wp-json\/wp\/v2\/comments?post=2424"}],"version-history":[{"count":0,"href":"https:\/\/www.vkpakmachine.com\/cs\/wp-json\/wp\/v2\/pages\/2424\/revisions"}],"wp:attachment":[{"href":"https:\/\/www.vkpakmachine.com\/cs\/wp-json\/wp\/v2\/media?parent=2424"}],"curies":[{"name":"wp","href":"https:\/\/api.w.org\/{rel}","templated":true}]}}