{"id":2385,"date":"2022-12-26T07:00:59","date_gmt":"2022-12-26T07:00:59","guid":{"rendered":"https:\/\/www.vkpakmachine.com\/?page_id=2385"},"modified":"2025-03-06T11:54:11","modified_gmt":"2025-03-06T11:54:11","slug":"customers","status":"publish","type":"page","link":"https:\/\/www.vkpakmachine.com\/cs\/customers\/","title":{"rendered":"Z\u00e1kazn\u00edci"},"content":{"rendered":"<p>Na\u0161e v\u00fdrobky jsou vyv\u00e1\u017eeny do mnoha zem\u00ed a oblast\u00ed, jako je Korea, P\u00e1kist\u00e1n, Thajsko, Japonsko, D\u00e1nsko, Rusko, Ji\u017en\u00ed Afrika, Nig\u00e9rie, USA, Austr\u00e1lie, Kanada a tak d\u00e1le. Po\u010det z\u00e1kazn\u00edk\u016f je a\u017e 1000.<br \/>\n<div class=\"su-custom-gallery su-custom-gallery-title-always su-lightbox-gallery\"><div class=\"su-custom-gallery-slide\"><a href=\"https:\/\/www.vkpakmachine.com\/wp-content\/uploads\/Australian-Customers.jpg\" target=\"_blank\" title=\"Austral\u0161t\u00ed z\u00e1kazn\u00edci\"><img loading=\"lazy\" decoding=\"async\" src=\"https:\/\/www.vkpakmachine.com\/wp-content\/uploads\/Australian-Customers-380x290.jpg\" alt=\"Austral\u0161t\u00ed z\u00e1kazn\u00edci\" width=\"380\" height=\"290\" \/><span class=\"su-custom-gallery-title\">Austral\u0161t\u00ed z\u00e1kazn\u00edci<\/span><\/a><\/div><div class=\"su-custom-gallery-slide\"><a href=\"https:\/\/www.vkpakmachine.com\/wp-content\/uploads\/India-Customers-2.jpg\" target=\"_blank\" title=\"Z\u00e1kazn\u00edci z Indie\"><img loading=\"lazy\" decoding=\"async\" src=\"https:\/\/www.vkpakmachine.com\/wp-content\/uploads\/India-Customers-2-380x290.jpg\" alt=\"Z\u00e1kazn\u00edci z Indie\" width=\"380\" height=\"290\" \/><span class=\"su-custom-gallery-title\">Z\u00e1kazn\u00edci z Indie<\/span><\/a><\/div><div class=\"su-custom-gallery-slide\"><a href=\"https:\/\/www.vkpakmachine.com\/wp-content\/uploads\/Mexican-Customers.jpg\" target=\"_blank\" title=\"Mexi\u010dt\u00ed z\u00e1kazn\u00edci\"><img loading=\"lazy\" decoding=\"async\" src=\"https:\/\/www.vkpakmachine.com\/wp-content\/uploads\/Mexican-Customers-380x290.jpg\" alt=\"Mexi\u010dt\u00ed z\u00e1kazn\u00edci\" width=\"380\" height=\"290\" \/><span class=\"su-custom-gallery-title\">Mexi\u010dt\u00ed z\u00e1kazn\u00edci<\/span><\/a><\/div><div class=\"su-custom-gallery-slide\"><a href=\"https:\/\/www.vkpakmachine.com\/wp-content\/uploads\/Hong-Kong-China-Customers-2.jpg\" target=\"_blank\" title=\"Z\u00e1kazn\u00edci z Hongkongu, \u010c\u00edna\"><img loading=\"lazy\" decoding=\"async\" src=\"https:\/\/www.vkpakmachine.com\/wp-content\/uploads\/Hong-Kong-China-Customers-2-380x290.jpg\" alt=\"Z\u00e1kazn\u00edci z Hongkongu, \u010c\u00edna\" width=\"380\" height=\"290\" \/><span class=\"su-custom-gallery-title\">Z\u00e1kazn\u00edci z Hongkongu, \u010c\u00edna<\/span><\/a><\/div><div class=\"su-custom-gallery-slide\"><a href=\"https:\/\/www.vkpakmachine.com\/wp-content\/uploads\/USA-Customers-2.jpg\" target=\"_blank\" title=\"Z\u00e1kazn\u00edci z USA\"><img loading=\"lazy\" decoding=\"async\" src=\"https:\/\/www.vkpakmachine.com\/wp-content\/uploads\/USA-Customers-2-380x290.jpg\" alt=\"Z\u00e1kazn\u00edci z USA\" width=\"380\" height=\"290\" \/><span class=\"su-custom-gallery-title\">Z\u00e1kazn\u00edci z USA<\/span><\/a><\/div><div class=\"su-custom-gallery-slide\"><a href=\"https:\/\/www.vkpakmachine.com\/wp-content\/uploads\/UK-Customers-2.jpg\" target=\"_blank\" title=\"Z\u00e1kazn\u00edci ve Spojen\u00e9m kr\u00e1lovstv\u00ed\"><img loading=\"lazy\" decoding=\"async\" src=\"https:\/\/www.vkpakmachine.com\/wp-content\/uploads\/UK-Customers-2-380x290.jpg\" alt=\"Z\u00e1kazn\u00edci ve Spojen\u00e9m kr\u00e1lovstv\u00ed\" width=\"380\" height=\"290\" \/><span class=\"su-custom-gallery-title\">Z\u00e1kazn\u00edci ve Spojen\u00e9m kr\u00e1lovstv\u00ed<\/span><\/a><\/div><div class=\"su-custom-gallery-slide\"><a href=\"https:\/\/www.vkpakmachine.com\/wp-content\/uploads\/Iranian-Customers.jpg\" target=\"_blank\" title=\"\u00cdr\u00e1n\u0161t\u00ed z\u00e1kazn\u00edci\"><img loading=\"lazy\" decoding=\"async\" src=\"https:\/\/www.vkpakmachine.com\/wp-content\/uploads\/Iranian-Customers-380x290.jpg\" alt=\"\u00cdr\u00e1n\u0161t\u00ed z\u00e1kazn\u00edci\" width=\"380\" height=\"290\" \/><span class=\"su-custom-gallery-title\">\u00cdr\u00e1n\u0161t\u00ed z\u00e1kazn\u00edci<\/span><\/a><\/div><div class=\"su-custom-gallery-slide\"><a href=\"https:\/\/www.vkpakmachine.com\/wp-content\/uploads\/USA-Customers.jpg\" target=\"_blank\" title=\"Z\u00e1kazn\u00edci z USA\"><img loading=\"lazy\" decoding=\"async\" src=\"https:\/\/www.vkpakmachine.com\/wp-content\/uploads\/USA-Customers-380x290.jpg\" alt=\"Z\u00e1kazn\u00edci z USA\" width=\"380\" height=\"290\" \/><span class=\"su-custom-gallery-title\">Z\u00e1kazn\u00edci z USA<\/span><\/a><\/div><div class=\"su-custom-gallery-slide\"><a href=\"https:\/\/www.vkpakmachine.com\/wp-content\/uploads\/UK-Customers.jpg\" target=\"_blank\" title=\"Z\u00e1kazn\u00edci ve Spojen\u00e9m kr\u00e1lovstv\u00ed\"><img loading=\"lazy\" decoding=\"async\" src=\"https:\/\/www.vkpakmachine.com\/wp-content\/uploads\/UK-Customers-380x290.jpg\" alt=\"Z\u00e1kazn\u00edci ve Spojen\u00e9m kr\u00e1lovstv\u00ed\" width=\"380\" height=\"290\" \/><span class=\"su-custom-gallery-title\">Z\u00e1kazn\u00edci ve Spojen\u00e9m kr\u00e1lovstv\u00ed<\/span><\/a><\/div><div class=\"su-custom-gallery-slide\"><a href=\"https:\/\/www.vkpakmachine.com\/wp-content\/uploads\/India-Customers.jpg\" target=\"_blank\" title=\"Z\u00e1kazn\u00edci z Indie\"><img loading=\"lazy\" decoding=\"async\" src=\"https:\/\/www.vkpakmachine.com\/wp-content\/uploads\/India-Customers-380x290.jpg\" alt=\"Z\u00e1kazn\u00edci z Indie\" width=\"380\" height=\"290\" \/><span class=\"su-custom-gallery-title\">Z\u00e1kazn\u00edci z Indie<\/span><\/a><\/div><div class=\"su-custom-gallery-slide\"><a href=\"https:\/\/www.vkpakmachine.com\/wp-content\/uploads\/Hong-Kong-China-Customers.jpg\" target=\"_blank\" title=\"Z\u00e1kazn\u00edci z Hongkongu, \u010c\u00edna\"><img loading=\"lazy\" decoding=\"async\" src=\"https:\/\/www.vkpakmachine.com\/wp-content\/uploads\/Hong-Kong-China-Customers-380x290.jpg\" alt=\"Z\u00e1kazn\u00edci z Hongkongu, \u010c\u00edna\" width=\"380\" height=\"290\" \/><span class=\"su-custom-gallery-title\">Z\u00e1kazn\u00edci z Hongkongu, \u010c\u00edna<\/span><\/a><\/div><div class=\"su-clear\"><\/div><\/div>","protected":false},"excerpt":{"rendered":"<p>Na\u0161e v\u00fdrobky jsou vyv\u00e1\u017eeny do mnoha zem\u00ed a oblast\u00ed, jako je Korea, P\u00e1kist\u00e1n, Thajsko, Japonsko, D\u00e1nsko, Rusko, Ji\u017en\u00ed Afrika, Nig\u00e9rie, USA, Austr\u00e1lie, Kanada a tak d\u00e1le. Po\u010det z\u00e1kazn\u00edk\u016f je a\u017e 1000.<\/p>","protected":false},"author":1,"featured_media":0,"parent":0,"menu_order":0,"comment_status":"closed","ping_status":"closed","template":"","meta":{"footnotes":""},"yoast_head":"<!-- This site is optimized with the Yoast SEO plugin v22.5 - https:\/\/yoast.com\/wordpress\/plugins\/seo\/ -->\n<title>Customers - VKPAK<\/title>\n<meta name=\"robots\" content=\"index, follow, max-snippet:-1, max-image-preview:large, max-video-preview:-1\" \/>\n<link rel=\"canonical\" href=\"https:\/\/www.vkpakmachine.com\/cs\/customers\/\" \/>\n<script type=\"application\/ld+json\" class=\"yoast-schema-graph\">{\"@context\":\"https:\/\/schema.org\",\"@graph\":[{\"@type\":\"WebPage\",\"@id\":\"https:\/\/www.vkpakmachine.com\/customers\/\",\"url\":\"https:\/\/www.vkpakmachine.com\/customers\/\",\"name\":\"Customers - VKPAK\",\"isPartOf\":{\"@id\":\"https:\/\/www.vkpakmachine.com\/lv\/#website\"},\"datePublished\":\"2022-12-26T07:00:59+00:00\",\"dateModified\":\"2025-03-06T11:54:11+00:00\",\"breadcrumb\":{\"@id\":\"https:\/\/www.vkpakmachine.com\/customers\/#breadcrumb\"},\"inLanguage\":\"cs\",\"potentialAction\":[{\"@type\":\"ReadAction\",\"target\":[\"https:\/\/www.vkpakmachine.com\/customers\/\"]}]},{\"@type\":\"BreadcrumbList\",\"@id\":\"https:\/\/www.vkpakmachine.com\/customers\/#breadcrumb\",\"itemListElement\":[{\"@type\":\"ListItem\",\"position\":1,\"name\":\"Home\",\"item\":\"https:\/\/www.vkpakmachine.com\/lv\/\"},{\"@type\":\"ListItem\",\"position\":2,\"name\":\"Customers\"}]},{\"@type\":\"WebSite\",\"@id\":\"https:\/\/www.vkpakmachine.com\/lv\/#website\",\"url\":\"https:\/\/www.vkpakmachine.com\/lv\/\",\"name\":\"VKPAK\",\"description\":\"\",\"publisher\":{\"@id\":\"https:\/\/www.vkpakmachine.com\/lv\/#organization\"},\"potentialAction\":[{\"@type\":\"SearchAction\",\"target\":{\"@type\":\"EntryPoint\",\"urlTemplate\":\"https:\/\/www.vkpakmachine.com\/lv\/?s={search_term_string}\"},\"query-input\":\"required name=search_term_string\"}],\"inLanguage\":\"cs\"},{\"@type\":\"Organization\",\"@id\":\"https:\/\/www.vkpakmachine.com\/lv\/#organization\",\"name\":\"VKPAK\",\"url\":\"https:\/\/www.vkpakmachine.com\/lv\/\",\"logo\":{\"@type\":\"ImageObject\",\"inLanguage\":\"cs\",\"@id\":\"https:\/\/www.vkpakmachine.com\/lv\/#\/schema\/logo\/image\/\",\"url\":\"https:\/\/www.vkpakmachine.com\/wp-content\/uploads\/Logo.png\",\"contentUrl\":\"https:\/\/www.vkpakmachine.com\/wp-content\/uploads\/Logo.png\",\"width\":300,\"height\":57,\"caption\":\"VKPAK\"},\"image\":{\"@id\":\"https:\/\/www.vkpakmachine.com\/lv\/#\/schema\/logo\/image\/\"}}]}<\/script>\n<!-- \/ Yoast SEO plugin. -->","yoast_head_json":{"title":"Customers - VKPAK","robots":{"index":"index","follow":"follow","max-snippet":"max-snippet:-1","max-image-preview":"max-image-preview:large","max-video-preview":"max-video-preview:-1"},"canonical":"https:\/\/www.vkpakmachine.com\/cs\/customers\/","schema":{"@context":"https:\/\/schema.org","@graph":[{"@type":"WebPage","@id":"https:\/\/www.vkpakmachine.com\/customers\/","url":"https:\/\/www.vkpakmachine.com\/customers\/","name":"Customers - VKPAK","isPartOf":{"@id":"https:\/\/www.vkpakmachine.com\/lv\/#website"},"datePublished":"2022-12-26T07:00:59+00:00","dateModified":"2025-03-06T11:54:11+00:00","breadcrumb":{"@id":"https:\/\/www.vkpakmachine.com\/customers\/#breadcrumb"},"inLanguage":"cs","potentialAction":[{"@type":"ReadAction","target":["https:\/\/www.vkpakmachine.com\/customers\/"]}]},{"@type":"BreadcrumbList","@id":"https:\/\/www.vkpakmachine.com\/customers\/#breadcrumb","itemListElement":[{"@type":"ListItem","position":1,"name":"Home","item":"https:\/\/www.vkpakmachine.com\/lv\/"},{"@type":"ListItem","position":2,"name":"Customers"}]},{"@type":"WebSite","@id":"https:\/\/www.vkpakmachine.com\/lv\/#website","url":"https:\/\/www.vkpakmachine.com\/lv\/","name":"VKPAK","description":"","publisher":{"@id":"https:\/\/www.vkpakmachine.com\/lv\/#organization"},"potentialAction":[{"@type":"SearchAction","target":{"@type":"EntryPoint","urlTemplate":"https:\/\/www.vkpakmachine.com\/lv\/?s={search_term_string}"},"query-input":"required name=search_term_string"}],"inLanguage":"cs"},{"@type":"Organization","@id":"https:\/\/www.vkpakmachine.com\/lv\/#organization","name":"VKPAK","url":"https:\/\/www.vkpakmachine.com\/lv\/","logo":{"@type":"ImageObject","inLanguage":"cs","@id":"https:\/\/www.vkpakmachine.com\/lv\/#\/schema\/logo\/image\/","url":"https:\/\/www.vkpakmachine.com\/wp-content\/uploads\/Logo.png","contentUrl":"https:\/\/www.vkpakmachine.com\/wp-content\/uploads\/Logo.png","width":300,"height":57,"caption":"VKPAK"},"image":{"@id":"https:\/\/www.vkpakmachine.com\/lv\/#\/schema\/logo\/image\/"}}]}},"_links":{"self":[{"href":"https:\/\/www.vkpakmachine.com\/cs\/wp-json\/wp\/v2\/pages\/2385"}],"collection":[{"href":"https:\/\/www.vkpakmachine.com\/cs\/wp-json\/wp\/v2\/pages"}],"about":[{"href":"https:\/\/www.vkpakmachine.com\/cs\/wp-json\/wp\/v2\/types\/page"}],"author":[{"embeddable":true,"href":"https:\/\/www.vkpakmachine.com\/cs\/wp-json\/wp\/v2\/users\/1"}],"replies":[{"embeddable":true,"href":"https:\/\/www.vkpakmachine.com\/cs\/wp-json\/wp\/v2\/comments?post=2385"}],"version-history":[{"count":2,"href":"https:\/\/www.vkpakmachine.com\/cs\/wp-json\/wp\/v2\/pages\/2385\/revisions"}],"predecessor-version":[{"id":6547,"href":"https:\/\/www.vkpakmachine.com\/cs\/wp-json\/wp\/v2\/pages\/2385\/revisions\/6547"}],"wp:attachment":[{"href":"https:\/\/www.vkpakmachine.com\/cs\/wp-json\/wp\/v2\/media?parent=2385"}],"curies":[{"name":"wp","href":"https:\/\/api.w.org\/{rel}","templated":true}]}}