{"id":2424,"date":"2022-12-26T07:10:39","date_gmt":"2022-12-26T07:10:39","guid":{"rendered":"https:\/\/www.vkpakmachine.com\/?page_id=2424"},"modified":"2022-12-26T07:10:39","modified_gmt":"2022-12-26T07:10:39","slug":"quality-control","status":"publish","type":"page","link":"https:\/\/www.vkpakmachine.com\/ca\/quality-control\/","title":{"rendered":"Control de qualitat"},"content":{"rendered":"<h2><strong>Garantia de qualitat<\/strong><\/h2>\n<hr \/>\n<p>1, La garantia de l&#039;equip subministrat per la nostra empresa \u00e9s un nou sense utilitzar utilitzant l&#039;\u00faltim disseny i el material adequat fet, i en tots els aspectes compleix les especificacions de qualitat i rendiment estipulades en el contracte.<\/p>\n<p>2, La garantia de l&#039;empresa proporcionada per l&#039;equip despr\u00e9s de la seva correcta orientaci\u00f3 en tot el sistema funciona 3 dies despr\u00e9s de la instal\u00b7laci\u00f3 i la depuraci\u00f3, per aconseguir indicadors de rendiment t\u00e8cnic del producte.<\/p>\n<p>3, la nostra garantia de l&#039;empresa en el per\u00edode de garantia de qualitat estipulat en el contracte, el proc\u00e9s de disseny de subministrament d&#039;equips de fabricaci\u00f3 de depuraci\u00f3 de la instal\u00b7laci\u00f3 o defectes materials i tot aix\u00f2 causat per la responsabilitat del venedor \u00e9s responsable de qualsevol defecte en la l\u00ednia de producci\u00f3 de falla i dany.<\/p>\n<p>4, tot el per\u00edode de garantia de qualitat de la m\u00e0quina per a la l\u00ednia de producci\u00f3 durant 12 mesos despr\u00e9s de l&#039;acceptaci\u00f3. Si es troba en el per\u00edode de garantia de qualitat, la qualitat de la mercaderia o l&#039;especificaci\u00f3 i no s&#039;ajusta a les disposicions del contracte, o demostra que la mercaderia \u00e9s defectuosa (inclosos defectes potencials o l&#039;\u00fas de materials deficients, etc.), el El comprador t\u00e9 dret d&#039;acord amb el certificat d&#039;inspecci\u00f3 em\u00e8s pel departament jur\u00eddic de la mercaderia dins del per\u00edode de garantia de qualitat que es proposa l&#039;esquema de tractament del venedor.<\/p>\n<p>5, L&#039;empresa a la qualitat del producte sobre les propietats mec\u00e0niques de l&#039;equip subministrat i la garantia de l&#039;\u00edndex de consum del producte.<\/p>\n<h2><strong>Garantia<\/strong><\/h2>\n<hr \/>\n<p>1, Despr\u00e9s de l&#039;acceptaci\u00f3 de l&#039;equip, proporcioneu 12 mesos de garantia, el per\u00edode de garantia proporcionat de manera gratu\u00efta per als defectes de les peces i components causats pel venedor i el servei oport\u00fa i efica\u00e7.<\/p>\n<p>2, despr\u00e9s de la garantia, durant tota la vida ofereix un servei postvenda de suport t\u00e8cnic \u00e0mpliament favorable.<br \/>\nServei postvenda: el nostre departament de servei postvenda de l&#039;empresa t\u00e9 un tel\u00e8fon de servei postvenda dedicat, el nostre personal \u00e9s responsable de recollir l&#039;usuari del tel\u00e8fon, assegurar-se que l&#039;usuari en la primera pregunta doni una resposta seriosa entusiasme despr\u00e9s de l&#039;equip. L&#039;acceptaci\u00f3 de l&#039;equip que oferim un proc\u00e9s de servei de garantia de 12 mesos, proporcionarem almenys una vegada per part del personal professional i t\u00e8cnic de la inspecci\u00f3 rutin\u00e0ria i proporcionarem l&#039;informe d&#039;inspecci\u00f3 detallat, perqu\u00e8 els usuaris de refer\u00e8ncia de l&#039;usuari presentin clars despr\u00e9s dels requisits de manteniment, la nostra empresa promet : l&#039;escena de l&#039;usuari enviada al servei de reparaci\u00f3 en el menor temps possible.<\/p>","protected":false},"excerpt":{"rendered":"<p>Garantia de Qualitat 1, Garantia de l&#039;equip subministrat per la nostra empresa \u00e9s un nou sense utilitzar utilitzant l&#039;\u00faltim disseny i material adequat fet, i en tots els aspectes compleix amb les especificacions de qualitat i rendiment estipulades en el contracte. 2, l&#039;empresa...&nbsp;<a href=\"https:\/\/www.vkpakmachine.com\/ca\/quality-control\/\" class=\"more-link\">Llegeix m\u00e9s<\/a><\/p>","protected":false},"author":1,"featured_media":0,"parent":0,"menu_order":0,"comment_status":"closed","ping_status":"closed","template":"","meta":{"footnotes":""},"yoast_head":"<!-- This site is optimized with the Yoast SEO plugin v22.5 - https:\/\/yoast.com\/wordpress\/plugins\/seo\/ -->\n<title>Quality Control - VKPAK<\/title>\n<meta name=\"robots\" content=\"index, follow, max-snippet:-1, max-image-preview:large, max-video-preview:-1\" \/>\n<link rel=\"canonical\" href=\"https:\/\/www.vkpakmachine.com\/ca\/quality-control\/\" \/>\n<script type=\"application\/ld+json\" class=\"yoast-schema-graph\">{\"@context\":\"https:\/\/schema.org\",\"@graph\":[{\"@type\":\"WebPage\",\"@id\":\"https:\/\/www.vkpakmachine.com\/lt\/quality-control\/\",\"url\":\"https:\/\/www.vkpakmachine.com\/lt\/quality-control\/\",\"name\":\"Quality Control - VKPAK\",\"isPartOf\":{\"@id\":\"https:\/\/www.vkpakmachine.com\/lv\/#website\"},\"datePublished\":\"2022-12-26T07:10:39+00:00\",\"dateModified\":\"2022-12-26T07:10:39+00:00\",\"breadcrumb\":{\"@id\":\"https:\/\/www.vkpakmachine.com\/lt\/quality-control\/#breadcrumb\"},\"inLanguage\":\"ca\",\"potentialAction\":[{\"@type\":\"ReadAction\",\"target\":[\"https:\/\/www.vkpakmachine.com\/lt\/quality-control\/\"]}]},{\"@type\":\"BreadcrumbList\",\"@id\":\"https:\/\/www.vkpakmachine.com\/lt\/quality-control\/#breadcrumb\",\"itemListElement\":[{\"@type\":\"ListItem\",\"position\":1,\"name\":\"Home\",\"item\":\"https:\/\/www.vkpakmachine.com\/lv\/\"},{\"@type\":\"ListItem\",\"position\":2,\"name\":\"Quality Control\"}]},{\"@type\":\"WebSite\",\"@id\":\"https:\/\/www.vkpakmachine.com\/lv\/#website\",\"url\":\"https:\/\/www.vkpakmachine.com\/lv\/\",\"name\":\"VKPAK\",\"description\":\"\",\"publisher\":{\"@id\":\"https:\/\/www.vkpakmachine.com\/lv\/#organization\"},\"potentialAction\":[{\"@type\":\"SearchAction\",\"target\":{\"@type\":\"EntryPoint\",\"urlTemplate\":\"https:\/\/www.vkpakmachine.com\/lv\/?s={search_term_string}\"},\"query-input\":\"required name=search_term_string\"}],\"inLanguage\":\"ca\"},{\"@type\":\"Organization\",\"@id\":\"https:\/\/www.vkpakmachine.com\/lv\/#organization\",\"name\":\"VKPAK\",\"url\":\"https:\/\/www.vkpakmachine.com\/lv\/\",\"logo\":{\"@type\":\"ImageObject\",\"inLanguage\":\"ca\",\"@id\":\"https:\/\/www.vkpakmachine.com\/lv\/#\/schema\/logo\/image\/\",\"url\":\"https:\/\/www.vkpakmachine.com\/wp-content\/uploads\/Logo.png\",\"contentUrl\":\"https:\/\/www.vkpakmachine.com\/wp-content\/uploads\/Logo.png\",\"width\":300,\"height\":57,\"caption\":\"VKPAK\"},\"image\":{\"@id\":\"https:\/\/www.vkpakmachine.com\/lv\/#\/schema\/logo\/image\/\"}}]}<\/script>\n<!-- \/ Yoast SEO plugin. -->","yoast_head_json":{"title":"Quality Control - VKPAK","robots":{"index":"index","follow":"follow","max-snippet":"max-snippet:-1","max-image-preview":"max-image-preview:large","max-video-preview":"max-video-preview:-1"},"canonical":"https:\/\/www.vkpakmachine.com\/ca\/quality-control\/","schema":{"@context":"https:\/\/schema.org","@graph":[{"@type":"WebPage","@id":"https:\/\/www.vkpakmachine.com\/lt\/quality-control\/","url":"https:\/\/www.vkpakmachine.com\/lt\/quality-control\/","name":"Quality Control - VKPAK","isPartOf":{"@id":"https:\/\/www.vkpakmachine.com\/lv\/#website"},"datePublished":"2022-12-26T07:10:39+00:00","dateModified":"2022-12-26T07:10:39+00:00","breadcrumb":{"@id":"https:\/\/www.vkpakmachine.com\/lt\/quality-control\/#breadcrumb"},"inLanguage":"ca","potentialAction":[{"@type":"ReadAction","target":["https:\/\/www.vkpakmachine.com\/lt\/quality-control\/"]}]},{"@type":"BreadcrumbList","@id":"https:\/\/www.vkpakmachine.com\/lt\/quality-control\/#breadcrumb","itemListElement":[{"@type":"ListItem","position":1,"name":"Home","item":"https:\/\/www.vkpakmachine.com\/lv\/"},{"@type":"ListItem","position":2,"name":"Quality Control"}]},{"@type":"WebSite","@id":"https:\/\/www.vkpakmachine.com\/lv\/#website","url":"https:\/\/www.vkpakmachine.com\/lv\/","name":"VKPAK","description":"","publisher":{"@id":"https:\/\/www.vkpakmachine.com\/lv\/#organization"},"potentialAction":[{"@type":"SearchAction","target":{"@type":"EntryPoint","urlTemplate":"https:\/\/www.vkpakmachine.com\/lv\/?s={search_term_string}"},"query-input":"required name=search_term_string"}],"inLanguage":"ca"},{"@type":"Organization","@id":"https:\/\/www.vkpakmachine.com\/lv\/#organization","name":"VKPAK","url":"https:\/\/www.vkpakmachine.com\/lv\/","logo":{"@type":"ImageObject","inLanguage":"ca","@id":"https:\/\/www.vkpakmachine.com\/lv\/#\/schema\/logo\/image\/","url":"https:\/\/www.vkpakmachine.com\/wp-content\/uploads\/Logo.png","contentUrl":"https:\/\/www.vkpakmachine.com\/wp-content\/uploads\/Logo.png","width":300,"height":57,"caption":"VKPAK"},"image":{"@id":"https:\/\/www.vkpakmachine.com\/lv\/#\/schema\/logo\/image\/"}}]}},"_links":{"self":[{"href":"https:\/\/www.vkpakmachine.com\/ca\/wp-json\/wp\/v2\/pages\/2424"}],"collection":[{"href":"https:\/\/www.vkpakmachine.com\/ca\/wp-json\/wp\/v2\/pages"}],"about":[{"href":"https:\/\/www.vkpakmachine.com\/ca\/wp-json\/wp\/v2\/types\/page"}],"author":[{"embeddable":true,"href":"https:\/\/www.vkpakmachine.com\/ca\/wp-json\/wp\/v2\/users\/1"}],"replies":[{"embeddable":true,"href":"https:\/\/www.vkpakmachine.com\/ca\/wp-json\/wp\/v2\/comments?post=2424"}],"version-history":[{"count":0,"href":"https:\/\/www.vkpakmachine.com\/ca\/wp-json\/wp\/v2\/pages\/2424\/revisions"}],"wp:attachment":[{"href":"https:\/\/www.vkpakmachine.com\/ca\/wp-json\/wp\/v2\/media?parent=2424"}],"curies":[{"name":"wp","href":"https:\/\/api.w.org\/{rel}","templated":true}]}}