{"id":2414,"date":"2022-12-26T07:08:38","date_gmt":"2022-12-26T07:08:38","guid":{"rendered":"https:\/\/www.vkpakmachine.com\/?page_id=2414"},"modified":"2022-12-26T07:08:38","modified_gmt":"2022-12-26T07:08:38","slug":"faq","status":"publish","type":"page","link":"https:\/\/www.vkpakmachine.com\/ca\/faq\/","title":{"rendered":"Preguntes freq\u00fcents"},"content":{"rendered":"<p><strong>P: Sou f\u00e0brica o empresa comercial?<\/strong><br \/>\nR: Ens centrem a la f\u00e0brica a dissenyar, fabricar, muntar, instal\u00b7lar i depurar diversos tipus de m\u00e0quines d&#039;ompliment, m\u00e0quines de tapa i m\u00e0quines d&#039;etiquetatge des de 2003.<\/p>\n<p><strong>P: Pots enviar un v\u00eddeo que mostri com funciona la teva m\u00e0quina?<\/strong><br \/>\nR: Sens dubte, hem fet tots els v\u00eddeos de la nostra m\u00e0quina.<\/p>\n<p><strong>P: Fas una prova abans de l&#039;enviament?<\/strong><br \/>\nR: Sempre provem la m\u00e0quina completament i ens assegurem que funciona sense problemes abans de l&#039;enviament.<\/p>\n<p><strong>P: Quin \u00e9s el termini de pagament i les condicions comercials?<\/strong><br \/>\nR: Acceptem pagaments T\/T, Western Union, MoneyGram, Alibaba Trade Assurance.<br \/>\nTerme comercial: EXW, FOB, CIF, CNF.<\/p>\n<p><strong>P: Quin \u00e9s el MOQ i la garantia?<\/strong><br \/>\nR: No hi ha MOQ, benvingut a la comanda, prometem 12 mesos de garantia.<\/p>\n<p><strong>P: Quin tipus de paquet per enviar?<\/strong><br \/>\nR: Utilitzeu l&#039;embolcall b\u00e0sic de pel\u00b7l\u00edcula estirable al voltant de tota la m\u00e0quina i embalat amb caixa de fusta exportada, tamb\u00e9 pot ser segons els vostres requisits.<\/p>\n<p><strong>P: Si la m\u00e0quina est\u00e0 fora de l&#039;any de garantia, qu\u00e8 podem fer si es trenca alguna pe\u00e7a?<\/strong><br \/>\nR: Oferim un servei de tota la vida de la m\u00e0quina, si es van trencar peces de recanvi despr\u00e9s d&#039;un any, els clients poden comprar les peces de recanvi al mercat local o comprar als prove\u00efdors, podem enviar recanvis als clients en 24 hores. I totes les peces de components de la nostra m\u00e0quina s\u00f3n originals de la marca mundialment famosa, \u00e9s f\u00e0cil de trobar al local.<\/p>\n<p><strong>P: Quina \u00e9s la teva garantia?<\/strong><br \/>\nR: Garantim les m\u00e0quines un any. L&#039;any de garantia, les peces de recanvi es van trencar a causa d&#039;un problema de qualitat VKPAK, les peces de recanvi es subministraran gratu\u00eftament per als clients, el client ha de pagar el cost del transport si el pes del paquet supera els 500 grams. Les peces de recanvi f\u00e0cils de desgastar no es troben a l&#039;interior. els termes de la garantia, com ara anelles O, cinturons que es subministraran amb la m\u00e0quina durant un any d&#039;\u00fas.<\/p>","protected":false},"excerpt":{"rendered":"<p>P: Sou f\u00e0brica o empresa comercial? R: Ens centrem a la f\u00e0brica a dissenyar, fabricar, muntar, instal\u00b7lar i depurar diversos tipus de m\u00e0quines d&#039;ompliment, m\u00e0quines de taponar i m\u00e0quines d&#039;etiquetatge des de 2003. P: Podeu enviar un v\u00eddeo que mostri com...&nbsp;<a href=\"https:\/\/www.vkpakmachine.com\/ca\/faq\/\" class=\"more-link\">Llegeix m\u00e9s<\/a><\/p>","protected":false},"author":1,"featured_media":0,"parent":0,"menu_order":0,"comment_status":"closed","ping_status":"closed","template":"","meta":{"footnotes":""},"yoast_head":"<!-- This site is optimized with the Yoast SEO plugin v22.5 - https:\/\/yoast.com\/wordpress\/plugins\/seo\/ -->\n<title>FAQ - VKPAK<\/title>\n<meta name=\"robots\" content=\"index, follow, max-snippet:-1, max-image-preview:large, max-video-preview:-1\" \/>\n<link rel=\"canonical\" href=\"https:\/\/www.vkpakmachine.com\/ca\/faq\/\" \/>\n<script type=\"application\/ld+json\" class=\"yoast-schema-graph\">{\"@context\":\"https:\/\/schema.org\",\"@graph\":[{\"@type\":\"WebPage\",\"@id\":\"https:\/\/www.vkpakmachine.com\/lv\/faq\/\",\"url\":\"https:\/\/www.vkpakmachine.com\/lv\/faq\/\",\"name\":\"FAQ - VKPAK\",\"isPartOf\":{\"@id\":\"https:\/\/www.vkpakmachine.com\/lv\/#website\"},\"datePublished\":\"2022-12-26T07:08:38+00:00\",\"dateModified\":\"2022-12-26T07:08:38+00:00\",\"breadcrumb\":{\"@id\":\"https:\/\/www.vkpakmachine.com\/lv\/faq\/#breadcrumb\"},\"inLanguage\":\"ca\",\"potentialAction\":[{\"@type\":\"ReadAction\",\"target\":[\"https:\/\/www.vkpakmachine.com\/lv\/faq\/\"]}]},{\"@type\":\"BreadcrumbList\",\"@id\":\"https:\/\/www.vkpakmachine.com\/lv\/faq\/#breadcrumb\",\"itemListElement\":[{\"@type\":\"ListItem\",\"position\":1,\"name\":\"Home\",\"item\":\"https:\/\/www.vkpakmachine.com\/lv\/\"},{\"@type\":\"ListItem\",\"position\":2,\"name\":\"FAQ\"}]},{\"@type\":\"WebSite\",\"@id\":\"https:\/\/www.vkpakmachine.com\/lv\/#website\",\"url\":\"https:\/\/www.vkpakmachine.com\/lv\/\",\"name\":\"VKPAK\",\"description\":\"\",\"publisher\":{\"@id\":\"https:\/\/www.vkpakmachine.com\/lv\/#organization\"},\"potentialAction\":[{\"@type\":\"SearchAction\",\"target\":{\"@type\":\"EntryPoint\",\"urlTemplate\":\"https:\/\/www.vkpakmachine.com\/lv\/?s={search_term_string}\"},\"query-input\":\"required name=search_term_string\"}],\"inLanguage\":\"ca\"},{\"@type\":\"Organization\",\"@id\":\"https:\/\/www.vkpakmachine.com\/lv\/#organization\",\"name\":\"VKPAK\",\"url\":\"https:\/\/www.vkpakmachine.com\/lv\/\",\"logo\":{\"@type\":\"ImageObject\",\"inLanguage\":\"ca\",\"@id\":\"https:\/\/www.vkpakmachine.com\/lv\/#\/schema\/logo\/image\/\",\"url\":\"https:\/\/www.vkpakmachine.com\/wp-content\/uploads\/Logo.png\",\"contentUrl\":\"https:\/\/www.vkpakmachine.com\/wp-content\/uploads\/Logo.png\",\"width\":300,\"height\":57,\"caption\":\"VKPAK\"},\"image\":{\"@id\":\"https:\/\/www.vkpakmachine.com\/lv\/#\/schema\/logo\/image\/\"}}]}<\/script>\n<!-- \/ Yoast SEO plugin. -->","yoast_head_json":{"title":"FAQ - VKPAK","robots":{"index":"index","follow":"follow","max-snippet":"max-snippet:-1","max-image-preview":"max-image-preview:large","max-video-preview":"max-video-preview:-1"},"canonical":"https:\/\/www.vkpakmachine.com\/ca\/faq\/","schema":{"@context":"https:\/\/schema.org","@graph":[{"@type":"WebPage","@id":"https:\/\/www.vkpakmachine.com\/lv\/faq\/","url":"https:\/\/www.vkpakmachine.com\/lv\/faq\/","name":"FAQ - VKPAK","isPartOf":{"@id":"https:\/\/www.vkpakmachine.com\/lv\/#website"},"datePublished":"2022-12-26T07:08:38+00:00","dateModified":"2022-12-26T07:08:38+00:00","breadcrumb":{"@id":"https:\/\/www.vkpakmachine.com\/lv\/faq\/#breadcrumb"},"inLanguage":"ca","potentialAction":[{"@type":"ReadAction","target":["https:\/\/www.vkpakmachine.com\/lv\/faq\/"]}]},{"@type":"BreadcrumbList","@id":"https:\/\/www.vkpakmachine.com\/lv\/faq\/#breadcrumb","itemListElement":[{"@type":"ListItem","position":1,"name":"Home","item":"https:\/\/www.vkpakmachine.com\/lv\/"},{"@type":"ListItem","position":2,"name":"FAQ"}]},{"@type":"WebSite","@id":"https:\/\/www.vkpakmachine.com\/lv\/#website","url":"https:\/\/www.vkpakmachine.com\/lv\/","name":"VKPAK","description":"","publisher":{"@id":"https:\/\/www.vkpakmachine.com\/lv\/#organization"},"potentialAction":[{"@type":"SearchAction","target":{"@type":"EntryPoint","urlTemplate":"https:\/\/www.vkpakmachine.com\/lv\/?s={search_term_string}"},"query-input":"required name=search_term_string"}],"inLanguage":"ca"},{"@type":"Organization","@id":"https:\/\/www.vkpakmachine.com\/lv\/#organization","name":"VKPAK","url":"https:\/\/www.vkpakmachine.com\/lv\/","logo":{"@type":"ImageObject","inLanguage":"ca","@id":"https:\/\/www.vkpakmachine.com\/lv\/#\/schema\/logo\/image\/","url":"https:\/\/www.vkpakmachine.com\/wp-content\/uploads\/Logo.png","contentUrl":"https:\/\/www.vkpakmachine.com\/wp-content\/uploads\/Logo.png","width":300,"height":57,"caption":"VKPAK"},"image":{"@id":"https:\/\/www.vkpakmachine.com\/lv\/#\/schema\/logo\/image\/"}}]}},"_links":{"self":[{"href":"https:\/\/www.vkpakmachine.com\/ca\/wp-json\/wp\/v2\/pages\/2414"}],"collection":[{"href":"https:\/\/www.vkpakmachine.com\/ca\/wp-json\/wp\/v2\/pages"}],"about":[{"href":"https:\/\/www.vkpakmachine.com\/ca\/wp-json\/wp\/v2\/types\/page"}],"author":[{"embeddable":true,"href":"https:\/\/www.vkpakmachine.com\/ca\/wp-json\/wp\/v2\/users\/1"}],"replies":[{"embeddable":true,"href":"https:\/\/www.vkpakmachine.com\/ca\/wp-json\/wp\/v2\/comments?post=2414"}],"version-history":[{"count":0,"href":"https:\/\/www.vkpakmachine.com\/ca\/wp-json\/wp\/v2\/pages\/2414\/revisions"}],"wp:attachment":[{"href":"https:\/\/www.vkpakmachine.com\/ca\/wp-json\/wp\/v2\/media?parent=2414"}],"curies":[{"name":"wp","href":"https:\/\/api.w.org\/{rel}","templated":true}]}}