{"id":2379,"date":"2022-12-26T06:55:32","date_gmt":"2022-12-26T06:55:32","guid":{"rendered":"https:\/\/www.vkpakmachine.com\/?page_id=2379"},"modified":"2022-12-26T08:32:48","modified_gmt":"2022-12-26T08:32:48","slug":"about-us","status":"publish","type":"page","link":"https:\/\/www.vkpakmachine.com\/ca\/about-us\/","title":{"rendered":"Sobre nosaltres"},"content":{"rendered":"<p>VKPAK \u00e9s un fabricant i prove\u00efdor professional de maquin\u00e0ria i equips d&#039;embalatge situat a Xangai, Xina des de 2008.<\/p>\n<p>Els productes principals de VKPAK s\u00f3n la rentadora d&#039;ampolles, la m\u00e0quina autom\u00e0tica d&#039;ompliment d&#039;ampolles, la m\u00e0quina de tapar, la m\u00e0quina etiquetadora, etc. per a una l\u00ednia completa d&#039;embotellament d&#039;ompliment. Els nostres equips s&#039;utilitzen \u00e0mpliament en ind\u00fastries farmac\u00e8utiques, aliment\u00e0ries, qu\u00edmiques di\u00e0ries, cosm\u00e8tics, etc.<\/p>\n<p>Sobre la base d&#039;una gesti\u00f3 i m\u00e0 d&#039;obra avan\u00e7ades, disposem d&#039;excel\u00b7lents t\u00e8cnics de producci\u00f3 i d&#039;un equip de distribuci\u00f3 eficient, aix\u00ed com de bons membres del personal de servei, perqu\u00e8 puguem realitzar les vostres comandes de manera molt eficient. Confiem en l&#039;alta qualitat dels nostres productes, i al mateix temps podem oferir preus molt competitius.<\/p>\n<p>A causa del nostre bon cr\u00e8dit i servei, hem aconseguit grans \u00e8xits en els \u00faltims anys. Hem establert relacions comercials a llarg termini amb molts clients. Els nostres productes s&#039;exporten a molts pa\u00efsos i zones. A m\u00e9s de maquin\u00e0ria i equipament, tamb\u00e9 subministrem l\u00ednies de producci\u00f3, solucions d&#039;embotellament d&#039;envasos integrals. Esperem una cooperaci\u00f3 pr\u00f2spera i a llarg termini amb clients de tot el m\u00f3n.<\/p>\n<p><img loading=\"lazy\" decoding=\"async\" src=\"https:\/\/www.vkpakmachine.com\/wp-content\/uploads\/Factory-Show.jpg\" alt=\"F\u00e0brica-Show\" width=\"1200\" height=\"565\" class=\"alignnone size-full wp-image-2380\" \/><\/p>","protected":false},"excerpt":{"rendered":"<p>VKPAK \u00e9s un fabricant i prove\u00efdor professional de maquin\u00e0ria i equipament d&#039;embalatge ubicat a Xangai, Xina des de 2008. Els principals productes de VKPAK s\u00f3n la rentadora d&#039;ampolles, la m\u00e0quina autom\u00e0tica d&#039;ompliment d&#039;ampolles, la tapadora, la m\u00e0quina etiquetadora, etc. per a una l\u00ednia completa d&#039;embotellament d&#039;ompliment...&nbsp;<a href=\"https:\/\/www.vkpakmachine.com\/ca\/about-us\/\" class=\"more-link\">Llegeix m\u00e9s<\/a><\/p>","protected":false},"author":1,"featured_media":2441,"parent":0,"menu_order":0,"comment_status":"closed","ping_status":"closed","template":"","meta":{"footnotes":""},"yoast_head":"<!-- This site is optimized with the Yoast SEO plugin v22.5 - https:\/\/yoast.com\/wordpress\/plugins\/seo\/ -->\n<title>About Us - VKPAK<\/title>\n<meta name=\"robots\" content=\"index, follow, max-snippet:-1, max-image-preview:large, max-video-preview:-1\" \/>\n<link rel=\"canonical\" href=\"https:\/\/www.vkpakmachine.com\/ca\/about-us\/\" \/>\n<script type=\"application\/ld+json\" class=\"yoast-schema-graph\">{\"@context\":\"https:\/\/schema.org\",\"@graph\":[{\"@type\":\"WebPage\",\"@id\":\"https:\/\/www.vkpakmachine.com\/lt\/about-us\/\",\"url\":\"https:\/\/www.vkpakmachine.com\/lt\/about-us\/\",\"name\":\"About Us - VKPAK\",\"isPartOf\":{\"@id\":\"https:\/\/www.vkpakmachine.com\/lv\/#website\"},\"primaryImageOfPage\":{\"@id\":\"https:\/\/www.vkpakmachine.com\/lt\/about-us\/#primaryimage\"},\"image\":{\"@id\":\"https:\/\/www.vkpakmachine.com\/lt\/about-us\/#primaryimage\"},\"thumbnailUrl\":\"https:\/\/www.vkpakmachine.com\/wp-content\/uploads\/About-Us.jpg\",\"datePublished\":\"2022-12-26T06:55:32+00:00\",\"dateModified\":\"2022-12-26T08:32:48+00:00\",\"breadcrumb\":{\"@id\":\"https:\/\/www.vkpakmachine.com\/lt\/about-us\/#breadcrumb\"},\"inLanguage\":\"ca\",\"potentialAction\":[{\"@type\":\"ReadAction\",\"target\":[\"https:\/\/www.vkpakmachine.com\/lt\/about-us\/\"]}]},{\"@type\":\"ImageObject\",\"inLanguage\":\"ca\",\"@id\":\"https:\/\/www.vkpakmachine.com\/lt\/about-us\/#primaryimage\",\"url\":\"https:\/\/www.vkpakmachine.com\/wp-content\/uploads\/About-Us.jpg\",\"contentUrl\":\"https:\/\/www.vkpakmachine.com\/wp-content\/uploads\/About-Us.jpg\",\"width\":600,\"height\":341,\"caption\":\"About-Us\"},{\"@type\":\"BreadcrumbList\",\"@id\":\"https:\/\/www.vkpakmachine.com\/lt\/about-us\/#breadcrumb\",\"itemListElement\":[{\"@type\":\"ListItem\",\"position\":1,\"name\":\"Home\",\"item\":\"https:\/\/www.vkpakmachine.com\/lv\/\"},{\"@type\":\"ListItem\",\"position\":2,\"name\":\"About Us\"}]},{\"@type\":\"WebSite\",\"@id\":\"https:\/\/www.vkpakmachine.com\/lv\/#website\",\"url\":\"https:\/\/www.vkpakmachine.com\/lv\/\",\"name\":\"VKPAK\",\"description\":\"\",\"publisher\":{\"@id\":\"https:\/\/www.vkpakmachine.com\/lv\/#organization\"},\"potentialAction\":[{\"@type\":\"SearchAction\",\"target\":{\"@type\":\"EntryPoint\",\"urlTemplate\":\"https:\/\/www.vkpakmachine.com\/lv\/?s={search_term_string}\"},\"query-input\":\"required name=search_term_string\"}],\"inLanguage\":\"ca\"},{\"@type\":\"Organization\",\"@id\":\"https:\/\/www.vkpakmachine.com\/lv\/#organization\",\"name\":\"VKPAK\",\"url\":\"https:\/\/www.vkpakmachine.com\/lv\/\",\"logo\":{\"@type\":\"ImageObject\",\"inLanguage\":\"ca\",\"@id\":\"https:\/\/www.vkpakmachine.com\/lv\/#\/schema\/logo\/image\/\",\"url\":\"https:\/\/www.vkpakmachine.com\/wp-content\/uploads\/Logo.png\",\"contentUrl\":\"https:\/\/www.vkpakmachine.com\/wp-content\/uploads\/Logo.png\",\"width\":300,\"height\":57,\"caption\":\"VKPAK\"},\"image\":{\"@id\":\"https:\/\/www.vkpakmachine.com\/lv\/#\/schema\/logo\/image\/\"}}]}<\/script>\n<!-- \/ Yoast SEO plugin. -->","yoast_head_json":{"title":"About Us - VKPAK","robots":{"index":"index","follow":"follow","max-snippet":"max-snippet:-1","max-image-preview":"max-image-preview:large","max-video-preview":"max-video-preview:-1"},"canonical":"https:\/\/www.vkpakmachine.com\/ca\/about-us\/","schema":{"@context":"https:\/\/schema.org","@graph":[{"@type":"WebPage","@id":"https:\/\/www.vkpakmachine.com\/lt\/about-us\/","url":"https:\/\/www.vkpakmachine.com\/lt\/about-us\/","name":"About Us - VKPAK","isPartOf":{"@id":"https:\/\/www.vkpakmachine.com\/lv\/#website"},"primaryImageOfPage":{"@id":"https:\/\/www.vkpakmachine.com\/lt\/about-us\/#primaryimage"},"image":{"@id":"https:\/\/www.vkpakmachine.com\/lt\/about-us\/#primaryimage"},"thumbnailUrl":"https:\/\/www.vkpakmachine.com\/wp-content\/uploads\/About-Us.jpg","datePublished":"2022-12-26T06:55:32+00:00","dateModified":"2022-12-26T08:32:48+00:00","breadcrumb":{"@id":"https:\/\/www.vkpakmachine.com\/lt\/about-us\/#breadcrumb"},"inLanguage":"ca","potentialAction":[{"@type":"ReadAction","target":["https:\/\/www.vkpakmachine.com\/lt\/about-us\/"]}]},{"@type":"ImageObject","inLanguage":"ca","@id":"https:\/\/www.vkpakmachine.com\/lt\/about-us\/#primaryimage","url":"https:\/\/www.vkpakmachine.com\/wp-content\/uploads\/About-Us.jpg","contentUrl":"https:\/\/www.vkpakmachine.com\/wp-content\/uploads\/About-Us.jpg","width":600,"height":341,"caption":"About-Us"},{"@type":"BreadcrumbList","@id":"https:\/\/www.vkpakmachine.com\/lt\/about-us\/#breadcrumb","itemListElement":[{"@type":"ListItem","position":1,"name":"Home","item":"https:\/\/www.vkpakmachine.com\/lv\/"},{"@type":"ListItem","position":2,"name":"About Us"}]},{"@type":"WebSite","@id":"https:\/\/www.vkpakmachine.com\/lv\/#website","url":"https:\/\/www.vkpakmachine.com\/lv\/","name":"VKPAK","description":"","publisher":{"@id":"https:\/\/www.vkpakmachine.com\/lv\/#organization"},"potentialAction":[{"@type":"SearchAction","target":{"@type":"EntryPoint","urlTemplate":"https:\/\/www.vkpakmachine.com\/lv\/?s={search_term_string}"},"query-input":"required name=search_term_string"}],"inLanguage":"ca"},{"@type":"Organization","@id":"https:\/\/www.vkpakmachine.com\/lv\/#organization","name":"VKPAK","url":"https:\/\/www.vkpakmachine.com\/lv\/","logo":{"@type":"ImageObject","inLanguage":"ca","@id":"https:\/\/www.vkpakmachine.com\/lv\/#\/schema\/logo\/image\/","url":"https:\/\/www.vkpakmachine.com\/wp-content\/uploads\/Logo.png","contentUrl":"https:\/\/www.vkpakmachine.com\/wp-content\/uploads\/Logo.png","width":300,"height":57,"caption":"VKPAK"},"image":{"@id":"https:\/\/www.vkpakmachine.com\/lv\/#\/schema\/logo\/image\/"}}]}},"_links":{"self":[{"href":"https:\/\/www.vkpakmachine.com\/ca\/wp-json\/wp\/v2\/pages\/2379"}],"collection":[{"href":"https:\/\/www.vkpakmachine.com\/ca\/wp-json\/wp\/v2\/pages"}],"about":[{"href":"https:\/\/www.vkpakmachine.com\/ca\/wp-json\/wp\/v2\/types\/page"}],"author":[{"embeddable":true,"href":"https:\/\/www.vkpakmachine.com\/ca\/wp-json\/wp\/v2\/users\/1"}],"replies":[{"embeddable":true,"href":"https:\/\/www.vkpakmachine.com\/ca\/wp-json\/wp\/v2\/comments?post=2379"}],"version-history":[{"count":0,"href":"https:\/\/www.vkpakmachine.com\/ca\/wp-json\/wp\/v2\/pages\/2379\/revisions"}],"wp:featuredmedia":[{"embeddable":true,"href":"https:\/\/www.vkpakmachine.com\/ca\/wp-json\/wp\/v2\/media\/2441"}],"wp:attachment":[{"href":"https:\/\/www.vkpakmachine.com\/ca\/wp-json\/wp\/v2\/media?parent=2379"}],"curies":[{"name":"wp","href":"https:\/\/api.w.org\/{rel}","templated":true}]}}