{"id":2424,"date":"2022-12-26T07:10:39","date_gmt":"2022-12-26T07:10:39","guid":{"rendered":"https:\/\/www.vkpakmachine.com\/?page_id=2424"},"modified":"2022-12-26T07:10:39","modified_gmt":"2022-12-26T07:10:39","slug":"quality-control","status":"publish","type":"page","link":"https:\/\/www.vkpakmachine.com\/bs\/quality-control\/","title":{"rendered":"Kontrola kvaliteta"},"content":{"rendered":"<h2><strong>Osiguranje kvaliteta<\/strong><\/h2>\n<hr \/>\n<p>1, Garancija za opremu koju isporu\u010duje na\u0161a kompanija je nova nekori\u0161\u0107ena koriste\u0107i najnoviji dizajn i odgovaraju\u0107i izra\u0111eni materijal, iu svim aspektima ispunjava specifikaciju kvaliteta i performanse predvi\u0111ene ugovorom.<\/p>\n<p>2, Garancija kompanije koju daje oprema nakon ispravnog vo\u0111enja u cijelom sistemu rada 3 dana nakon instalacije i otklanjanja gre\u0161aka, kako bi se postigli pokazatelji tehni\u010dkih performansi proizvoda.<\/p>\n<p>3, Na\u0161a kompanija jam\u010di u garantnom roku kvalitete koji je predvi\u0111en ugovorom, proces dizajna za isporuku opreme za proizvodnju opreme, otklanjanje gre\u0161aka ili materijalnih nedostataka i sve uzrokovano odgovorno\u0161\u0107u prodava\u010da je odgovorno za bilo kakve nedostatke u proizvodnoj liniji kvara i o\u0161te\u0107enja.<\/p>\n<p>4, Garantni period za cjelokupni kvalitet ma\u0161ine za proizvodnu liniju 12 mjeseci nakon prihvatanja. Ako se utvrdi u garantnom roku kvaliteta, kvalitet robe ili specifikacija i nije u skladu sa odredbama ugovora, ili doka\u017ee da je roba neispravna (uklju\u010duju\u0107i potencijalne nedostatke ili upotrebu nestandardnih materijala, itd.), kupac ima pravo prema inspekcijskom certifikatu izdatom od strane pravnog odjela robe u okviru garantnog roka kvaliteta predlo\u017eenu shemu tretmana prodavca.<\/p>\n<p>5, Kompanija na kvalitet proizvoda na mehani\u010dkim svojstvima isporu\u010dene opreme i garanciju indeksa potro\u0161nje proizvoda.<\/p>\n<h2><strong>Garancija<\/strong><\/h2>\n<hr \/>\n<p>1, nakon prihvatanja opreme, dajte 12 mjeseci garancije, garantni rok koji se daje besplatno za kvar dijelova i komponenti uzrokovanih od strane prodavca i pravovremenu i efikasnu uslugu.<\/p>\n<p>2, nakon garancije, do\u017eivotno pru\u017ea \u0161iroko povoljnu tehni\u010dku podr\u0161ku nakon prodaje.<br \/>\nServis nakon prodaje: odjel za postprodajne usluge na\u0161e kompanije ima namjenski telefon za hitnu telefonsku liniju za postprodajne usluge, na\u0161e osoblje je odgovorno za preuzimanje korisnika telefona, pobrinite se da korisnik u prvom pitanju sa entuzijazmom ozbiljno odgovori nakon opreme prihvatanje opreme obezbe\u0111ujemo 12 meseci garancije na servisni proces, obezbedi\u0107emo najmanje jednom od strane profesionalnog i tehni\u010dkog osoblja rutinske inspekcije, i obezbedi\u0107emo detaljan izve\u0161taj o inspekciji, za korisni\u010dku referencu koju korisnici jasno iznesu nakon zahteva za odr\u017eavanje, na\u0161a kompanija obe\u0107ava : korisni\u010dka scena u najkra\u0107em mogu\u0107em roku poslata na servis.<\/p>","protected":false},"excerpt":{"rendered":"<p>Garancija kvaliteta 1, Garancija za opremu koju isporu\u010duje na\u0161a kompanija je nova nekori\u0161\u0107ena uz kori\u0161\u0107enje najnovijeg dizajna i odgovaraju\u0107eg izra\u0111enog materijala, iu svim aspektima ispunjava specifikaciju kvaliteta i performanse predvi\u0111ene ugovorom. 2, Kompanija\u2026&nbsp;<a href=\"https:\/\/www.vkpakmachine.com\/bs\/quality-control\/\" class=\"more-link\">\u010citaj vi\u0161e<\/a><\/p>","protected":false},"author":1,"featured_media":0,"parent":0,"menu_order":0,"comment_status":"closed","ping_status":"closed","template":"","meta":{"footnotes":""},"yoast_head":"<!-- This site is optimized with the Yoast SEO plugin v22.5 - https:\/\/yoast.com\/wordpress\/plugins\/seo\/ -->\n<title>Quality Control - VKPAK<\/title>\n<meta name=\"robots\" content=\"index, follow, max-snippet:-1, max-image-preview:large, max-video-preview:-1\" \/>\n<link rel=\"canonical\" href=\"https:\/\/www.vkpakmachine.com\/bs\/quality-control\/\" \/>\n<script type=\"application\/ld+json\" class=\"yoast-schema-graph\">{\"@context\":\"https:\/\/schema.org\",\"@graph\":[{\"@type\":\"WebPage\",\"@id\":\"https:\/\/www.vkpakmachine.com\/lt\/quality-control\/\",\"url\":\"https:\/\/www.vkpakmachine.com\/lt\/quality-control\/\",\"name\":\"Quality Control - VKPAK\",\"isPartOf\":{\"@id\":\"https:\/\/www.vkpakmachine.com\/lv\/#website\"},\"datePublished\":\"2022-12-26T07:10:39+00:00\",\"dateModified\":\"2022-12-26T07:10:39+00:00\",\"breadcrumb\":{\"@id\":\"https:\/\/www.vkpakmachine.com\/lt\/quality-control\/#breadcrumb\"},\"inLanguage\":\"bs-BA\",\"potentialAction\":[{\"@type\":\"ReadAction\",\"target\":[\"https:\/\/www.vkpakmachine.com\/lt\/quality-control\/\"]}]},{\"@type\":\"BreadcrumbList\",\"@id\":\"https:\/\/www.vkpakmachine.com\/lt\/quality-control\/#breadcrumb\",\"itemListElement\":[{\"@type\":\"ListItem\",\"position\":1,\"name\":\"Home\",\"item\":\"https:\/\/www.vkpakmachine.com\/lv\/\"},{\"@type\":\"ListItem\",\"position\":2,\"name\":\"Quality Control\"}]},{\"@type\":\"WebSite\",\"@id\":\"https:\/\/www.vkpakmachine.com\/lv\/#website\",\"url\":\"https:\/\/www.vkpakmachine.com\/lv\/\",\"name\":\"VKPAK\",\"description\":\"\",\"publisher\":{\"@id\":\"https:\/\/www.vkpakmachine.com\/lv\/#organization\"},\"potentialAction\":[{\"@type\":\"SearchAction\",\"target\":{\"@type\":\"EntryPoint\",\"urlTemplate\":\"https:\/\/www.vkpakmachine.com\/lv\/?s={search_term_string}\"},\"query-input\":\"required name=search_term_string\"}],\"inLanguage\":\"bs-BA\"},{\"@type\":\"Organization\",\"@id\":\"https:\/\/www.vkpakmachine.com\/lv\/#organization\",\"name\":\"VKPAK\",\"url\":\"https:\/\/www.vkpakmachine.com\/lv\/\",\"logo\":{\"@type\":\"ImageObject\",\"inLanguage\":\"bs-BA\",\"@id\":\"https:\/\/www.vkpakmachine.com\/lv\/#\/schema\/logo\/image\/\",\"url\":\"https:\/\/www.vkpakmachine.com\/wp-content\/uploads\/Logo.png\",\"contentUrl\":\"https:\/\/www.vkpakmachine.com\/wp-content\/uploads\/Logo.png\",\"width\":300,\"height\":57,\"caption\":\"VKPAK\"},\"image\":{\"@id\":\"https:\/\/www.vkpakmachine.com\/lv\/#\/schema\/logo\/image\/\"}}]}<\/script>\n<!-- \/ Yoast SEO plugin. -->","yoast_head_json":{"title":"Quality Control - VKPAK","robots":{"index":"index","follow":"follow","max-snippet":"max-snippet:-1","max-image-preview":"max-image-preview:large","max-video-preview":"max-video-preview:-1"},"canonical":"https:\/\/www.vkpakmachine.com\/bs\/quality-control\/","schema":{"@context":"https:\/\/schema.org","@graph":[{"@type":"WebPage","@id":"https:\/\/www.vkpakmachine.com\/lt\/quality-control\/","url":"https:\/\/www.vkpakmachine.com\/lt\/quality-control\/","name":"Quality Control - VKPAK","isPartOf":{"@id":"https:\/\/www.vkpakmachine.com\/lv\/#website"},"datePublished":"2022-12-26T07:10:39+00:00","dateModified":"2022-12-26T07:10:39+00:00","breadcrumb":{"@id":"https:\/\/www.vkpakmachine.com\/lt\/quality-control\/#breadcrumb"},"inLanguage":"bs-BA","potentialAction":[{"@type":"ReadAction","target":["https:\/\/www.vkpakmachine.com\/lt\/quality-control\/"]}]},{"@type":"BreadcrumbList","@id":"https:\/\/www.vkpakmachine.com\/lt\/quality-control\/#breadcrumb","itemListElement":[{"@type":"ListItem","position":1,"name":"Home","item":"https:\/\/www.vkpakmachine.com\/lv\/"},{"@type":"ListItem","position":2,"name":"Quality Control"}]},{"@type":"WebSite","@id":"https:\/\/www.vkpakmachine.com\/lv\/#website","url":"https:\/\/www.vkpakmachine.com\/lv\/","name":"VKPAK","description":"","publisher":{"@id":"https:\/\/www.vkpakmachine.com\/lv\/#organization"},"potentialAction":[{"@type":"SearchAction","target":{"@type":"EntryPoint","urlTemplate":"https:\/\/www.vkpakmachine.com\/lv\/?s={search_term_string}"},"query-input":"required name=search_term_string"}],"inLanguage":"bs-BA"},{"@type":"Organization","@id":"https:\/\/www.vkpakmachine.com\/lv\/#organization","name":"VKPAK","url":"https:\/\/www.vkpakmachine.com\/lv\/","logo":{"@type":"ImageObject","inLanguage":"bs-BA","@id":"https:\/\/www.vkpakmachine.com\/lv\/#\/schema\/logo\/image\/","url":"https:\/\/www.vkpakmachine.com\/wp-content\/uploads\/Logo.png","contentUrl":"https:\/\/www.vkpakmachine.com\/wp-content\/uploads\/Logo.png","width":300,"height":57,"caption":"VKPAK"},"image":{"@id":"https:\/\/www.vkpakmachine.com\/lv\/#\/schema\/logo\/image\/"}}]}},"_links":{"self":[{"href":"https:\/\/www.vkpakmachine.com\/bs\/wp-json\/wp\/v2\/pages\/2424"}],"collection":[{"href":"https:\/\/www.vkpakmachine.com\/bs\/wp-json\/wp\/v2\/pages"}],"about":[{"href":"https:\/\/www.vkpakmachine.com\/bs\/wp-json\/wp\/v2\/types\/page"}],"author":[{"embeddable":true,"href":"https:\/\/www.vkpakmachine.com\/bs\/wp-json\/wp\/v2\/users\/1"}],"replies":[{"embeddable":true,"href":"https:\/\/www.vkpakmachine.com\/bs\/wp-json\/wp\/v2\/comments?post=2424"}],"version-history":[{"count":0,"href":"https:\/\/www.vkpakmachine.com\/bs\/wp-json\/wp\/v2\/pages\/2424\/revisions"}],"wp:attachment":[{"href":"https:\/\/www.vkpakmachine.com\/bs\/wp-json\/wp\/v2\/media?parent=2424"}],"curies":[{"name":"wp","href":"https:\/\/api.w.org\/{rel}","templated":true}]}}