{"id":2426,"date":"2022-12-26T07:11:57","date_gmt":"2022-12-26T07:11:57","guid":{"rendered":"https:\/\/www.vkpakmachine.com\/?page_id=2426"},"modified":"2022-12-26T07:11:57","modified_gmt":"2022-12-26T07:11:57","slug":"service","status":"publish","type":"page","link":"https:\/\/www.vkpakmachine.com\/az\/service\/","title":{"rendered":"Xidm\u0259t"},"content":{"rendered":"<h3>T\u0259lim:<\/h3>\n<p>Biz ma\u015f\u0131nlar\u0131n t\u0259lim sistemini t\u0259klif edirik, m\u00fc\u015ft\u0259ri fabrikimizd\u0259 v\u0259 ya m\u00fc\u015ft\u0259ri emalatxanas\u0131nda t\u0259lim se\u00e7\u0259 bil\u0259r. Normal m\u0259\u015fq g\u00fcnl\u0259ri 3-5 g\u00fcnd\u00fcr.<\/p>\n<p>Biz m\u00fc\u015ft\u0259riy\u0259 \u0259m\u0259liyyat kitab\u00e7as\u0131 t\u0259qdim edirik.<\/p>\n<p>M\u00fc\u015ft\u0259riy\u0259 t\u0259lim videosu v\u0259 ma\u015f\u0131n \u0259m\u0259liyyat\u0131 videosunu t\u0259qdim edirik.<\/p>\n<p>M\u00fc\u015ft\u0259ri ma\u015f\u0131n\u0131 nec\u0259 idar\u0259 ed\u0259c\u0259yini v\u0259 istifad\u0259 ed\u0259c\u0259yini bilmirs\u0259, biz uzaqdan idar\u0259etm\u0259 xidm\u0259tini t\u0259klif edirik.<\/p>\n<h3>Qura\u015fd\u0131rma:<\/h3>\n<p>\u018fg\u0259r t\u0259l\u0259b olunarsa, al\u0131c\u0131n\u0131n yerin\u0259 avadanl\u0131qlar\u0131n qura\u015fd\u0131r\u0131lmas\u0131 v\u0259 sazlanmas\u0131 \u00fc\u00e7\u00fcn m\u00fch\u0259ndisl\u0259ri g\u00f6nd\u0259r\u0259c\u0259yik. Beyn\u0259lxalq ikit\u0259r\u0259fli aviabiletl\u0259rin, ya\u015fay\u0131\u015f yerl\u0259rinin, yem\u0259k v\u0259 n\u0259qliyyat\u0131n, tibbi xidm\u0259tin d\u0259y\u0259ri m\u00fch\u0259ndisl\u0259r \u00fc\u00e7\u00fcn Al\u0131c\u0131 t\u0259r\u0259find\u0259n \u00f6d\u0259nilir. Al\u0131c\u0131 T\u0259chizat\u00e7\u0131n\u0131n m\u00fch\u0259ndisi il\u0259 tam \u0259m\u0259kda\u015fl\u0131q etm\u0259li v\u0259 b\u00fct\u00fcn qura\u015fd\u0131rma \u015f\u0259raitini i\u015f\u0259 haz\u0131r v\u0259ziyy\u0259t\u0259 g\u0259tirm\u0259lidir.<\/p>\n<h3>Z\u0259man\u0259t:<\/h3>\n<p>\u0130stehsal\u00e7\u0131 mallar\u0131n \u0130stehsal\u00e7\u0131n\u0131n \u0259n yax\u015f\u0131 materiallar\u0131ndan haz\u0131rlanmas\u0131na z\u0259man\u0259t verir. Sat\u0131lan ma\u015f\u0131na bir il \u0259rzind\u0259 z\u0259man\u0259t veril\u0259c\u0259k, z\u0259man\u0259t ilind\u0259 t\u0259dar\u00fck\u00e7\u00fcn\u00fcn keyfiyy\u0259t problemin\u0259 g\u00f6r\u0259 h\u0259r hans\u0131 ehtiyat hiss\u0259l\u0259ri xarab olsa, ehtiyat hiss\u0259l\u0259ri m\u00fc\u015ft\u0259riy\u0259 pulsuz veril\u0259c\u0259k, ba\u011flaman\u0131n \u00e7\u0259kisi 500 qramdan \u00e7ox olarsa, m\u00fc\u015ft\u0259ri y\u00fck haqq\u0131n\u0131 \u00f6d\u0259m\u0259lidir.<\/p>\n<h3>Sat\u0131\u015fdan Sonra Qura\u015fd\u0131rma Ma\u015f\u0131nlar\u0131<\/h3>\n<div class=\"su-custom-gallery su-custom-gallery-title-hover su-lightbox-gallery\"><div class=\"su-custom-gallery-slide\"><a href=\"https:\/\/www.vkpakmachine.com\/wp-content\/uploads\/After-sales-installation-machinery-2.jpg\" title=\"Sat\u0131\u015fdan sonra qura\u015fd\u0131rma ma\u015f\u0131nlar\u0131\"><img loading=\"lazy\" decoding=\"async\" src=\"https:\/\/www.vkpakmachine.com\/wp-content\/uploads\/After-sales-installation-machinery-2-380x250.jpg\" alt=\"Sat\u0131\u015fdan sonra qura\u015fd\u0131rma ma\u015f\u0131nlar\u0131\" width=\"380\" height=\"250\" \/><span class=\"su-custom-gallery-title\">Sat\u0131\u015fdan sonra qura\u015fd\u0131rma ma\u015f\u0131nlar\u0131<\/span><\/a><\/div><div class=\"su-custom-gallery-slide\"><a href=\"https:\/\/www.vkpakmachine.com\/wp-content\/uploads\/After-sales-installation-machinery-3.jpg\" title=\"Sat\u0131\u015fdan sonra qura\u015fd\u0131rma ma\u015f\u0131nlar\u0131\"><img loading=\"lazy\" decoding=\"async\" src=\"https:\/\/www.vkpakmachine.com\/wp-content\/uploads\/After-sales-installation-machinery-3-380x250.jpg\" alt=\"Sat\u0131\u015fdan sonra qura\u015fd\u0131rma ma\u015f\u0131nlar\u0131\" width=\"380\" height=\"250\" \/><span class=\"su-custom-gallery-title\">Sat\u0131\u015fdan sonra qura\u015fd\u0131rma ma\u015f\u0131nlar\u0131<\/span><\/a><\/div><div class=\"su-custom-gallery-slide\"><a href=\"https:\/\/www.vkpakmachine.com\/wp-content\/uploads\/After-sales-installation-machinery.jpg\" title=\"Sat\u0131\u015fdan sonra qura\u015fd\u0131rma ma\u015f\u0131nlar\u0131\"><img loading=\"lazy\" decoding=\"async\" src=\"https:\/\/www.vkpakmachine.com\/wp-content\/uploads\/After-sales-installation-machinery-380x250.jpg\" alt=\"Sat\u0131\u015fdan sonra qura\u015fd\u0131rma ma\u015f\u0131nlar\u0131\" width=\"380\" height=\"250\" \/><span class=\"su-custom-gallery-title\">Sat\u0131\u015fdan sonra qura\u015fd\u0131rma ma\u015f\u0131nlar\u0131<\/span><\/a><\/div><div class=\"su-clear\"><\/div><\/div>","protected":false},"excerpt":{"rendered":"<p>T\u0259lim: Ma\u015f\u0131nlar\u0131n t\u0259lim sistemini t\u0259klif edirik, m\u00fc\u015ft\u0259ri fabrikimizd\u0259 v\u0259 ya m\u00fc\u015ft\u0259ri emalatxanas\u0131nda t\u0259lim se\u00e7\u0259 bil\u0259r. Normal m\u0259\u015fq g\u00fcnl\u0259ri 3-5 g\u00fcnd\u00fcr. Biz m\u00fc\u015ft\u0259riy\u0259 \u0259m\u0259liyyat kitab\u00e7as\u0131 t\u0259qdim edirik. Biz siz\u0259 t\u0259lim videosu v\u0259 ma\u015f\u0131n \u0259m\u0259liyyat\u0131 videosunu t\u0259qdim edirik...&nbsp;<a href=\"https:\/\/www.vkpakmachine.com\/az\/service\/\" class=\"more-link\">Daha \u00e7ox oxu<\/a><\/p>","protected":false},"author":1,"featured_media":0,"parent":0,"menu_order":0,"comment_status":"closed","ping_status":"closed","template":"","meta":{"footnotes":""},"yoast_head":"<!-- This site is optimized with the Yoast SEO plugin v22.5 - https:\/\/yoast.com\/wordpress\/plugins\/seo\/ -->\n<title>Service - VKPAK<\/title>\n<meta name=\"robots\" content=\"index, follow, max-snippet:-1, max-image-preview:large, max-video-preview:-1\" \/>\n<link rel=\"canonical\" href=\"https:\/\/www.vkpakmachine.com\/az\/service\/\" \/>\n<script type=\"application\/ld+json\" class=\"yoast-schema-graph\">{\"@context\":\"https:\/\/schema.org\",\"@graph\":[{\"@type\":\"WebPage\",\"@id\":\"https:\/\/www.vkpakmachine.com\/lt\/service\/\",\"url\":\"https:\/\/www.vkpakmachine.com\/lt\/service\/\",\"name\":\"Service - VKPAK\",\"isPartOf\":{\"@id\":\"https:\/\/www.vkpakmachine.com\/lv\/#website\"},\"datePublished\":\"2022-12-26T07:11:57+00:00\",\"dateModified\":\"2022-12-26T07:11:57+00:00\",\"breadcrumb\":{\"@id\":\"https:\/\/www.vkpakmachine.com\/lt\/service\/#breadcrumb\"},\"inLanguage\":\"az\",\"potentialAction\":[{\"@type\":\"ReadAction\",\"target\":[\"https:\/\/www.vkpakmachine.com\/lt\/service\/\"]}]},{\"@type\":\"BreadcrumbList\",\"@id\":\"https:\/\/www.vkpakmachine.com\/lt\/service\/#breadcrumb\",\"itemListElement\":[{\"@type\":\"ListItem\",\"position\":1,\"name\":\"Home\",\"item\":\"https:\/\/www.vkpakmachine.com\/lv\/\"},{\"@type\":\"ListItem\",\"position\":2,\"name\":\"Service\"}]},{\"@type\":\"WebSite\",\"@id\":\"https:\/\/www.vkpakmachine.com\/lv\/#website\",\"url\":\"https:\/\/www.vkpakmachine.com\/lv\/\",\"name\":\"VKPAK\",\"description\":\"\",\"publisher\":{\"@id\":\"https:\/\/www.vkpakmachine.com\/lv\/#organization\"},\"potentialAction\":[{\"@type\":\"SearchAction\",\"target\":{\"@type\":\"EntryPoint\",\"urlTemplate\":\"https:\/\/www.vkpakmachine.com\/lv\/?s={search_term_string}\"},\"query-input\":\"required name=search_term_string\"}],\"inLanguage\":\"az\"},{\"@type\":\"Organization\",\"@id\":\"https:\/\/www.vkpakmachine.com\/lv\/#organization\",\"name\":\"VKPAK\",\"url\":\"https:\/\/www.vkpakmachine.com\/lv\/\",\"logo\":{\"@type\":\"ImageObject\",\"inLanguage\":\"az\",\"@id\":\"https:\/\/www.vkpakmachine.com\/lv\/#\/schema\/logo\/image\/\",\"url\":\"https:\/\/www.vkpakmachine.com\/wp-content\/uploads\/Logo.png\",\"contentUrl\":\"https:\/\/www.vkpakmachine.com\/wp-content\/uploads\/Logo.png\",\"width\":300,\"height\":57,\"caption\":\"VKPAK\"},\"image\":{\"@id\":\"https:\/\/www.vkpakmachine.com\/lv\/#\/schema\/logo\/image\/\"}}]}<\/script>\n<!-- \/ Yoast SEO plugin. -->","yoast_head_json":{"title":"Service - VKPAK","robots":{"index":"index","follow":"follow","max-snippet":"max-snippet:-1","max-image-preview":"max-image-preview:large","max-video-preview":"max-video-preview:-1"},"canonical":"https:\/\/www.vkpakmachine.com\/az\/service\/","schema":{"@context":"https:\/\/schema.org","@graph":[{"@type":"WebPage","@id":"https:\/\/www.vkpakmachine.com\/lt\/service\/","url":"https:\/\/www.vkpakmachine.com\/lt\/service\/","name":"Service - VKPAK","isPartOf":{"@id":"https:\/\/www.vkpakmachine.com\/lv\/#website"},"datePublished":"2022-12-26T07:11:57+00:00","dateModified":"2022-12-26T07:11:57+00:00","breadcrumb":{"@id":"https:\/\/www.vkpakmachine.com\/lt\/service\/#breadcrumb"},"inLanguage":"az","potentialAction":[{"@type":"ReadAction","target":["https:\/\/www.vkpakmachine.com\/lt\/service\/"]}]},{"@type":"BreadcrumbList","@id":"https:\/\/www.vkpakmachine.com\/lt\/service\/#breadcrumb","itemListElement":[{"@type":"ListItem","position":1,"name":"Home","item":"https:\/\/www.vkpakmachine.com\/lv\/"},{"@type":"ListItem","position":2,"name":"Service"}]},{"@type":"WebSite","@id":"https:\/\/www.vkpakmachine.com\/lv\/#website","url":"https:\/\/www.vkpakmachine.com\/lv\/","name":"VKPAK","description":"","publisher":{"@id":"https:\/\/www.vkpakmachine.com\/lv\/#organization"},"potentialAction":[{"@type":"SearchAction","target":{"@type":"EntryPoint","urlTemplate":"https:\/\/www.vkpakmachine.com\/lv\/?s={search_term_string}"},"query-input":"required name=search_term_string"}],"inLanguage":"az"},{"@type":"Organization","@id":"https:\/\/www.vkpakmachine.com\/lv\/#organization","name":"VKPAK","url":"https:\/\/www.vkpakmachine.com\/lv\/","logo":{"@type":"ImageObject","inLanguage":"az","@id":"https:\/\/www.vkpakmachine.com\/lv\/#\/schema\/logo\/image\/","url":"https:\/\/www.vkpakmachine.com\/wp-content\/uploads\/Logo.png","contentUrl":"https:\/\/www.vkpakmachine.com\/wp-content\/uploads\/Logo.png","width":300,"height":57,"caption":"VKPAK"},"image":{"@id":"https:\/\/www.vkpakmachine.com\/lv\/#\/schema\/logo\/image\/"}}]}},"_links":{"self":[{"href":"https:\/\/www.vkpakmachine.com\/az\/wp-json\/wp\/v2\/pages\/2426"}],"collection":[{"href":"https:\/\/www.vkpakmachine.com\/az\/wp-json\/wp\/v2\/pages"}],"about":[{"href":"https:\/\/www.vkpakmachine.com\/az\/wp-json\/wp\/v2\/types\/page"}],"author":[{"embeddable":true,"href":"https:\/\/www.vkpakmachine.com\/az\/wp-json\/wp\/v2\/users\/1"}],"replies":[{"embeddable":true,"href":"https:\/\/www.vkpakmachine.com\/az\/wp-json\/wp\/v2\/comments?post=2426"}],"version-history":[{"count":0,"href":"https:\/\/www.vkpakmachine.com\/az\/wp-json\/wp\/v2\/pages\/2426\/revisions"}],"wp:attachment":[{"href":"https:\/\/www.vkpakmachine.com\/az\/wp-json\/wp\/v2\/media?parent=2426"}],"curies":[{"name":"wp","href":"https:\/\/api.w.org\/{rel}","templated":true}]}}