{"id":2424,"date":"2022-12-26T07:10:39","date_gmt":"2022-12-26T07:10:39","guid":{"rendered":"https:\/\/www.vkpakmachine.com\/?page_id=2424"},"modified":"2022-12-26T07:10:39","modified_gmt":"2022-12-26T07:10:39","slug":"quality-control","status":"publish","type":"page","link":"https:\/\/www.vkpakmachine.com\/az\/quality-control\/","title":{"rendered":"Keyfiyy\u0259t\u0259 n\u0259zar\u0259t"},"content":{"rendered":"<h2><strong>Keyfiyy\u0259t t\u0259minat\u0131<\/strong><\/h2>\n<hr \/>\n<p>1, \u015eirk\u0259timiz t\u0259r\u0259find\u0259n t\u0259dar\u00fck edil\u0259n avadanl\u0131\u011f\u0131n z\u0259man\u0259ti \u0259n son dizayn v\u0259 uy\u011fun materialdan istifad\u0259 edilm\u0259kl\u0259 yeni istifad\u0259 olunmam\u0131\u015f v\u0259 b\u00fct\u00fcn aspektl\u0259ri il\u0259 m\u00fcqavil\u0259d\u0259 n\u0259z\u0259rd\u0259 tutulmu\u015f keyfiyy\u0259t spesifikasiyas\u0131na v\u0259 performansa cavab verir.<\/p>\n<p>2, M\u0259hsulun texniki performans g\u00f6st\u0259ricil\u0259rin\u0259 nail olmaq \u00fc\u00e7\u00fcn qura\u015fd\u0131rma v\u0259 ay\u0131klamadan 3 g\u00fcn sonra b\u00fct\u00fcn sistemd\u0259 d\u00fczg\u00fcn r\u0259hb\u0259rlikd\u0259n sonra avadanl\u0131q t\u0259r\u0259find\u0259n t\u0259min edil\u0259n \u015firk\u0259t z\u0259man\u0259ti.<\/p>\n<p>3, M\u00fcqavil\u0259d\u0259 n\u0259z\u0259rd\u0259 tutulmu\u015f keyfiyy\u0259t z\u0259man\u0259ti m\u00fcdd\u0259tind\u0259 \u015firk\u0259timiz z\u0259man\u0259t verir, avadanl\u0131\u011f\u0131n t\u0259dar\u00fck\u00fc \u00fc\u00e7\u00fcn dizayn prosesind\u0259 istehsalat qura\u015fd\u0131rma v\u0259 ya maddi q\u00fcsurlar v\u0259 sat\u0131c\u0131n\u0131n m\u0259suliyy\u0259ti il\u0259 yaranan b\u00fct\u00fcn nasazl\u0131qlar v\u0259 istehsal x\u0259tl\u0259rind\u0259ki nasazl\u0131qlara g\u00f6r\u0259 m\u0259suliyy\u0259t da\u015f\u0131y\u0131r.<\/p>\n<p>4, q\u0259buldan sonra 12 ay \u0259rzind\u0259 istehsal x\u0259tti \u00fc\u00e7\u00fcn b\u00fct\u00fcn ma\u015f\u0131n keyfiyy\u0259tin\u0259 z\u0259man\u0259t m\u00fcdd\u0259ti. Keyfiyy\u0259t\u0259 z\u0259man\u0259t m\u00fcdd\u0259tind\u0259 mal\u0131n keyfiyy\u0259ti v\u0259 ya spesifikasiyas\u0131 m\u00fcqavil\u0259nin m\u00fcdd\u0259alar\u0131na uy\u011fun g\u0259lm\u0259dikd\u0259 v\u0259 ya mal\u0131n q\u00fcsurlu oldu\u011funu s\u00fcbut etdikd\u0259 (o c\u00fcml\u0259d\u0259n potensial q\u00fcsurlar v\u0259 ya keyfiyy\u0259tsiz materiallardan istifad\u0259 v\u0259 s.), keyfiyy\u0259t\u0259 z\u0259man\u0259t m\u00fcdd\u0259ti \u0259rzind\u0259 mal\u0131n h\u00fcquq departamenti t\u0259r\u0259find\u0259n verilmi\u015f yoxlama \u015f\u0259had\u0259tnam\u0259sin\u0259 uy\u011fun olaraq al\u0131c\u0131, sat\u0131c\u0131n\u0131n ir\u0259li s\u00fcrd\u00fcy\u00fc m\u00fcalic\u0259 sxemini almaq h\u00fcququna malikdir.<\/p>\n<p>5, T\u0259chiz edil\u0259n avadanl\u0131\u011f\u0131n mexaniki xass\u0259l\u0259ri \u00fczr\u0259 m\u0259hsulun keyfiyy\u0259tin\u0259 v\u0259 m\u0259hsulun istehlak indeksin\u0259 z\u0259man\u0259t ver\u0259n \u015firk\u0259t.<\/p>\n<h2><strong>Z\u0259man\u0259t<\/strong><\/h2>\n<hr \/>\n<p>1, Avadanl\u0131q q\u0259bul edildikd\u0259n sonra 12 ay z\u0259man\u0259t verin, sat\u0131c\u0131n\u0131n s\u0259b\u0259b oldu\u011fu hiss\u0259 v\u0259 komponentl\u0259rin q\u00fcsuruna v\u0259 vaxt\u0131nda v\u0259 effektiv xidm\u0259t\u0259 g\u00f6r\u0259 pulsuz t\u0259min edil\u0259n z\u0259man\u0259t m\u00fcdd\u0259ti.<\/p>\n<p>2, Z\u0259man\u0259td\u0259n sonra \u00f6m\u00fcr boyu geni\u015f \u0259lveri\u015fli texniki d\u0259st\u0259k sat\u0131\u015f sonras\u0131 xidm\u0259t g\u00f6st\u0259rir.<br \/>\nSat\u0131\u015fdan sonrak\u0131 xidm\u0259t: \u015firk\u0259timizin sat\u0131\u015f sonras\u0131 xidm\u0259t \u015f\u00f6b\u0259sind\u0259 x\u00fcsusi sat\u0131\u015f sonras\u0131 xidm\u0259t qaynar x\u0259tt xidm\u0259ti telefonu var, i\u015f\u00e7il\u0259rimiz telefon istifad\u0259\u00e7isini g\u00f6t\u00fcrm\u0259y\u0259 cavabdehdir, ilk sualda istifad\u0259\u00e7iy\u0259 avadanl\u0131qdan sonra h\u0259v\u0259sl\u0259 ciddi cavab verm\u0259sini t\u0259min edin. 12 ayl\u0131q z\u0259man\u0259t xidm\u0259t prosesini t\u0259min etdiyimiz avadanl\u0131qlar\u0131n q\u0259bulu, \u0259n az\u0131 bir d\u0259f\u0259 m\u00fcnt\u0259z\u0259m yoxlaman\u0131n pe\u015f\u0259kar v\u0259 texniki personal\u0131 t\u0259r\u0259find\u0259n t\u0259min edil\u0259c\u0259yik v\u0259 texniki xidm\u0259t t\u0259l\u0259bl\u0259rind\u0259n sonra ayd\u0131n \u015f\u0259kild\u0259 ir\u0259li s\u00fcr\u00fcl\u0259n istifad\u0259\u00e7i istinad istifad\u0259\u00e7il\u0259ri \u00fc\u00e7\u00fcn \u0259trafl\u0131 yoxlama hesabat\u0131 t\u0259qdim ed\u0259c\u0259yik, \u015firk\u0259timiz v\u0259d edir. : istifad\u0259\u00e7i s\u0259hn\u0259si \u0259n q\u0131sa m\u00fcdd\u0259td\u0259 t\u0259mir xidm\u0259tin\u0259 g\u00f6nd\u0259rilir.<\/p>","protected":false},"excerpt":{"rendered":"<p>Keyfiyy\u0259t T\u0259minat\u0131 1, \u015eirk\u0259timiz t\u0259r\u0259find\u0259n t\u0259chiz edilmi\u015f avadanl\u0131qlar\u0131n z\u0259man\u0259ti \u0259n son dizayn v\u0259 uy\u011fun materialdan istifad\u0259 edilm\u0259kl\u0259 yeni istifad\u0259 olunmam\u0131\u015f v\u0259 b\u00fct\u00fcn aspektl\u0259ri il\u0259 m\u00fcqavil\u0259d\u0259 n\u0259z\u0259rd\u0259 tutulmu\u015f keyfiyy\u0259t spesifikasiyas\u0131na v\u0259 performansa cavab verir. 2, \u015eirk\u0259t\u2026&nbsp;<a href=\"https:\/\/www.vkpakmachine.com\/az\/quality-control\/\" class=\"more-link\">Daha \u00e7ox oxu<\/a><\/p>","protected":false},"author":1,"featured_media":0,"parent":0,"menu_order":0,"comment_status":"closed","ping_status":"closed","template":"","meta":{"footnotes":""},"yoast_head":"<!-- This site is optimized with the Yoast SEO plugin v22.5 - https:\/\/yoast.com\/wordpress\/plugins\/seo\/ -->\n<title>Quality Control - VKPAK<\/title>\n<meta name=\"robots\" content=\"index, follow, max-snippet:-1, max-image-preview:large, max-video-preview:-1\" \/>\n<link rel=\"canonical\" href=\"https:\/\/www.vkpakmachine.com\/az\/quality-control\/\" \/>\n<script type=\"application\/ld+json\" class=\"yoast-schema-graph\">{\"@context\":\"https:\/\/schema.org\",\"@graph\":[{\"@type\":\"WebPage\",\"@id\":\"https:\/\/www.vkpakmachine.com\/lt\/quality-control\/\",\"url\":\"https:\/\/www.vkpakmachine.com\/lt\/quality-control\/\",\"name\":\"Quality Control - VKPAK\",\"isPartOf\":{\"@id\":\"https:\/\/www.vkpakmachine.com\/lv\/#website\"},\"datePublished\":\"2022-12-26T07:10:39+00:00\",\"dateModified\":\"2022-12-26T07:10:39+00:00\",\"breadcrumb\":{\"@id\":\"https:\/\/www.vkpakmachine.com\/lt\/quality-control\/#breadcrumb\"},\"inLanguage\":\"az\",\"potentialAction\":[{\"@type\":\"ReadAction\",\"target\":[\"https:\/\/www.vkpakmachine.com\/lt\/quality-control\/\"]}]},{\"@type\":\"BreadcrumbList\",\"@id\":\"https:\/\/www.vkpakmachine.com\/lt\/quality-control\/#breadcrumb\",\"itemListElement\":[{\"@type\":\"ListItem\",\"position\":1,\"name\":\"Home\",\"item\":\"https:\/\/www.vkpakmachine.com\/lv\/\"},{\"@type\":\"ListItem\",\"position\":2,\"name\":\"Quality Control\"}]},{\"@type\":\"WebSite\",\"@id\":\"https:\/\/www.vkpakmachine.com\/lv\/#website\",\"url\":\"https:\/\/www.vkpakmachine.com\/lv\/\",\"name\":\"VKPAK\",\"description\":\"\",\"publisher\":{\"@id\":\"https:\/\/www.vkpakmachine.com\/lv\/#organization\"},\"potentialAction\":[{\"@type\":\"SearchAction\",\"target\":{\"@type\":\"EntryPoint\",\"urlTemplate\":\"https:\/\/www.vkpakmachine.com\/lv\/?s={search_term_string}\"},\"query-input\":\"required name=search_term_string\"}],\"inLanguage\":\"az\"},{\"@type\":\"Organization\",\"@id\":\"https:\/\/www.vkpakmachine.com\/lv\/#organization\",\"name\":\"VKPAK\",\"url\":\"https:\/\/www.vkpakmachine.com\/lv\/\",\"logo\":{\"@type\":\"ImageObject\",\"inLanguage\":\"az\",\"@id\":\"https:\/\/www.vkpakmachine.com\/lv\/#\/schema\/logo\/image\/\",\"url\":\"https:\/\/www.vkpakmachine.com\/wp-content\/uploads\/Logo.png\",\"contentUrl\":\"https:\/\/www.vkpakmachine.com\/wp-content\/uploads\/Logo.png\",\"width\":300,\"height\":57,\"caption\":\"VKPAK\"},\"image\":{\"@id\":\"https:\/\/www.vkpakmachine.com\/lv\/#\/schema\/logo\/image\/\"}}]}<\/script>\n<!-- \/ Yoast SEO plugin. -->","yoast_head_json":{"title":"Quality Control - VKPAK","robots":{"index":"index","follow":"follow","max-snippet":"max-snippet:-1","max-image-preview":"max-image-preview:large","max-video-preview":"max-video-preview:-1"},"canonical":"https:\/\/www.vkpakmachine.com\/az\/quality-control\/","schema":{"@context":"https:\/\/schema.org","@graph":[{"@type":"WebPage","@id":"https:\/\/www.vkpakmachine.com\/lt\/quality-control\/","url":"https:\/\/www.vkpakmachine.com\/lt\/quality-control\/","name":"Quality Control - VKPAK","isPartOf":{"@id":"https:\/\/www.vkpakmachine.com\/lv\/#website"},"datePublished":"2022-12-26T07:10:39+00:00","dateModified":"2022-12-26T07:10:39+00:00","breadcrumb":{"@id":"https:\/\/www.vkpakmachine.com\/lt\/quality-control\/#breadcrumb"},"inLanguage":"az","potentialAction":[{"@type":"ReadAction","target":["https:\/\/www.vkpakmachine.com\/lt\/quality-control\/"]}]},{"@type":"BreadcrumbList","@id":"https:\/\/www.vkpakmachine.com\/lt\/quality-control\/#breadcrumb","itemListElement":[{"@type":"ListItem","position":1,"name":"Home","item":"https:\/\/www.vkpakmachine.com\/lv\/"},{"@type":"ListItem","position":2,"name":"Quality Control"}]},{"@type":"WebSite","@id":"https:\/\/www.vkpakmachine.com\/lv\/#website","url":"https:\/\/www.vkpakmachine.com\/lv\/","name":"VKPAK","description":"","publisher":{"@id":"https:\/\/www.vkpakmachine.com\/lv\/#organization"},"potentialAction":[{"@type":"SearchAction","target":{"@type":"EntryPoint","urlTemplate":"https:\/\/www.vkpakmachine.com\/lv\/?s={search_term_string}"},"query-input":"required name=search_term_string"}],"inLanguage":"az"},{"@type":"Organization","@id":"https:\/\/www.vkpakmachine.com\/lv\/#organization","name":"VKPAK","url":"https:\/\/www.vkpakmachine.com\/lv\/","logo":{"@type":"ImageObject","inLanguage":"az","@id":"https:\/\/www.vkpakmachine.com\/lv\/#\/schema\/logo\/image\/","url":"https:\/\/www.vkpakmachine.com\/wp-content\/uploads\/Logo.png","contentUrl":"https:\/\/www.vkpakmachine.com\/wp-content\/uploads\/Logo.png","width":300,"height":57,"caption":"VKPAK"},"image":{"@id":"https:\/\/www.vkpakmachine.com\/lv\/#\/schema\/logo\/image\/"}}]}},"_links":{"self":[{"href":"https:\/\/www.vkpakmachine.com\/az\/wp-json\/wp\/v2\/pages\/2424"}],"collection":[{"href":"https:\/\/www.vkpakmachine.com\/az\/wp-json\/wp\/v2\/pages"}],"about":[{"href":"https:\/\/www.vkpakmachine.com\/az\/wp-json\/wp\/v2\/types\/page"}],"author":[{"embeddable":true,"href":"https:\/\/www.vkpakmachine.com\/az\/wp-json\/wp\/v2\/users\/1"}],"replies":[{"embeddable":true,"href":"https:\/\/www.vkpakmachine.com\/az\/wp-json\/wp\/v2\/comments?post=2424"}],"version-history":[{"count":0,"href":"https:\/\/www.vkpakmachine.com\/az\/wp-json\/wp\/v2\/pages\/2424\/revisions"}],"wp:attachment":[{"href":"https:\/\/www.vkpakmachine.com\/az\/wp-json\/wp\/v2\/media?parent=2424"}],"curies":[{"name":"wp","href":"https:\/\/api.w.org\/{rel}","templated":true}]}}