{"id":2414,"date":"2022-12-26T07:08:38","date_gmt":"2022-12-26T07:08:38","guid":{"rendered":"https:\/\/www.vkpakmachine.com\/?page_id=2414"},"modified":"2022-12-26T07:08:38","modified_gmt":"2022-12-26T07:08:38","slug":"faq","status":"publish","type":"page","link":"https:\/\/www.vkpakmachine.com\/az\/faq\/","title":{"rendered":"Tez-tez veril\u0259n suallar"},"content":{"rendered":"<p><strong>S: Siz fabrik v\u0259 ya ticar\u0259t \u015firk\u0259tisiniz?<\/strong><br \/>\nA: Biz 2003-c\u00fc ild\u0259n b\u0259ri m\u00fcxt\u0259lif n\u00f6v doldurma ma\u015f\u0131nlar\u0131n\u0131n, qapaq ma\u015f\u0131nlar\u0131n\u0131n v\u0259 etiketl\u0259m\u0259 ma\u015f\u0131nlar\u0131n\u0131n layih\u0259l\u0259ndirilm\u0259si, istehsal\u0131, y\u0131\u011f\u0131lmas\u0131, qura\u015fd\u0131r\u0131lmas\u0131 v\u0259 sazlanmas\u0131na fabrikd\u0259 diqq\u0259t yetiririk.<\/p>\n<p><strong>S: Ma\u015f\u0131n\u0131n\u0131z\u0131n nec\u0259 i\u015fl\u0259diyini g\u00f6st\u0259r\u0259n video g\u00f6nd\u0259r\u0259 bil\u0259rsinizmi?<\/strong><br \/>\nA: \u015e\u00fcbh\u0259siz ki, biz ma\u015f\u0131n\u0131m\u0131z\u0131n b\u00fct\u00fcn videosunu \u00e7\u0259kmi\u015fik.<\/p>\n<p><strong>S: G\u00f6nd\u0259rm\u0259d\u0259n \u0259vv\u0259l test edirsiniz?<\/strong><br \/>\nA: Biz h\u0259mi\u015f\u0259 ma\u015f\u0131n\u0131 tam s\u0131naqdan ke\u00e7iririk v\u0259 g\u00f6nd\u0259rilm\u0259zd\u0259n \u0259vv\u0259l onun r\u0259van i\u015fl\u0259diyin\u0259 \u0259min oluruq.<\/p>\n<p><strong>S: \u00d6d\u0259ni\u015f m\u00fcdd\u0259ti v\u0259 ticar\u0259t \u015f\u0259rtl\u0259ri n\u0259dir?<\/strong><br \/>\nA: T\/T, Western Union, MoneyGram, Alibaba Ticar\u0259t T\u0259minat\u0131 \u00f6d\u0259ni\u015fl\u0259rini q\u0259bul edirik.<br \/>\nTicar\u0259t m\u00fcdd\u0259ti: EXW, FOB, CIF, CNF.<\/p>\n<p><strong>S: MOQ v\u0259 z\u0259man\u0259t n\u0259dir?<\/strong><br \/>\nA: MOQ yoxdur, sifari\u015f\u0259 xo\u015f g\u0259lmisiniz, 12 ay z\u0259man\u0259t veririk.<\/p>\n<p><strong>S: G\u00f6nd\u0259rm\u0259 \u00fc\u00e7\u00fcn hans\u0131 paket?<\/strong><br \/>\nA: B\u00fct\u00fcn ma\u015f\u0131n\u0131n \u0259traf\u0131nda \u0259sas uzanan film sar\u011f\u0131dan istifad\u0259 edin v\u0259 ixrac edilmi\u015f taxta qutu il\u0259 qabla\u015fd\u0131r\u0131l\u0131n, h\u0259m\u00e7inin t\u0259l\u0259bl\u0259riniz\u0259 uy\u011fun ola bil\u0259r.<\/p>\n<p><strong>S: Ma\u015f\u0131n\u0131n z\u0259man\u0259t ili bitibs\u0259, h\u0259r hans\u0131 bir hiss\u0259 xarab olarsa n\u0259 ed\u0259 bil\u0259rik?<\/strong><br \/>\nA: Biz ma\u015f\u0131na b\u00fct\u00fcn \u00f6m\u00fcr boyu xidm\u0259t t\u0259klif edirik, \u0259g\u0259r bir ild\u0259n sonra h\u0259r hans\u0131 ehtiyat hiss\u0259l\u0259ri xarab olarsa, m\u00fc\u015ft\u0259ril\u0259r yerli bazarda ehtiyat hiss\u0259l\u0259ri ala bil\u0259r v\u0259 ya t\u0259chizat\u00e7\u0131lardan ala bil\u0259r, biz 24 saat \u0259rzind\u0259 m\u00fc\u015ft\u0259ril\u0259r\u0259 ehtiyat hiss\u0259l\u0259ri g\u00f6nd\u0259r\u0259 bil\u0259rik. Ma\u015f\u0131n komponentl\u0259rimizin b\u00fct\u00fcn hiss\u0259l\u0259ri d\u00fcnyaca m\u0259\u015fhur brendd\u0259n orijinald\u0131r, yerli yerd\u0259 tapmaq asand\u0131r.<\/p>\n<p><strong>S: Z\u0259man\u0259tiniz n\u0259dir?<\/strong><br \/>\nA: Ma\u015f\u0131nlara bir il z\u0259man\u0259t veririk. Z\u0259man\u0259t ilind\u0259 VKPAK keyfiyy\u0259t problemin\u0259 g\u00f6r\u0259 h\u0259r hans\u0131 ehtiyat hiss\u0259l\u0259ri xarab olub, ehtiyyat hiss\u0259l\u0259ri m\u00fc\u015ft\u0259ril\u0259r \u00fc\u00e7\u00fcn pulsuz verilir, ba\u011flaman\u0131n \u00e7\u0259kisi 500 qramdan \u00e7ox olarsa, m\u00fc\u015ft\u0259ri y\u00fck haqq\u0131n\u0131 \u00f6d\u0259m\u0259lidir. Asan k\u00f6hn\u0259l\u0259n ehtiyat hiss\u0259l\u0259ri yoxdur O \u00fcz\u00fckl\u0259r, k\u0259m\u0259rl\u0259r kimi z\u0259man\u0259t \u015f\u0259rtl\u0259ri istifad\u0259 edilm\u0259kl\u0259 bir il m\u00fcdd\u0259tind\u0259 ma\u015f\u0131nla t\u0259min olunacaq.<\/p>","protected":false},"excerpt":{"rendered":"<p>S: Siz fabrik v\u0259 ya ticar\u0259t \u015firk\u0259tisiniz? A: Biz 2003-c\u00fc ild\u0259n b\u0259ri m\u00fcxt\u0259lif n\u00f6v doldurma ma\u015f\u0131nlar\u0131n\u0131n, qapaq ma\u015f\u0131nlar\u0131n\u0131n v\u0259 etiketl\u0259m\u0259 ma\u015f\u0131nlar\u0131n\u0131n layih\u0259l\u0259ndirilm\u0259si, istehsal\u0131, y\u0131\u011f\u0131lmas\u0131, qura\u015fd\u0131r\u0131lmas\u0131 v\u0259 sazlanmas\u0131 il\u0259 m\u0259\u015f\u011ful oluruq.&nbsp;<a href=\"https:\/\/www.vkpakmachine.com\/az\/faq\/\" class=\"more-link\">Daha \u00e7ox oxu<\/a><\/p>","protected":false},"author":1,"featured_media":0,"parent":0,"menu_order":0,"comment_status":"closed","ping_status":"closed","template":"","meta":{"footnotes":""},"yoast_head":"<!-- This site is optimized with the Yoast SEO plugin v22.5 - https:\/\/yoast.com\/wordpress\/plugins\/seo\/ -->\n<title>FAQ - VKPAK<\/title>\n<meta name=\"robots\" content=\"index, follow, max-snippet:-1, max-image-preview:large, max-video-preview:-1\" \/>\n<link rel=\"canonical\" href=\"https:\/\/www.vkpakmachine.com\/az\/faq\/\" \/>\n<script type=\"application\/ld+json\" class=\"yoast-schema-graph\">{\"@context\":\"https:\/\/schema.org\",\"@graph\":[{\"@type\":\"WebPage\",\"@id\":\"https:\/\/www.vkpakmachine.com\/lv\/faq\/\",\"url\":\"https:\/\/www.vkpakmachine.com\/lv\/faq\/\",\"name\":\"FAQ - VKPAK\",\"isPartOf\":{\"@id\":\"https:\/\/www.vkpakmachine.com\/lv\/#website\"},\"datePublished\":\"2022-12-26T07:08:38+00:00\",\"dateModified\":\"2022-12-26T07:08:38+00:00\",\"breadcrumb\":{\"@id\":\"https:\/\/www.vkpakmachine.com\/lv\/faq\/#breadcrumb\"},\"inLanguage\":\"az\",\"potentialAction\":[{\"@type\":\"ReadAction\",\"target\":[\"https:\/\/www.vkpakmachine.com\/lv\/faq\/\"]}]},{\"@type\":\"BreadcrumbList\",\"@id\":\"https:\/\/www.vkpakmachine.com\/lv\/faq\/#breadcrumb\",\"itemListElement\":[{\"@type\":\"ListItem\",\"position\":1,\"name\":\"Home\",\"item\":\"https:\/\/www.vkpakmachine.com\/lv\/\"},{\"@type\":\"ListItem\",\"position\":2,\"name\":\"FAQ\"}]},{\"@type\":\"WebSite\",\"@id\":\"https:\/\/www.vkpakmachine.com\/lv\/#website\",\"url\":\"https:\/\/www.vkpakmachine.com\/lv\/\",\"name\":\"VKPAK\",\"description\":\"\",\"publisher\":{\"@id\":\"https:\/\/www.vkpakmachine.com\/lv\/#organization\"},\"potentialAction\":[{\"@type\":\"SearchAction\",\"target\":{\"@type\":\"EntryPoint\",\"urlTemplate\":\"https:\/\/www.vkpakmachine.com\/lv\/?s={search_term_string}\"},\"query-input\":\"required name=search_term_string\"}],\"inLanguage\":\"az\"},{\"@type\":\"Organization\",\"@id\":\"https:\/\/www.vkpakmachine.com\/lv\/#organization\",\"name\":\"VKPAK\",\"url\":\"https:\/\/www.vkpakmachine.com\/lv\/\",\"logo\":{\"@type\":\"ImageObject\",\"inLanguage\":\"az\",\"@id\":\"https:\/\/www.vkpakmachine.com\/lv\/#\/schema\/logo\/image\/\",\"url\":\"https:\/\/www.vkpakmachine.com\/wp-content\/uploads\/Logo.png\",\"contentUrl\":\"https:\/\/www.vkpakmachine.com\/wp-content\/uploads\/Logo.png\",\"width\":300,\"height\":57,\"caption\":\"VKPAK\"},\"image\":{\"@id\":\"https:\/\/www.vkpakmachine.com\/lv\/#\/schema\/logo\/image\/\"}}]}<\/script>\n<!-- \/ Yoast SEO plugin. -->","yoast_head_json":{"title":"FAQ - VKPAK","robots":{"index":"index","follow":"follow","max-snippet":"max-snippet:-1","max-image-preview":"max-image-preview:large","max-video-preview":"max-video-preview:-1"},"canonical":"https:\/\/www.vkpakmachine.com\/az\/faq\/","schema":{"@context":"https:\/\/schema.org","@graph":[{"@type":"WebPage","@id":"https:\/\/www.vkpakmachine.com\/lv\/faq\/","url":"https:\/\/www.vkpakmachine.com\/lv\/faq\/","name":"FAQ - VKPAK","isPartOf":{"@id":"https:\/\/www.vkpakmachine.com\/lv\/#website"},"datePublished":"2022-12-26T07:08:38+00:00","dateModified":"2022-12-26T07:08:38+00:00","breadcrumb":{"@id":"https:\/\/www.vkpakmachine.com\/lv\/faq\/#breadcrumb"},"inLanguage":"az","potentialAction":[{"@type":"ReadAction","target":["https:\/\/www.vkpakmachine.com\/lv\/faq\/"]}]},{"@type":"BreadcrumbList","@id":"https:\/\/www.vkpakmachine.com\/lv\/faq\/#breadcrumb","itemListElement":[{"@type":"ListItem","position":1,"name":"Home","item":"https:\/\/www.vkpakmachine.com\/lv\/"},{"@type":"ListItem","position":2,"name":"FAQ"}]},{"@type":"WebSite","@id":"https:\/\/www.vkpakmachine.com\/lv\/#website","url":"https:\/\/www.vkpakmachine.com\/lv\/","name":"VKPAK","description":"","publisher":{"@id":"https:\/\/www.vkpakmachine.com\/lv\/#organization"},"potentialAction":[{"@type":"SearchAction","target":{"@type":"EntryPoint","urlTemplate":"https:\/\/www.vkpakmachine.com\/lv\/?s={search_term_string}"},"query-input":"required name=search_term_string"}],"inLanguage":"az"},{"@type":"Organization","@id":"https:\/\/www.vkpakmachine.com\/lv\/#organization","name":"VKPAK","url":"https:\/\/www.vkpakmachine.com\/lv\/","logo":{"@type":"ImageObject","inLanguage":"az","@id":"https:\/\/www.vkpakmachine.com\/lv\/#\/schema\/logo\/image\/","url":"https:\/\/www.vkpakmachine.com\/wp-content\/uploads\/Logo.png","contentUrl":"https:\/\/www.vkpakmachine.com\/wp-content\/uploads\/Logo.png","width":300,"height":57,"caption":"VKPAK"},"image":{"@id":"https:\/\/www.vkpakmachine.com\/lv\/#\/schema\/logo\/image\/"}}]}},"_links":{"self":[{"href":"https:\/\/www.vkpakmachine.com\/az\/wp-json\/wp\/v2\/pages\/2414"}],"collection":[{"href":"https:\/\/www.vkpakmachine.com\/az\/wp-json\/wp\/v2\/pages"}],"about":[{"href":"https:\/\/www.vkpakmachine.com\/az\/wp-json\/wp\/v2\/types\/page"}],"author":[{"embeddable":true,"href":"https:\/\/www.vkpakmachine.com\/az\/wp-json\/wp\/v2\/users\/1"}],"replies":[{"embeddable":true,"href":"https:\/\/www.vkpakmachine.com\/az\/wp-json\/wp\/v2\/comments?post=2414"}],"version-history":[{"count":0,"href":"https:\/\/www.vkpakmachine.com\/az\/wp-json\/wp\/v2\/pages\/2414\/revisions"}],"wp:attachment":[{"href":"https:\/\/www.vkpakmachine.com\/az\/wp-json\/wp\/v2\/media?parent=2414"}],"curies":[{"name":"wp","href":"https:\/\/api.w.org\/{rel}","templated":true}]}}