{"id":2379,"date":"2022-12-26T06:55:32","date_gmt":"2022-12-26T06:55:32","guid":{"rendered":"https:\/\/www.vkpakmachine.com\/?page_id=2379"},"modified":"2022-12-26T08:32:48","modified_gmt":"2022-12-26T08:32:48","slug":"about-us","status":"publish","type":"page","link":"https:\/\/www.vkpakmachine.com\/az\/about-us\/","title":{"rendered":"Bizim haqq\u0131m\u0131zda"},"content":{"rendered":"<p>VKPAK 2008-ci ild\u0259n \u00c7inin \u015eanxay \u015f\u0259h\u0259rind\u0259 yerl\u0259\u015f\u0259n qabla\u015fd\u0131rma ma\u015f\u0131n v\u0259 avadanl\u0131qlar\u0131n\u0131n pe\u015f\u0259kar istehsal\u00e7\u0131s\u0131 v\u0259 t\u0259chizat\u00e7\u0131s\u0131d\u0131r.<\/p>\n<p>VKPAK \u0259sas m\u0259hsullar\u0131 tam doldurma qabla\u015fd\u0131rma x\u0259tti \u00fc\u00e7\u00fcn \u015f\u00fc\u015f\u0259 paltaryuyan ma\u015f\u0131n, avtomatik \u015f\u00fc\u015f\u0259 doldurma ma\u015f\u0131n\u0131, qapaq ma\u015f\u0131n\u0131, etiketl\u0259m\u0259 ma\u015f\u0131n\u0131 v\u0259 s. Avadanl\u0131qlar\u0131m\u0131z \u0259cza\u00e7\u0131l\u0131q, qida, g\u00fcnd\u0259lik kimy\u0259vi madd\u0259l\u0259r, kosmetika s\u0259nayesi v\u0259 s.<\/p>\n<p>Qabaqc\u0131l idar\u0259etm\u0259 v\u0259 i\u015f\u00e7ilik \u0259sas\u0131nda, sifari\u015fl\u0259rinizi \u00e7ox s\u0259m\u0259r\u0259li \u015f\u0259kild\u0259 yerin\u0259 yetir\u0259 bilm\u0259miz \u00fc\u00e7\u00fcn m\u00fck\u0259mm\u0259l istehsal texnikl\u0259rimiz v\u0259 s\u0259m\u0259r\u0259li paylama komandam\u0131z, el\u0259c\u0259 d\u0259 yax\u015f\u0131 xidm\u0259t hey\u0259timiz var. Biz m\u0259hsullar\u0131m\u0131z\u0131n y\u00fcks\u0259k keyfiyy\u0259tin\u0259 g\u00fcv\u0259nirik v\u0259 eyni zamanda \u00e7ox r\u0259qab\u0259tli qiym\u0259tl\u0259r t\u0259klif ed\u0259 bil\u0259rik.<\/p>\n<p>Yax\u015f\u0131 kreditimiz v\u0259 xidm\u0259timiz say\u0259sind\u0259 biz \u00f6t\u0259n ill\u0259rd\u0259 b\u00f6y\u00fck nailiyy\u0259tl\u0259r \u0259ld\u0259 etmi\u015fik. Biz bir \u00e7ox m\u00fc\u015ft\u0259ril\u0259rl\u0259 uzunm\u00fcdd\u0259tli i\u015fg\u00fczar \u0259laq\u0259l\u0259r qurmu\u015fuq. M\u0259hsullar\u0131m\u0131z bir \u00e7ox \u00f6lk\u0259l\u0259r\u0259 v\u0259 b\u00f6lg\u0259l\u0259r\u0259 ixrac olunur. Ma\u015f\u0131n v\u0259 avadanl\u0131qlarla yana\u015f\u0131, biz h\u0259m\u00e7inin istehsal x\u0259tl\u0259ri, bir p\u0259nc\u0259r\u0259 qabla\u015fd\u0131rma qabla\u015fd\u0131rma h\u0259ll\u0259ri t\u0259qdim edirik. Biz b\u00fct\u00fcn d\u00fcnyada m\u00fc\u015ft\u0259ril\u0259rl\u0259 uzunm\u00fcdd\u0259tli v\u0259 firavan \u0259m\u0259kda\u015fl\u0131\u011fa \u00fcmid edirik.<\/p>\n<p><img loading=\"lazy\" decoding=\"async\" src=\"https:\/\/www.vkpakmachine.com\/wp-content\/uploads\/Factory-Show.jpg\" alt=\"Zavod-\u015eou\" width=\"1200\" height=\"565\" class=\"alignnone size-full wp-image-2380\" \/><\/p>","protected":false},"excerpt":{"rendered":"<p>VKPAK 2008-ci ild\u0259n \u00c7inin \u015eanxay \u015f\u0259h\u0259rind\u0259 yerl\u0259\u015f\u0259n qabla\u015fd\u0131rma ma\u015f\u0131nlar\u0131 v\u0259 avadanl\u0131qlar\u0131n\u0131n pe\u015f\u0259kar istehsal\u00e7\u0131s\u0131 v\u0259 t\u0259chizat\u00e7\u0131s\u0131d\u0131r. VKPAK \u0259sas m\u0259hsullar\u0131 tam doldurma qabla\u015fd\u0131rma x\u0259tti \u00fc\u00e7\u00fcn \u015f\u00fc\u015f\u0259 yuyan ma\u015f\u0131n, avtomatik \u015f\u00fc\u015f\u0259 doldurma ma\u015f\u0131n\u0131, qapaq ma\u015f\u0131n\u0131, etiketl\u0259m\u0259 ma\u015f\u0131n\u0131 v\u0259 s.&nbsp;<a href=\"https:\/\/www.vkpakmachine.com\/az\/about-us\/\" class=\"more-link\">Daha \u00e7ox oxu<\/a><\/p>","protected":false},"author":1,"featured_media":2441,"parent":0,"menu_order":0,"comment_status":"closed","ping_status":"closed","template":"","meta":{"footnotes":""},"yoast_head":"<!-- This site is optimized with the Yoast SEO plugin v22.5 - https:\/\/yoast.com\/wordpress\/plugins\/seo\/ -->\n<title>About Us - VKPAK<\/title>\n<meta name=\"robots\" content=\"index, follow, max-snippet:-1, max-image-preview:large, max-video-preview:-1\" \/>\n<link rel=\"canonical\" href=\"https:\/\/www.vkpakmachine.com\/az\/about-us\/\" \/>\n<script type=\"application\/ld+json\" class=\"yoast-schema-graph\">{\"@context\":\"https:\/\/schema.org\",\"@graph\":[{\"@type\":\"WebPage\",\"@id\":\"https:\/\/www.vkpakmachine.com\/lt\/about-us\/\",\"url\":\"https:\/\/www.vkpakmachine.com\/lt\/about-us\/\",\"name\":\"About Us - VKPAK\",\"isPartOf\":{\"@id\":\"https:\/\/www.vkpakmachine.com\/lv\/#website\"},\"primaryImageOfPage\":{\"@id\":\"https:\/\/www.vkpakmachine.com\/lt\/about-us\/#primaryimage\"},\"image\":{\"@id\":\"https:\/\/www.vkpakmachine.com\/lt\/about-us\/#primaryimage\"},\"thumbnailUrl\":\"https:\/\/www.vkpakmachine.com\/wp-content\/uploads\/About-Us.jpg\",\"datePublished\":\"2022-12-26T06:55:32+00:00\",\"dateModified\":\"2022-12-26T08:32:48+00:00\",\"breadcrumb\":{\"@id\":\"https:\/\/www.vkpakmachine.com\/lt\/about-us\/#breadcrumb\"},\"inLanguage\":\"az\",\"potentialAction\":[{\"@type\":\"ReadAction\",\"target\":[\"https:\/\/www.vkpakmachine.com\/lt\/about-us\/\"]}]},{\"@type\":\"ImageObject\",\"inLanguage\":\"az\",\"@id\":\"https:\/\/www.vkpakmachine.com\/lt\/about-us\/#primaryimage\",\"url\":\"https:\/\/www.vkpakmachine.com\/wp-content\/uploads\/About-Us.jpg\",\"contentUrl\":\"https:\/\/www.vkpakmachine.com\/wp-content\/uploads\/About-Us.jpg\",\"width\":600,\"height\":341,\"caption\":\"About-Us\"},{\"@type\":\"BreadcrumbList\",\"@id\":\"https:\/\/www.vkpakmachine.com\/lt\/about-us\/#breadcrumb\",\"itemListElement\":[{\"@type\":\"ListItem\",\"position\":1,\"name\":\"Home\",\"item\":\"https:\/\/www.vkpakmachine.com\/lv\/\"},{\"@type\":\"ListItem\",\"position\":2,\"name\":\"About Us\"}]},{\"@type\":\"WebSite\",\"@id\":\"https:\/\/www.vkpakmachine.com\/lv\/#website\",\"url\":\"https:\/\/www.vkpakmachine.com\/lv\/\",\"name\":\"VKPAK\",\"description\":\"\",\"publisher\":{\"@id\":\"https:\/\/www.vkpakmachine.com\/lv\/#organization\"},\"potentialAction\":[{\"@type\":\"SearchAction\",\"target\":{\"@type\":\"EntryPoint\",\"urlTemplate\":\"https:\/\/www.vkpakmachine.com\/lv\/?s={search_term_string}\"},\"query-input\":\"required name=search_term_string\"}],\"inLanguage\":\"az\"},{\"@type\":\"Organization\",\"@id\":\"https:\/\/www.vkpakmachine.com\/lv\/#organization\",\"name\":\"VKPAK\",\"url\":\"https:\/\/www.vkpakmachine.com\/lv\/\",\"logo\":{\"@type\":\"ImageObject\",\"inLanguage\":\"az\",\"@id\":\"https:\/\/www.vkpakmachine.com\/lv\/#\/schema\/logo\/image\/\",\"url\":\"https:\/\/www.vkpakmachine.com\/wp-content\/uploads\/Logo.png\",\"contentUrl\":\"https:\/\/www.vkpakmachine.com\/wp-content\/uploads\/Logo.png\",\"width\":300,\"height\":57,\"caption\":\"VKPAK\"},\"image\":{\"@id\":\"https:\/\/www.vkpakmachine.com\/lv\/#\/schema\/logo\/image\/\"}}]}<\/script>\n<!-- \/ Yoast SEO plugin. -->","yoast_head_json":{"title":"About Us - VKPAK","robots":{"index":"index","follow":"follow","max-snippet":"max-snippet:-1","max-image-preview":"max-image-preview:large","max-video-preview":"max-video-preview:-1"},"canonical":"https:\/\/www.vkpakmachine.com\/az\/about-us\/","schema":{"@context":"https:\/\/schema.org","@graph":[{"@type":"WebPage","@id":"https:\/\/www.vkpakmachine.com\/lt\/about-us\/","url":"https:\/\/www.vkpakmachine.com\/lt\/about-us\/","name":"About Us - VKPAK","isPartOf":{"@id":"https:\/\/www.vkpakmachine.com\/lv\/#website"},"primaryImageOfPage":{"@id":"https:\/\/www.vkpakmachine.com\/lt\/about-us\/#primaryimage"},"image":{"@id":"https:\/\/www.vkpakmachine.com\/lt\/about-us\/#primaryimage"},"thumbnailUrl":"https:\/\/www.vkpakmachine.com\/wp-content\/uploads\/About-Us.jpg","datePublished":"2022-12-26T06:55:32+00:00","dateModified":"2022-12-26T08:32:48+00:00","breadcrumb":{"@id":"https:\/\/www.vkpakmachine.com\/lt\/about-us\/#breadcrumb"},"inLanguage":"az","potentialAction":[{"@type":"ReadAction","target":["https:\/\/www.vkpakmachine.com\/lt\/about-us\/"]}]},{"@type":"ImageObject","inLanguage":"az","@id":"https:\/\/www.vkpakmachine.com\/lt\/about-us\/#primaryimage","url":"https:\/\/www.vkpakmachine.com\/wp-content\/uploads\/About-Us.jpg","contentUrl":"https:\/\/www.vkpakmachine.com\/wp-content\/uploads\/About-Us.jpg","width":600,"height":341,"caption":"About-Us"},{"@type":"BreadcrumbList","@id":"https:\/\/www.vkpakmachine.com\/lt\/about-us\/#breadcrumb","itemListElement":[{"@type":"ListItem","position":1,"name":"Home","item":"https:\/\/www.vkpakmachine.com\/lv\/"},{"@type":"ListItem","position":2,"name":"About Us"}]},{"@type":"WebSite","@id":"https:\/\/www.vkpakmachine.com\/lv\/#website","url":"https:\/\/www.vkpakmachine.com\/lv\/","name":"VKPAK","description":"","publisher":{"@id":"https:\/\/www.vkpakmachine.com\/lv\/#organization"},"potentialAction":[{"@type":"SearchAction","target":{"@type":"EntryPoint","urlTemplate":"https:\/\/www.vkpakmachine.com\/lv\/?s={search_term_string}"},"query-input":"required name=search_term_string"}],"inLanguage":"az"},{"@type":"Organization","@id":"https:\/\/www.vkpakmachine.com\/lv\/#organization","name":"VKPAK","url":"https:\/\/www.vkpakmachine.com\/lv\/","logo":{"@type":"ImageObject","inLanguage":"az","@id":"https:\/\/www.vkpakmachine.com\/lv\/#\/schema\/logo\/image\/","url":"https:\/\/www.vkpakmachine.com\/wp-content\/uploads\/Logo.png","contentUrl":"https:\/\/www.vkpakmachine.com\/wp-content\/uploads\/Logo.png","width":300,"height":57,"caption":"VKPAK"},"image":{"@id":"https:\/\/www.vkpakmachine.com\/lv\/#\/schema\/logo\/image\/"}}]}},"_links":{"self":[{"href":"https:\/\/www.vkpakmachine.com\/az\/wp-json\/wp\/v2\/pages\/2379"}],"collection":[{"href":"https:\/\/www.vkpakmachine.com\/az\/wp-json\/wp\/v2\/pages"}],"about":[{"href":"https:\/\/www.vkpakmachine.com\/az\/wp-json\/wp\/v2\/types\/page"}],"author":[{"embeddable":true,"href":"https:\/\/www.vkpakmachine.com\/az\/wp-json\/wp\/v2\/users\/1"}],"replies":[{"embeddable":true,"href":"https:\/\/www.vkpakmachine.com\/az\/wp-json\/wp\/v2\/comments?post=2379"}],"version-history":[{"count":0,"href":"https:\/\/www.vkpakmachine.com\/az\/wp-json\/wp\/v2\/pages\/2379\/revisions"}],"wp:featuredmedia":[{"embeddable":true,"href":"https:\/\/www.vkpakmachine.com\/az\/wp-json\/wp\/v2\/media\/2441"}],"wp:attachment":[{"href":"https:\/\/www.vkpakmachine.com\/az\/wp-json\/wp\/v2\/media?parent=2379"}],"curies":[{"name":"wp","href":"https:\/\/api.w.org\/{rel}","templated":true}]}}